{"id":13967,"date":"2022-05-09T16:49:41","date_gmt":"2022-05-09T16:49:41","guid":{"rendered":"https:\/\/nordic-evolution.com\/?page_id=13967"},"modified":"2025-10-17T19:26:34","modified_gmt":"2025-10-17T19:26:34","slug":"ostgota-cassette-magazine-may-2022","status":"publish","type":"page","link":"https:\/\/nordic-evolution.com\/es\/ostgota-cassette-magazine-may-2022\/","title":{"rendered":"Revista de casetes \u00d6stg\u00f6ta mayo de 2022"},"content":{"rendered":"<div data-elementor-type=\"wp-page\" data-elementor-id=\"13967\" class=\"elementor elementor-13967\" data-elementor-post-type=\"page\">\n\t\t\t\t\t\t<section class=\"elementor-section elementor-top-section elementor-element elementor-element-5e5c092 elementor-section-boxed elementor-section-height-default elementor-section-height-default\" data-id=\"5e5c092\" data-element_type=\"section\" data-e-type=\"section\" data-settings=\"{&quot;background_background&quot;:&quot;classic&quot;}\">\n\t\t\t\t\t\t\t<div class=\"elementor-background-overlay\"><\/div>\n\t\t\t\t\t\t\t<div class=\"elementor-container elementor-column-gap-default\">\n\t\t\t\t\t<div class=\"elementor-column elementor-col-100 elementor-top-column elementor-element elementor-element-423575f\" data-id=\"423575f\" data-element_type=\"column\" data-e-type=\"column\">\n\t\t\t<div class=\"elementor-widget-wrap elementor-element-populated\">\n\t\t\t\t\t\t<div class=\"elementor-element elementor-element-f12799d elementor-widget elementor-widget-heading\" data-id=\"f12799d\" data-element_type=\"widget\" data-e-type=\"widget\" data-widget_type=\"heading.default\">\n\t\t\t\t<div class=\"elementor-widget-container\">\n\t\t\t\t\t<h1 class=\"elementor-heading-title elementor-size-default\">Revista de casetes \u00d6stg\u00f6ta<\/h1>\t\t\t\t<\/div>\n\t\t\t\t<\/div>\n\t\t\t\t<div class=\"elementor-element elementor-element-e1ea86a elementor-widget elementor-widget-heading\" data-id=\"e1ea86a\" data-element_type=\"widget\" data-e-type=\"widget\" data-widget_type=\"heading.default\">\n\t\t\t\t<div class=\"elementor-widget-container\">\n\t\t\t\t\t<h2 class=\"elementor-heading-title elementor-size-default\">Entrevista en sueco sobre la gu\u00eda digital en una pista de atletismo.<\/h2>\t\t\t\t<\/div>\n\t\t\t\t<\/div>\n\t\t\t\t<div class=\"elementor-element elementor-element-1c0032b elementor-widget elementor-widget-heading\" data-id=\"1c0032b\" data-element_type=\"widget\" data-e-type=\"widget\" data-widget_type=\"heading.default\">\n\t\t\t\t<div class=\"elementor-widget-container\">\n\t\t\t\t\t<h3 class=\"elementor-heading-title elementor-size-default\">Mayo de 2022<\/h3>\t\t\t\t<\/div>\n\t\t\t\t<\/div>\n\t\t\t\t\t<\/div>\n\t\t<\/div>\n\t\t\t\t\t<\/div>\n\t\t<\/section>\n\t\t\t\t<section class=\"elementor-section elementor-top-section elementor-element elementor-element-453590b9 elementor-section-boxed elementor-section-height-default elementor-section-height-default\" data-id=\"453590b9\" data-element_type=\"section\" data-e-type=\"section\">\n\t\t\t\t\t\t<div class=\"elementor-container elementor-column-gap-default\">\n\t\t\t\t\t<div class=\"elementor-column elementor-col-50 elementor-top-column elementor-element elementor-element-3b7ced59\" data-id=\"3b7ced59\" data-element_type=\"column\" data-e-type=\"column\">\n\t\t\t<div class=\"elementor-widget-wrap elementor-element-populated\">\n\t\t\t\t\t\t<div class=\"elementor-element elementor-element-1a9f46ac elementor-widget elementor-widget-text-editor\" data-id=\"1a9f46ac\" data-element_type=\"widget\" data-e-type=\"widget\" data-widget_type=\"text-editor.default\">\n\t\t\t\t<div class=\"elementor-widget-container\">\n\t\t\t\t\t\t\t\t\t<p>Escuche esta entrevista con nuestro fundador Olle Axelsson y el atleta ciego Johan Pettersson, quien prueba nuestro sistema de gu\u00eda digital en una pista de carreras.<\/p>\t\t\t\t\t\t\t\t<\/div>\n\t\t\t\t<\/div>\n\t\t\t\t<div class=\"elementor-element elementor-element-e474932 elementor-widget elementor-widget-html\" data-id=\"e474932\" data-element_type=\"widget\" data-e-type=\"widget\" data-widget_type=\"html.default\">\n\t\t\t\t<div class=\"elementor-widget-container\">\n\t\t\t\t\t<audio controls>\r\n        <source src=\"https:\/\/nordic-evolution.com\/wp-content\/uploads\/2022\/05\/Ostgota-taltidning.wav\" type=\"audio\/wav\">\r\n    <\/audio>\t\t\t\t<\/div>\n\t\t\t\t<\/div>\n\t\t\t\t\t<\/div>\n\t\t<\/div>\n\t\t\t\t<div class=\"elementor-column elementor-col-50 elementor-top-column elementor-element elementor-element-45aee23a\" data-id=\"45aee23a\" data-element_type=\"column\" data-e-type=\"column\">\n\t\t\t<div class=\"elementor-widget-wrap\">\n\t\t\t\t\t\t\t<\/div>\n\t\t<\/div>\n\t\t\t\t\t<\/div>\n\t\t<\/section>\n\t\t\t\t<section class=\"elementor-section elementor-top-section elementor-element elementor-element-d84397 elementor-section-boxed elementor-section-height-default elementor-section-height-default\" data-id=\"d84397\" data-element_type=\"section\" data-e-type=\"section\">\n\t\t\t\t\t\t<div class=\"elementor-container elementor-column-gap-default\">\n\t\t\t\t\t<div class=\"elementor-column elementor-col-33 elementor-top-column elementor-element elementor-element-228ad1ea\" data-id=\"228ad1ea\" data-element_type=\"column\" data-e-type=\"column\">\n\t\t\t<div class=\"elementor-widget-wrap elementor-element-populated\">\n\t\t\t\t\t\t<div class=\"elementor-element elementor-element-52eaa245 elementor-widget elementor-widget-image\" data-id=\"52eaa245\" data-element_type=\"widget\" data-e-type=\"widget\" data-widget_type=\"image.default\">\n\t\t\t\t<div class=\"elementor-widget-container\">\n\t\t\t\t\t\t\t\t\t\t\t\t\t\t\t<img fetchpriority=\"high\" decoding=\"async\" width=\"600\" height=\"800\" src=\"https:\/\/nordic-evolution.com\/wp-content\/uploads\/2022\/05\/Horlurar-till-digital-ledsagare-for-blinda.jpg\" class=\"attachment-full size-full wp-image-13982\" alt=\"Den blinde motion\u00e4ren Johan Pettersson testade digital ledsagning genom Nordic Evolutions GPS-baserade digitala ledsagare.\" srcset=\"https:\/\/nordic-evolution.com\/wp-content\/uploads\/2022\/05\/Horlurar-till-digital-ledsagare-for-blinda.jpg 600w, https:\/\/nordic-evolution.com\/wp-content\/uploads\/2022\/05\/Horlurar-till-digital-ledsagare-for-blinda-225x300.jpg 225w\" sizes=\"(max-width: 600px) 100vw, 600px\" \/>\t\t\t\t\t\t\t\t\t\t\t\t\t\t\t<\/div>\n\t\t\t\t<\/div>\n\t\t\t\t\t<\/div>\n\t\t<\/div>\n\t\t\t\t<div class=\"elementor-column elementor-col-33 elementor-top-column elementor-element elementor-element-a963b1e\" data-id=\"a963b1e\" data-element_type=\"column\" data-e-type=\"column\">\n\t\t\t<div class=\"elementor-widget-wrap elementor-element-populated\">\n\t\t\t\t\t\t<div class=\"elementor-element elementor-element-75045ab1 elementor-widget elementor-widget-image\" data-id=\"75045ab1\" data-element_type=\"widget\" data-e-type=\"widget\" data-widget_type=\"image.default\">\n\t\t\t\t<div class=\"elementor-widget-container\">\n\t\t\t\t\t\t\t\t\t\t\t\t\t\t\t<img decoding=\"async\" width=\"600\" height=\"800\" data-src=\"https:\/\/nordic-evolution.com\/wp-content\/uploads\/Visually-impaired-runner-on-a-sports-arena-with-digital-guide-systems.jpg\" class=\"attachment-full size-full wp-image-17316 lazyload\" alt=\"\" data-srcset=\"https:\/\/nordic-evolution.com\/wp-content\/uploads\/Visually-impaired-runner-on-a-sports-arena-with-digital-guide-systems.jpg 600w, https:\/\/nordic-evolution.com\/wp-content\/uploads\/Visually-impaired-runner-on-a-sports-arena-with-digital-guide-systems-225x300.jpg 225w, https:\/\/nordic-evolution.com\/wp-content\/uploads\/Visually-impaired-runner-on-a-sports-arena-with-digital-guide-systems-9x12.jpg 9w\" data-sizes=\"(max-width: 600px) 100vw, 600px\" src=\"data:image\/svg+xml;base64,PHN2ZyB3aWR0aD0iMSIgaGVpZ2h0PSIxIiB4bWxucz0iaHR0cDovL3d3dy53My5vcmcvMjAwMC9zdmciPjwvc3ZnPg==\" style=\"--smush-placeholder-width: 600px; --smush-placeholder-aspect-ratio: 600\/800;\" \/>\t\t\t\t\t\t\t\t\t\t\t\t\t\t\t<\/div>\n\t\t\t\t<\/div>\n\t\t\t\t\t<\/div>\n\t\t<\/div>\n\t\t\t\t<div class=\"elementor-column elementor-col-33 elementor-top-column elementor-element elementor-element-46834eeb\" data-id=\"46834eeb\" data-element_type=\"column\" data-e-type=\"column\">\n\t\t\t<div class=\"elementor-widget-wrap elementor-element-populated\">\n\t\t\t\t\t\t<div class=\"elementor-element elementor-element-627e1606 elementor-widget elementor-widget-image\" data-id=\"627e1606\" data-element_type=\"widget\" data-e-type=\"widget\" data-widget_type=\"image.default\">\n\t\t\t\t<div class=\"elementor-widget-container\">\n\t\t\t\t\t\t\t\t\t\t\t\t\t\t\t<img decoding=\"async\" width=\"600\" height=\"800\" data-src=\"https:\/\/nordic-evolution.com\/wp-content\/uploads\/2022\/05\/Digital-ledsagare-for-blinda-eller-idrottare-med-synnedsattning.jpg\" class=\"attachment-full size-full wp-image-13980 lazyload\" alt=\"Nordic Evolutions GPS-baserade digitala ledsagare med h\u00f6rlurar f\u00f6r blinda motion\u00e4rer.\" data-srcset=\"https:\/\/nordic-evolution.com\/wp-content\/uploads\/2022\/05\/Digital-ledsagare-for-blinda-eller-idrottare-med-synnedsattning.jpg 600w, https:\/\/nordic-evolution.com\/wp-content\/uploads\/2022\/05\/Digital-ledsagare-for-blinda-eller-idrottare-med-synnedsattning-225x300.jpg 225w\" data-sizes=\"(max-width: 600px) 100vw, 600px\" src=\"data:image\/svg+xml;base64,PHN2ZyB3aWR0aD0iMSIgaGVpZ2h0PSIxIiB4bWxucz0iaHR0cDovL3d3dy53My5vcmcvMjAwMC9zdmciPjwvc3ZnPg==\" style=\"--smush-placeholder-width: 600px; --smush-placeholder-aspect-ratio: 600\/800;\" \/>\t\t\t\t\t\t\t\t\t\t\t\t\t\t\t<\/div>\n\t\t\t\t<\/div>\n\t\t\t\t\t<\/div>\n\t\t<\/div>\n\t\t\t\t\t<\/div>\n\t\t<\/section>\n\t\t\t\t<\/div>","protected":false},"excerpt":{"rendered":"<p>Revista cassette \u00d6stg\u00f6ta Entrevista en sueco sobre la gu\u00eda digital en una pista de carreras Mayo 2022 Escuche esta entrevista con nuestro fundador Olle Axelsson y el atleta ciego Johan Pettersson, quien prueba nuestro sistema de gu\u00eda digital en una pista de carreras.<\/p>","protected":false},"author":1,"featured_media":0,"parent":0,"menu_order":0,"comment_status":"closed","ping_status":"closed","template":"","meta":{"footnotes":""},"class_list":["post-13967","page","type-page","status-publish","hentry"],"yoast_head":"<!-- This site is optimized with the Yoast SEO plugin v27.4 - https:\/\/yoast.com\/product\/yoast-seo-wordpress\/ -->\n<title>\u00d6stg\u00f6ta cassette magazine May 2022<\/title>\n<meta name=\"description\" content=\"Interview in Swedish with blind athlete Johan Pettersson, who tested digital guidance through Nordic Evolution&#039;s GPS-based system.\" \/>\n<meta name=\"robots\" content=\"index, follow, max-snippet:-1, max-image-preview:large, max-video-preview:-1\" \/>\n<link rel=\"canonical\" href=\"https:\/\/nordic-evolution.com\/es\/ostgota-cassette-magazine-may-2022\/\" \/>\n<meta property=\"og:locale\" content=\"es_ES\" \/>\n<meta property=\"og:type\" content=\"article\" \/>\n<meta property=\"og:title\" content=\"\u00d6stg\u00f6ta cassette magazine May 2022\" \/>\n<meta property=\"og:description\" content=\"Interview in Swedish with blind athlete Johan Pettersson, who tested digital guidance through Nordic Evolution&#039;s GPS-based system.\" \/>\n<meta property=\"og:url\" content=\"https:\/\/nordic-evolution.com\/es\/ostgota-cassette-magazine-may-2022\/\" \/>\n<meta property=\"og:site_name\" content=\"Nordic Evolution - Digital guide systems\" \/>\n<meta property=\"article:publisher\" content=\"https:\/\/www.facebook.com\/NordicEvolution\" \/>\n<meta property=\"article:modified_time\" content=\"2025-10-17T19:26:34+00:00\" \/>\n<meta property=\"og:image\" content=\"https:\/\/nordic-evolution.com\/wp-content\/uploads\/2022\/05\/Horlurar-till-digital-ledsagare-for-blinda.jpg\" \/>\n\t<meta property=\"og:image:width\" content=\"600\" \/>\n\t<meta property=\"og:image:height\" content=\"800\" \/>\n\t<meta property=\"og:image:type\" content=\"image\/jpeg\" \/>\n<meta name=\"twitter:card\" content=\"summary_large_image\" \/>\n<meta name=\"twitter:label1\" content=\"Tiempo de lectura\" \/>\n\t<meta name=\"twitter:data1\" content=\"1 minuto\" \/>\n<script type=\"application\/ld+json\" class=\"yoast-schema-graph\">{\"@context\":\"https:\\\/\\\/schema.org\",\"@graph\":[{\"@type\":\"WebPage\",\"@id\":\"https:\\\/\\\/nordic-evolution.com\\\/ostgota-cassette-magazine-may-2022\\\/\",\"url\":\"https:\\\/\\\/nordic-evolution.com\\\/ostgota-cassette-magazine-may-2022\\\/\",\"name\":\"\u00d6stg\u00f6ta cassette magazine May 2022\",\"isPartOf\":{\"@id\":\"https:\\\/\\\/nordic-evolution.com\\\/#website\"},\"primaryImageOfPage\":{\"@id\":\"https:\\\/\\\/nordic-evolution.com\\\/ostgota-cassette-magazine-may-2022\\\/#primaryimage\"},\"image\":{\"@id\":\"https:\\\/\\\/nordic-evolution.com\\\/ostgota-cassette-magazine-may-2022\\\/#primaryimage\"},\"thumbnailUrl\":\"https:\\\/\\\/nordic-evolution.com\\\/wp-content\\\/uploads\\\/2022\\\/05\\\/Horlurar-till-digital-ledsagare-for-blinda.jpg\",\"datePublished\":\"2022-05-09T16:49:41+00:00\",\"dateModified\":\"2025-10-17T19:26:34+00:00\",\"description\":\"Interview in Swedish with blind athlete Johan Pettersson, who tested digital guidance through Nordic Evolution's GPS-based system.\",\"breadcrumb\":{\"@id\":\"https:\\\/\\\/nordic-evolution.com\\\/ostgota-cassette-magazine-may-2022\\\/#breadcrumb\"},\"inLanguage\":\"es\",\"potentialAction\":[{\"@type\":\"ReadAction\",\"target\":[\"https:\\\/\\\/nordic-evolution.com\\\/ostgota-cassette-magazine-may-2022\\\/\"]}]},{\"@type\":\"ImageObject\",\"inLanguage\":\"es\",\"@id\":\"https:\\\/\\\/nordic-evolution.com\\\/ostgota-cassette-magazine-may-2022\\\/#primaryimage\",\"url\":\"https:\\\/\\\/nordic-evolution.com\\\/wp-content\\\/uploads\\\/2022\\\/05\\\/Horlurar-till-digital-ledsagare-for-blinda.jpg\",\"contentUrl\":\"https:\\\/\\\/nordic-evolution.com\\\/wp-content\\\/uploads\\\/2022\\\/05\\\/Horlurar-till-digital-ledsagare-for-blinda.jpg\"},{\"@type\":\"BreadcrumbList\",\"@id\":\"https:\\\/\\\/nordic-evolution.com\\\/ostgota-cassette-magazine-may-2022\\\/#breadcrumb\",\"itemListElement\":[{\"@type\":\"ListItem\",\"position\":1,\"name\":\"Home\",\"item\":\"https:\\\/\\\/nordic-evolution.com\\\/\"},{\"@type\":\"ListItem\",\"position\":2,\"name\":\"\u00d6stg\u00f6ta cassette magazine May 2022\"}]},{\"@type\":\"WebSite\",\"@id\":\"https:\\\/\\\/nordic-evolution.com\\\/#website\",\"url\":\"https:\\\/\\\/nordic-evolution.com\\\/\",\"name\":\"Audio guidance systems for visually impaired athletes\",\"description\":\"Digital guide systems for visually impaired athletes\",\"publisher\":{\"@id\":\"https:\\\/\\\/nordic-evolution.com\\\/#organization\"},\"alternateName\":\"Nordic Evolution\",\"potentialAction\":[{\"@type\":\"SearchAction\",\"target\":{\"@type\":\"EntryPoint\",\"urlTemplate\":\"https:\\\/\\\/nordic-evolution.com\\\/?s={search_term_string}\"},\"query-input\":{\"@type\":\"PropertyValueSpecification\",\"valueRequired\":true,\"valueName\":\"search_term_string\"}}],\"inLanguage\":\"es\"},{\"@type\":\"Organization\",\"@id\":\"https:\\\/\\\/nordic-evolution.com\\\/#organization\",\"name\":\"Nordic Evolution\",\"url\":\"https:\\\/\\\/nordic-evolution.com\\\/\",\"logo\":{\"@type\":\"ImageObject\",\"inLanguage\":\"es\",\"@id\":\"https:\\\/\\\/nordic-evolution.com\\\/#\\\/schema\\\/logo\\\/image\\\/\",\"url\":\"https:\\\/\\\/nordic-evolution.com\\\/wp-content\\\/uploads\\\/2022\\\/03\\\/Nordic-Evolution-logo-2-gray-background.png\",\"contentUrl\":\"https:\\\/\\\/nordic-evolution.com\\\/wp-content\\\/uploads\\\/2022\\\/03\\\/Nordic-Evolution-logo-2-gray-background.png\",\"width\":800,\"height\":800,\"caption\":\"Nordic Evolution\"},\"image\":{\"@id\":\"https:\\\/\\\/nordic-evolution.com\\\/#\\\/schema\\\/logo\\\/image\\\/\"},\"sameAs\":[\"https:\\\/\\\/www.facebook.com\\\/NordicEvolution\",\"https:\\\/\\\/www.instagram.com\\\/nordicevolution\\\/\",\"https:\\\/\\\/www.linkedin.com\\\/company\\\/nordic-evolution\\\/\"]}]}<\/script>\n<!-- \/ Yoast SEO plugin. -->","yoast_head_json":{"title":"Revista de casetes \u00d6stg\u00f6ta mayo de 2022","description":"Entrevista en sueco con el atleta ciego Johan Pettersson, quien prob\u00f3 la gu\u00eda digital a trav\u00e9s del sistema basado en GPS de Nordic Evolution.","robots":{"index":"index","follow":"follow","max-snippet":"max-snippet:-1","max-image-preview":"max-image-preview:large","max-video-preview":"max-video-preview:-1"},"canonical":"https:\/\/nordic-evolution.com\/es\/ostgota-cassette-magazine-may-2022\/","og_locale":"es_ES","og_type":"article","og_title":"\u00d6stg\u00f6ta cassette magazine May 2022","og_description":"Interview in Swedish with blind athlete Johan Pettersson, who tested digital guidance through Nordic Evolution's GPS-based system.","og_url":"https:\/\/nordic-evolution.com\/es\/ostgota-cassette-magazine-may-2022\/","og_site_name":"Nordic Evolution - Digital guide systems","article_publisher":"https:\/\/www.facebook.com\/NordicEvolution","article_modified_time":"2025-10-17T19:26:34+00:00","og_image":[{"width":600,"height":800,"url":"https:\/\/nordic-evolution.com\/wp-content\/uploads\/2022\/05\/Horlurar-till-digital-ledsagare-for-blinda.jpg","type":"image\/jpeg"}],"twitter_card":"summary_large_image","twitter_misc":{"Tiempo de lectura":"1 minuto"},"schema":{"@context":"https:\/\/schema.org","@graph":[{"@type":"WebPage","@id":"https:\/\/nordic-evolution.com\/ostgota-cassette-magazine-may-2022\/","url":"https:\/\/nordic-evolution.com\/ostgota-cassette-magazine-may-2022\/","name":"Revista de casetes \u00d6stg\u00f6ta mayo de 2022","isPartOf":{"@id":"https:\/\/nordic-evolution.com\/#website"},"primaryImageOfPage":{"@id":"https:\/\/nordic-evolution.com\/ostgota-cassette-magazine-may-2022\/#primaryimage"},"image":{"@id":"https:\/\/nordic-evolution.com\/ostgota-cassette-magazine-may-2022\/#primaryimage"},"thumbnailUrl":"https:\/\/nordic-evolution.com\/wp-content\/uploads\/2022\/05\/Horlurar-till-digital-ledsagare-for-blinda.jpg","datePublished":"2022-05-09T16:49:41+00:00","dateModified":"2025-10-17T19:26:34+00:00","description":"Entrevista en sueco con el atleta ciego Johan Pettersson, quien prob\u00f3 la gu\u00eda digital a trav\u00e9s del sistema basado en GPS de Nordic Evolution.","breadcrumb":{"@id":"https:\/\/nordic-evolution.com\/ostgota-cassette-magazine-may-2022\/#breadcrumb"},"inLanguage":"es","potentialAction":[{"@type":"ReadAction","target":["https:\/\/nordic-evolution.com\/ostgota-cassette-magazine-may-2022\/"]}]},{"@type":"ImageObject","inLanguage":"es","@id":"https:\/\/nordic-evolution.com\/ostgota-cassette-magazine-may-2022\/#primaryimage","url":"https:\/\/nordic-evolution.com\/wp-content\/uploads\/2022\/05\/Horlurar-till-digital-ledsagare-for-blinda.jpg","contentUrl":"https:\/\/nordic-evolution.com\/wp-content\/uploads\/2022\/05\/Horlurar-till-digital-ledsagare-for-blinda.jpg"},{"@type":"BreadcrumbList","@id":"https:\/\/nordic-evolution.com\/ostgota-cassette-magazine-may-2022\/#breadcrumb","itemListElement":[{"@type":"ListItem","position":1,"name":"Home","item":"https:\/\/nordic-evolution.com\/"},{"@type":"ListItem","position":2,"name":"\u00d6stg\u00f6ta cassette magazine May 2022"}]},{"@type":"WebSite","@id":"https:\/\/nordic-evolution.com\/#website","url":"https:\/\/nordic-evolution.com\/","name":"Sistemas de audiogu\u00eda para deportistas con discapacidad visual","description":"Sistemas de gu\u00eda digital para deportistas con discapacidad visual","publisher":{"@id":"https:\/\/nordic-evolution.com\/#organization"},"alternateName":"Nordic Evolution","potentialAction":[{"@type":"SearchAction","target":{"@type":"EntryPoint","urlTemplate":"https:\/\/nordic-evolution.com\/?s={search_term_string}"},"query-input":{"@type":"PropertyValueSpecification","valueRequired":true,"valueName":"search_term_string"}}],"inLanguage":"es"},{"@type":"Organization","@id":"https:\/\/nordic-evolution.com\/#organization","name":"Evoluci\u00f3n n\u00f3rdica","url":"https:\/\/nordic-evolution.com\/","logo":{"@type":"ImageObject","inLanguage":"es","@id":"https:\/\/nordic-evolution.com\/#\/schema\/logo\/image\/","url":"https:\/\/nordic-evolution.com\/wp-content\/uploads\/2022\/03\/Nordic-Evolution-logo-2-gray-background.png","contentUrl":"https:\/\/nordic-evolution.com\/wp-content\/uploads\/2022\/03\/Nordic-Evolution-logo-2-gray-background.png","width":800,"height":800,"caption":"Nordic Evolution"},"image":{"@id":"https:\/\/nordic-evolution.com\/#\/schema\/logo\/image\/"},"sameAs":["https:\/\/www.facebook.com\/NordicEvolution","https:\/\/www.instagram.com\/nordicevolution\/","https:\/\/www.linkedin.com\/company\/nordic-evolution\/"]}]}},"_links":{"self":[{"href":"https:\/\/nordic-evolution.com\/es\/wp-json\/wp\/v2\/pages\/13967","targetHints":{"allow":["GET"]}}],"collection":[{"href":"https:\/\/nordic-evolution.com\/es\/wp-json\/wp\/v2\/pages"}],"about":[{"href":"https:\/\/nordic-evolution.com\/es\/wp-json\/wp\/v2\/types\/page"}],"author":[{"embeddable":true,"href":"https:\/\/nordic-evolution.com\/es\/wp-json\/wp\/v2\/users\/1"}],"replies":[{"embeddable":true,"href":"https:\/\/nordic-evolution.com\/es\/wp-json\/wp\/v2\/comments?post=13967"}],"version-history":[{"count":3,"href":"https:\/\/nordic-evolution.com\/es\/wp-json\/wp\/v2\/pages\/13967\/revisions"}],"predecessor-version":[{"id":17319,"href":"https:\/\/nordic-evolution.com\/es\/wp-json\/wp\/v2\/pages\/13967\/revisions\/17319"}],"wp:attachment":[{"href":"https:\/\/nordic-evolution.com\/es\/wp-json\/wp\/v2\/media?parent=13967"}],"curies":[{"name":"wp","href":"https:\/\/api.w.org\/{rel}","templated":true}]}}