{"id":15241,"date":"2022-12-07T20:38:05","date_gmt":"2022-12-07T20:38:05","guid":{"rendered":"https:\/\/nordic-evolution.com\/?page_id=15241"},"modified":"2025-06-05T19:50:03","modified_gmt":"2025-06-05T19:50:03","slug":"documents","status":"publish","type":"page","link":"https:\/\/nordic-evolution.com\/es\/documents\/","title":{"rendered":"Documentos"},"content":{"rendered":"<div data-elementor-type=\"wp-page\" data-elementor-id=\"15241\" class=\"elementor elementor-15241\" data-elementor-post-type=\"page\">\n\t\t\t\t\t\t<section class=\"elementor-section elementor-top-section elementor-element elementor-element-3b21aba elementor-section-boxed elementor-section-height-default elementor-section-height-default\" data-id=\"3b21aba\" data-element_type=\"section\" data-e-type=\"section\" data-settings=\"{&quot;background_background&quot;:&quot;classic&quot;}\">\n\t\t\t\t\t\t\t<div class=\"elementor-background-overlay\"><\/div>\n\t\t\t\t\t\t\t<div class=\"elementor-container elementor-column-gap-default\">\n\t\t\t\t\t<div class=\"elementor-column elementor-col-100 elementor-top-column elementor-element elementor-element-36b8db6\" data-id=\"36b8db6\" data-element_type=\"column\" data-e-type=\"column\">\n\t\t\t<div class=\"elementor-widget-wrap elementor-element-populated\">\n\t\t\t\t\t\t<div class=\"elementor-element elementor-element-b34e197 elementor-widget elementor-widget-heading\" data-id=\"b34e197\" data-element_type=\"widget\" data-e-type=\"widget\" data-widget_type=\"heading.default\">\n\t\t\t\t<div class=\"elementor-widget-container\">\n\t\t\t\t\t<h1 class=\"elementor-heading-title elementor-size-default\">Documentos<\/h1>\t\t\t\t<\/div>\n\t\t\t\t<\/div>\n\t\t\t\t<div class=\"elementor-element elementor-element-6038268 elementor-widget elementor-widget-heading\" data-id=\"6038268\" data-element_type=\"widget\" data-e-type=\"widget\" data-widget_type=\"heading.default\">\n\t\t\t\t<div class=\"elementor-widget-container\">\n\t\t\t\t\t<h2 class=\"elementor-heading-title elementor-size-default\">Acerca de nuestro sistema de gu\u00eda digital<\/h2>\t\t\t\t<\/div>\n\t\t\t\t<\/div>\n\t\t\t\t\t<\/div>\n\t\t<\/div>\n\t\t\t\t\t<\/div>\n\t\t<\/section>\n\t\t\t\t<section class=\"elementor-section elementor-top-section elementor-element elementor-element-ca216d9 elementor-section-boxed elementor-section-height-default elementor-section-height-default\" data-id=\"ca216d9\" data-element_type=\"section\" data-e-type=\"section\" data-settings=\"{&quot;background_background&quot;:&quot;classic&quot;}\">\n\t\t\t\t\t\t<div class=\"elementor-container elementor-column-gap-default\">\n\t\t\t\t\t<div class=\"elementor-column elementor-col-50 elementor-top-column elementor-element elementor-element-89c54f0\" data-id=\"89c54f0\" data-element_type=\"column\" data-e-type=\"column\">\n\t\t\t<div class=\"elementor-widget-wrap elementor-element-populated\">\n\t\t\t\t\t\t<div class=\"elementor-element elementor-element-c2c75e9 elementor-align-center elementor-widget elementor-widget-button\" data-id=\"c2c75e9\" data-element_type=\"widget\" data-e-type=\"widget\" data-widget_type=\"button.default\">\n\t\t\t\t<div class=\"elementor-widget-container\">\n\t\t\t\t\t\t\t\t\t<div class=\"elementor-button-wrapper\">\n\t\t\t\t\t<a class=\"elementor-button elementor-button-link elementor-size-sm\" href=\"https:\/\/nordic-evolution.com\/wp-content\/uploads\/Nordic-Evolution-Digital-guide-Product-sheet-Spanish.pdf\" target=\"_blank\">\n\t\t\t\t\t\t<span class=\"elementor-button-content-wrapper\">\n\t\t\t\t\t\t\t\t\t<span class=\"elementor-button-text\">Ficha de producto (PDF)<\/span>\n\t\t\t\t\t<\/span>\n\t\t\t\t\t<\/a>\n\t\t\t\t<\/div>\n\t\t\t\t\t\t\t\t<\/div>\n\t\t\t\t<\/div>\n\t\t\t\t<div class=\"elementor-element elementor-element-5dc004e elementor-align-center elementor-widget elementor-widget-button\" data-id=\"5dc004e\" data-element_type=\"widget\" data-e-type=\"widget\" data-widget_type=\"button.default\">\n\t\t\t\t<div class=\"elementor-widget-container\">\n\t\t\t\t\t\t\t\t\t<div class=\"elementor-button-wrapper\">\n\t\t\t\t\t<a class=\"elementor-button elementor-button-link elementor-size-sm\" href=\"https:\/\/nordic-evolution.com\/wp-content\/uploads\/Nordic-Evolution-Digital-guide-for-arena-sheet-Spanish.pdf\" target=\"_blank\">\n\t\t\t\t\t\t<span class=\"elementor-button-content-wrapper\">\n\t\t\t\t\t\t\t\t\t<span class=\"elementor-button-text\">Integraci\u00f3n para campos deportivos (PDF)<\/span>\n\t\t\t\t\t<\/span>\n\t\t\t\t\t<\/a>\n\t\t\t\t<\/div>\n\t\t\t\t\t\t\t\t<\/div>\n\t\t\t\t<\/div>\n\t\t\t\t<div class=\"elementor-element elementor-element-f37bc17 elementor-align-center elementor-widget elementor-widget-button\" data-id=\"f37bc17\" data-element_type=\"widget\" data-e-type=\"widget\" data-widget_type=\"button.default\">\n\t\t\t\t<div class=\"elementor-widget-container\">\n\t\t\t\t\t\t\t\t\t<div class=\"elementor-button-wrapper\">\n\t\t\t\t\t<a class=\"elementor-button elementor-button-link elementor-size-sm\" href=\"https:\/\/nordic-evolution.com\/wp-content\/uploads\/NE-try-out-poster-english-digital.pdf\" target=\"_blank\">\n\t\t\t\t\t\t<span class=\"elementor-button-content-wrapper\">\n\t\t\t\t\t\t\t\t\t<span class=\"elementor-button-text\">Afiche - \u00a1Pru\u00e9balo!<\/span>\n\t\t\t\t\t<\/span>\n\t\t\t\t\t<\/a>\n\t\t\t\t<\/div>\n\t\t\t\t\t\t\t\t<\/div>\n\t\t\t\t<\/div>\n\t\t\t\t\t<\/div>\n\t\t<\/div>\n\t\t\t\t<div class=\"elementor-column elementor-col-50 elementor-top-column elementor-element elementor-element-daf1a16\" data-id=\"daf1a16\" data-element_type=\"column\" data-e-type=\"column\">\n\t\t\t<div class=\"elementor-widget-wrap elementor-element-populated\">\n\t\t\t\t\t\t<div class=\"elementor-element elementor-element-3a3a3fe elementor-align-center elementor-widget elementor-widget-button\" data-id=\"3a3a3fe\" data-element_type=\"widget\" data-e-type=\"widget\" data-widget_type=\"button.default\">\n\t\t\t\t<div class=\"elementor-widget-container\">\n\t\t\t\t\t\t\t\t\t<div class=\"elementor-button-wrapper\">\n\t\t\t\t\t<a class=\"elementor-button elementor-button-link elementor-size-sm\" href=\"https:\/\/nordic-evolution.com\/wp-content\/uploads\/Nordic-Evolution-informacion-de-seguridad-y-del-producto.pdf\" target=\"_blank\">\n\t\t\t\t\t\t<span class=\"elementor-button-content-wrapper\">\n\t\t\t\t\t\t\t\t\t<span class=\"elementor-button-text\">Informaci\u00f3n de seguridad y del producto<\/span>\n\t\t\t\t\t<\/span>\n\t\t\t\t\t<\/a>\n\t\t\t\t<\/div>\n\t\t\t\t\t\t\t\t<\/div>\n\t\t\t\t<\/div>\n\t\t\t\t<div class=\"elementor-element elementor-element-37e86a0 elementor-align-center elementor-widget elementor-widget-button\" data-id=\"37e86a0\" data-element_type=\"widget\" data-e-type=\"widget\" data-widget_type=\"button.default\">\n\t\t\t\t<div class=\"elementor-widget-container\">\n\t\t\t\t\t\t\t\t\t<div class=\"elementor-button-wrapper\">\n\t\t\t\t\t<a class=\"elementor-button elementor-button-link elementor-size-sm\" href=\"https:\/\/nordic-evolution.com\/es\/privacy-policy\/\">\n\t\t\t\t\t\t<span class=\"elementor-button-content-wrapper\">\n\t\t\t\t\t\t\t\t\t<span class=\"elementor-button-text\">Pol\u00edtica de privacidad<\/span>\n\t\t\t\t\t<\/span>\n\t\t\t\t\t<\/a>\n\t\t\t\t<\/div>\n\t\t\t\t\t\t\t\t<\/div>\n\t\t\t\t<\/div>\n\t\t\t\t\t<\/div>\n\t\t<\/div>\n\t\t\t\t\t<\/div>\n\t\t<\/section>\n\t\t\t\t<\/div>","protected":false},"excerpt":{"rendered":"<p>Documentos sobre nuestro sistema de guiado digital Ficha de producto Integraci\u00f3n para campos deportivos P\u00f3ster: \u00a1Pru\u00e9balo! Informaci\u00f3n de seguridad y producto Pol\u00edtica de privacidad<\/p>","protected":false},"author":1,"featured_media":0,"parent":0,"menu_order":0,"comment_status":"closed","ping_status":"closed","template":"","meta":{"footnotes":""},"class_list":["post-15241","page","type-page","status-publish","hentry"],"yoast_head":"<!-- This site is optimized with the Yoast SEO plugin v27.4 - https:\/\/yoast.com\/product\/yoast-seo-wordpress\/ -->\n<title>Documents about our digital guidance system<\/title>\n<meta name=\"description\" content=\"Documents about our digital guidance system that enables visually impaired to move freely\" \/>\n<meta name=\"robots\" content=\"index, follow, max-snippet:-1, max-image-preview:large, max-video-preview:-1\" \/>\n<link rel=\"canonical\" href=\"https:\/\/nordic-evolution.com\/es\/documents\/\" \/>\n<meta property=\"og:locale\" content=\"es_ES\" \/>\n<meta property=\"og:type\" content=\"article\" \/>\n<meta property=\"og:title\" content=\"Documents about our digital guidance system\" \/>\n<meta property=\"og:description\" content=\"Documents about our digital guidance system that enables visually impaired to move freely\" \/>\n<meta property=\"og:url\" content=\"https:\/\/nordic-evolution.com\/es\/documents\/\" \/>\n<meta property=\"og:site_name\" content=\"Nordic Evolution - Digital guide systems\" \/>\n<meta property=\"article:publisher\" content=\"https:\/\/www.facebook.com\/NordicEvolution\" \/>\n<meta property=\"article:modified_time\" content=\"2025-06-05T19:50:03+00:00\" \/>\n<meta name=\"twitter:card\" content=\"summary_large_image\" \/>\n<meta name=\"twitter:label1\" content=\"Tiempo de lectura\" \/>\n\t<meta name=\"twitter:data1\" content=\"1 minuto\" \/>\n<script type=\"application\/ld+json\" class=\"yoast-schema-graph\">{\"@context\":\"https:\\\/\\\/schema.org\",\"@graph\":[{\"@type\":\"WebPage\",\"@id\":\"https:\\\/\\\/nordic-evolution.com\\\/documents\\\/\",\"url\":\"https:\\\/\\\/nordic-evolution.com\\\/documents\\\/\",\"name\":\"Documents about our digital guidance system\",\"isPartOf\":{\"@id\":\"https:\\\/\\\/nordic-evolution.com\\\/#website\"},\"datePublished\":\"2022-12-07T20:38:05+00:00\",\"dateModified\":\"2025-06-05T19:50:03+00:00\",\"description\":\"Documents about our digital guidance system that enables visually impaired to move freely\",\"breadcrumb\":{\"@id\":\"https:\\\/\\\/nordic-evolution.com\\\/documents\\\/#breadcrumb\"},\"inLanguage\":\"es\",\"potentialAction\":[{\"@type\":\"ReadAction\",\"target\":[\"https:\\\/\\\/nordic-evolution.com\\\/documents\\\/\"]}]},{\"@type\":\"BreadcrumbList\",\"@id\":\"https:\\\/\\\/nordic-evolution.com\\\/documents\\\/#breadcrumb\",\"itemListElement\":[{\"@type\":\"ListItem\",\"position\":1,\"name\":\"Home\",\"item\":\"https:\\\/\\\/nordic-evolution.com\\\/\"},{\"@type\":\"ListItem\",\"position\":2,\"name\":\"Documents\"}]},{\"@type\":\"WebSite\",\"@id\":\"https:\\\/\\\/nordic-evolution.com\\\/#website\",\"url\":\"https:\\\/\\\/nordic-evolution.com\\\/\",\"name\":\"Audio guidance systems for visually impaired athletes\",\"description\":\"Digital guide systems for visually impaired athletes\",\"publisher\":{\"@id\":\"https:\\\/\\\/nordic-evolution.com\\\/#organization\"},\"alternateName\":\"Nordic Evolution\",\"potentialAction\":[{\"@type\":\"SearchAction\",\"target\":{\"@type\":\"EntryPoint\",\"urlTemplate\":\"https:\\\/\\\/nordic-evolution.com\\\/?s={search_term_string}\"},\"query-input\":{\"@type\":\"PropertyValueSpecification\",\"valueRequired\":true,\"valueName\":\"search_term_string\"}}],\"inLanguage\":\"es\"},{\"@type\":\"Organization\",\"@id\":\"https:\\\/\\\/nordic-evolution.com\\\/#organization\",\"name\":\"Nordic Evolution\",\"url\":\"https:\\\/\\\/nordic-evolution.com\\\/\",\"logo\":{\"@type\":\"ImageObject\",\"inLanguage\":\"es\",\"@id\":\"https:\\\/\\\/nordic-evolution.com\\\/#\\\/schema\\\/logo\\\/image\\\/\",\"url\":\"https:\\\/\\\/nordic-evolution.com\\\/wp-content\\\/uploads\\\/2022\\\/03\\\/Nordic-Evolution-logo-2-gray-background.png\",\"contentUrl\":\"https:\\\/\\\/nordic-evolution.com\\\/wp-content\\\/uploads\\\/2022\\\/03\\\/Nordic-Evolution-logo-2-gray-background.png\",\"width\":800,\"height\":800,\"caption\":\"Nordic Evolution\"},\"image\":{\"@id\":\"https:\\\/\\\/nordic-evolution.com\\\/#\\\/schema\\\/logo\\\/image\\\/\"},\"sameAs\":[\"https:\\\/\\\/www.facebook.com\\\/NordicEvolution\",\"https:\\\/\\\/www.instagram.com\\\/nordicevolution\\\/\",\"https:\\\/\\\/www.linkedin.com\\\/company\\\/nordic-evolution\\\/\"]}]}<\/script>\n<!-- \/ Yoast SEO plugin. -->","yoast_head_json":{"title":"Documentos sobre nuestro sistema de gu\u00eda digital","description":"Documentos sobre nuestro sistema de gu\u00eda digital que permite a las personas con discapacidad visual moverse libremente","robots":{"index":"index","follow":"follow","max-snippet":"max-snippet:-1","max-image-preview":"max-image-preview:large","max-video-preview":"max-video-preview:-1"},"canonical":"https:\/\/nordic-evolution.com\/es\/documents\/","og_locale":"es_ES","og_type":"article","og_title":"Documents about our digital guidance system","og_description":"Documents about our digital guidance system that enables visually impaired to move freely","og_url":"https:\/\/nordic-evolution.com\/es\/documents\/","og_site_name":"Nordic Evolution - Digital guide systems","article_publisher":"https:\/\/www.facebook.com\/NordicEvolution","article_modified_time":"2025-06-05T19:50:03+00:00","twitter_card":"summary_large_image","twitter_misc":{"Tiempo de lectura":"1 minuto"},"schema":{"@context":"https:\/\/schema.org","@graph":[{"@type":"WebPage","@id":"https:\/\/nordic-evolution.com\/documents\/","url":"https:\/\/nordic-evolution.com\/documents\/","name":"Documentos sobre nuestro sistema de gu\u00eda digital","isPartOf":{"@id":"https:\/\/nordic-evolution.com\/#website"},"datePublished":"2022-12-07T20:38:05+00:00","dateModified":"2025-06-05T19:50:03+00:00","description":"Documentos sobre nuestro sistema de gu\u00eda digital que permite a las personas con discapacidad visual moverse libremente","breadcrumb":{"@id":"https:\/\/nordic-evolution.com\/documents\/#breadcrumb"},"inLanguage":"es","potentialAction":[{"@type":"ReadAction","target":["https:\/\/nordic-evolution.com\/documents\/"]}]},{"@type":"BreadcrumbList","@id":"https:\/\/nordic-evolution.com\/documents\/#breadcrumb","itemListElement":[{"@type":"ListItem","position":1,"name":"Home","item":"https:\/\/nordic-evolution.com\/"},{"@type":"ListItem","position":2,"name":"Documents"}]},{"@type":"WebSite","@id":"https:\/\/nordic-evolution.com\/#website","url":"https:\/\/nordic-evolution.com\/","name":"Sistemas de audiogu\u00eda para deportistas con discapacidad visual","description":"Sistemas de gu\u00eda digital para deportistas con discapacidad visual","publisher":{"@id":"https:\/\/nordic-evolution.com\/#organization"},"alternateName":"Nordic Evolution","potentialAction":[{"@type":"SearchAction","target":{"@type":"EntryPoint","urlTemplate":"https:\/\/nordic-evolution.com\/?s={search_term_string}"},"query-input":{"@type":"PropertyValueSpecification","valueRequired":true,"valueName":"search_term_string"}}],"inLanguage":"es"},{"@type":"Organization","@id":"https:\/\/nordic-evolution.com\/#organization","name":"Evoluci\u00f3n n\u00f3rdica","url":"https:\/\/nordic-evolution.com\/","logo":{"@type":"ImageObject","inLanguage":"es","@id":"https:\/\/nordic-evolution.com\/#\/schema\/logo\/image\/","url":"https:\/\/nordic-evolution.com\/wp-content\/uploads\/2022\/03\/Nordic-Evolution-logo-2-gray-background.png","contentUrl":"https:\/\/nordic-evolution.com\/wp-content\/uploads\/2022\/03\/Nordic-Evolution-logo-2-gray-background.png","width":800,"height":800,"caption":"Nordic Evolution"},"image":{"@id":"https:\/\/nordic-evolution.com\/#\/schema\/logo\/image\/"},"sameAs":["https:\/\/www.facebook.com\/NordicEvolution","https:\/\/www.instagram.com\/nordicevolution\/","https:\/\/www.linkedin.com\/company\/nordic-evolution\/"]}]}},"_links":{"self":[{"href":"https:\/\/nordic-evolution.com\/es\/wp-json\/wp\/v2\/pages\/15241","targetHints":{"allow":["GET"]}}],"collection":[{"href":"https:\/\/nordic-evolution.com\/es\/wp-json\/wp\/v2\/pages"}],"about":[{"href":"https:\/\/nordic-evolution.com\/es\/wp-json\/wp\/v2\/types\/page"}],"author":[{"embeddable":true,"href":"https:\/\/nordic-evolution.com\/es\/wp-json\/wp\/v2\/users\/1"}],"replies":[{"embeddable":true,"href":"https:\/\/nordic-evolution.com\/es\/wp-json\/wp\/v2\/comments?post=15241"}],"version-history":[{"count":21,"href":"https:\/\/nordic-evolution.com\/es\/wp-json\/wp\/v2\/pages\/15241\/revisions"}],"predecessor-version":[{"id":17302,"href":"https:\/\/nordic-evolution.com\/es\/wp-json\/wp\/v2\/pages\/15241\/revisions\/17302"}],"wp:attachment":[{"href":"https:\/\/nordic-evolution.com\/es\/wp-json\/wp\/v2\/media?parent=15241"}],"curies":[{"name":"wp","href":"https:\/\/api.w.org\/{rel}","templated":true}]}}