{"id":15771,"date":"2023-01-30T20:21:23","date_gmt":"2023-01-30T20:21:23","guid":{"rendered":"https:\/\/nordic-evolution.com\/?page_id=15771"},"modified":"2023-02-16T22:16:08","modified_gmt":"2023-02-16T22:16:08","slug":"high-precision-land-surveying","status":"publish","type":"page","link":"https:\/\/nordic-evolution.com\/es\/high-precision-land-surveying\/","title":{"rendered":"Topograf\u00eda de alta precisi\u00f3n"},"content":{"rendered":"<div data-elementor-type=\"wp-page\" data-elementor-id=\"15771\" class=\"elementor elementor-15771\" data-elementor-post-type=\"page\">\n\t\t\t\t\t\t<section class=\"elementor-section elementor-top-section elementor-element elementor-element-cda5544 elementor-section-boxed elementor-section-height-default elementor-section-height-default\" data-id=\"cda5544\" data-element_type=\"section\" data-e-type=\"section\" data-settings=\"{&quot;background_background&quot;:&quot;classic&quot;}\">\n\t\t\t\t\t\t\t<div class=\"elementor-background-overlay\"><\/div>\n\t\t\t\t\t\t\t<div class=\"elementor-container elementor-column-gap-default\">\n\t\t\t\t\t<div class=\"elementor-column elementor-col-100 elementor-top-column elementor-element elementor-element-a0ec589\" data-id=\"a0ec589\" data-element_type=\"column\" data-e-type=\"column\">\n\t\t\t<div class=\"elementor-widget-wrap elementor-element-populated\">\n\t\t\t\t\t\t<div class=\"elementor-element elementor-element-6b93420 elementor-widget elementor-widget-heading\" data-id=\"6b93420\" data-element_type=\"widget\" data-e-type=\"widget\" data-widget_type=\"heading.default\">\n\t\t\t\t<div class=\"elementor-widget-container\">\n\t\t\t\t\t<h1 class=\"elementor-heading-title elementor-size-default\">topograf\u00eda de alta precisi\u00f3n<\/h1>\t\t\t\t<\/div>\n\t\t\t\t<\/div>\n\t\t\t\t<div class=\"elementor-element elementor-element-a95810c elementor-widget elementor-widget-heading\" data-id=\"a95810c\" data-element_type=\"widget\" data-e-type=\"widget\" data-widget_type=\"heading.default\">\n\t\t\t\t<div class=\"elementor-widget-container\">\n\t\t\t\t\t<h2 class=\"elementor-heading-title elementor-size-default\">Con nuestro m\u00f3dulo de gu\u00eda digital<\/h2>\t\t\t\t<\/div>\n\t\t\t\t<\/div>\n\t\t\t\t\t<\/div>\n\t\t<\/div>\n\t\t\t\t\t<\/div>\n\t\t<\/section>\n\t\t\t\t<section class=\"elementor-section elementor-top-section elementor-element elementor-element-1942ad7 elementor-section-boxed elementor-section-height-default elementor-section-height-default\" data-id=\"1942ad7\" data-element_type=\"section\" data-e-type=\"section\" data-settings=\"{&quot;background_background&quot;:&quot;classic&quot;}\">\n\t\t\t\t\t\t<div class=\"elementor-container elementor-column-gap-default\">\n\t\t\t\t\t<div class=\"elementor-column elementor-col-100 elementor-top-column elementor-element elementor-element-629deff\" data-id=\"629deff\" data-element_type=\"column\" data-e-type=\"column\">\n\t\t\t<div class=\"elementor-widget-wrap elementor-element-populated\">\n\t\t\t\t\t\t<div class=\"elementor-element elementor-element-dccd4f4 elementor-widget elementor-widget-heading\" data-id=\"dccd4f4\" data-element_type=\"widget\" data-e-type=\"widget\" data-widget_type=\"heading.default\">\n\t\t\t\t<div class=\"elementor-widget-container\">\n\t\t\t\t\t<h2 class=\"elementor-heading-title elementor-size-default\">Medici\u00f3n de posici\u00f3n en 3 dimensiones<\/h2>\t\t\t\t<\/div>\n\t\t\t\t<\/div>\n\t\t\t\t\t<\/div>\n\t\t<\/div>\n\t\t\t\t\t<\/div>\n\t\t<\/section>\n\t\t\t\t<section class=\"elementor-section elementor-top-section elementor-element elementor-element-3edb75b elementor-section-boxed elementor-section-height-default elementor-section-height-default\" data-id=\"3edb75b\" data-element_type=\"section\" data-e-type=\"section\">\n\t\t\t\t\t\t<div class=\"elementor-container elementor-column-gap-default\">\n\t\t\t\t\t<div class=\"elementor-column elementor-col-50 elementor-top-column elementor-element elementor-element-602fe0c\" data-id=\"602fe0c\" data-element_type=\"column\" data-e-type=\"column\">\n\t\t\t<div class=\"elementor-widget-wrap elementor-element-populated\">\n\t\t\t\t\t\t<div class=\"elementor-element elementor-element-cee566f elementor-widget elementor-widget-heading\" data-id=\"cee566f\" data-element_type=\"widget\" data-e-type=\"widget\" data-widget_type=\"heading.default\">\n\t\t\t\t<div class=\"elementor-widget-container\">\n\t\t\t\t\t<h3 class=\"elementor-heading-title elementor-size-default\">Alta precisi\u00f3n<\/h3>\t\t\t\t<\/div>\n\t\t\t\t<\/div>\n\t\t\t\t<div class=\"elementor-element elementor-element-f782f5f elementor-widget elementor-widget-text-editor\" data-id=\"f782f5f\" data-element_type=\"widget\" data-e-type=\"widget\" data-widget_type=\"text-editor.default\">\n\t\t\t\t<div class=\"elementor-widget-container\">\n\t\t\t\t\t\t\t\t\t<p>Nuestro m\u00f3dulo gu\u00eda mide su posici\u00f3n mediante un sistema de coordenadas digital tridimensional basado en GPS que ofrece una precisi\u00f3n de posici\u00f3n promedio de 10 cm en la mayor parte de Suecia. En entornos \u00f3ptimos, el sistema puede alcanzar una precisi\u00f3n de 1 cm.<\/p>\t\t\t\t\t\t\t\t<\/div>\n\t\t\t\t<\/div>\n\t\t\t\t<div class=\"elementor-element elementor-element-2d4c471 elementor-widget elementor-widget-heading\" data-id=\"2d4c471\" data-element_type=\"widget\" data-e-type=\"widget\" data-widget_type=\"heading.default\">\n\t\t\t\t<div class=\"elementor-widget-container\">\n\t\t\t\t\t<h3 class=\"elementor-heading-title elementor-size-default\">Para concursos o levantamientos topogr\u00e1ficos<\/h3>\t\t\t\t<\/div>\n\t\t\t\t<\/div>\n\t\t\t\t<div class=\"elementor-element elementor-element-58b8bed elementor-widget elementor-widget-text-editor\" data-id=\"58b8bed\" data-element_type=\"widget\" data-e-type=\"widget\" data-widget_type=\"text-editor.default\">\n\t\t\t\t<div class=\"elementor-widget-container\">\n\t\t\t\t\t\t\t\t\t<p>Esto permite que nuestro producto se utilice para la medici\u00f3n 3D de pistas de carreras y esqu\u00ed en eventos deportivos de alto nivel. Para medir pendientes en pistas de esqu\u00ed y... <span class=\"Y2IQFc\" lang=\"en\">terrenos monta\u00f1osos<\/span>, para posicionar objetos y l\u00edmites terrestres, para verificar que se cumplan los est\u00e1ndares del terreno en competiciones, etc. Donde sea que necesite medir la diferencia de posicionamiento o posicionar algo en un mapa con alta precisi\u00f3n.<\/p>\t\t\t\t\t\t\t\t<\/div>\n\t\t\t\t<\/div>\n\t\t\t\t\t<\/div>\n\t\t<\/div>\n\t\t\t\t<div class=\"elementor-column elementor-col-50 elementor-top-column elementor-element elementor-element-e0871af\" data-id=\"e0871af\" data-element_type=\"column\" data-e-type=\"column\">\n\t\t\t<div class=\"elementor-widget-wrap elementor-element-populated\">\n\t\t\t\t\t\t<div class=\"elementor-element elementor-element-b87040a elementor-widget elementor-widget-image\" data-id=\"b87040a\" data-element_type=\"widget\" data-e-type=\"widget\" data-widget_type=\"image.default\">\n\t\t\t\t<div class=\"elementor-widget-container\">\n\t\t\t\t\t\t\t\t\t\t\t\t\t\t\t<img fetchpriority=\"high\" decoding=\"async\" width=\"800\" height=\"600\" src=\"https:\/\/nordic-evolution.com\/wp-content\/uploads\/High-precision-land-surveying-through-GPS-measurement.jpg\" class=\"attachment-full size-full wp-image-15973\" alt=\"High precision land surveying through GPS measurement\" srcset=\"https:\/\/nordic-evolution.com\/wp-content\/uploads\/High-precision-land-surveying-through-GPS-measurement.jpg 800w, https:\/\/nordic-evolution.com\/wp-content\/uploads\/High-precision-land-surveying-through-GPS-measurement-300x225.jpg 300w, https:\/\/nordic-evolution.com\/wp-content\/uploads\/High-precision-land-surveying-through-GPS-measurement-768x576.jpg 768w\" sizes=\"(max-width: 800px) 100vw, 800px\" \/>\t\t\t\t\t\t\t\t\t\t\t\t\t\t\t<\/div>\n\t\t\t\t<\/div>\n\t\t\t\t<div class=\"elementor-element elementor-element-d667c6c elementor-widget elementor-widget-heading\" data-id=\"d667c6c\" data-element_type=\"widget\" data-e-type=\"widget\" data-widget_type=\"heading.default\">\n\t\t\t\t<div class=\"elementor-widget-container\">\n\t\t\t\t\t<h5 class=\"elementor-heading-title elementor-size-default\">Una ruta digital tridimensional de alta precisi\u00f3n a lo largo de una pista de esqu\u00ed y carrera<\/h5>\t\t\t\t<\/div>\n\t\t\t\t<\/div>\n\t\t\t\t\t<\/div>\n\t\t<\/div>\n\t\t\t\t\t<\/div>\n\t\t<\/section>\n\t\t\t\t<\/div>","protected":false},"excerpt":{"rendered":"<p>high precision land surveying With our digital guide module Position measurement in 3 dimensions High precision Our guide module measure its position through a digital 3-dimensional GPS-based coordinate system that offers an average position accuracy of 10 cm in the majority of Sweden. In optimal environments, the system can reach an accuracy of 1 cm. [&hellip;]<\/p>\n","protected":false},"author":1,"featured_media":0,"parent":0,"menu_order":0,"comment_status":"closed","ping_status":"closed","template":"","meta":{"footnotes":""},"class_list":["post-15771","page","type-page","status-publish","hentry"],"yoast_head":"<!-- This site is optimized with the Yoast SEO plugin v27.4 - https:\/\/yoast.com\/product\/yoast-seo-wordpress\/ -->\n<title>High precision land surveying<\/title>\n<meta name=\"description\" content=\"High precision land surveying with our 3D positioning guide module\" \/>\n<meta name=\"robots\" content=\"index, follow, max-snippet:-1, max-image-preview:large, max-video-preview:-1\" \/>\n<link rel=\"canonical\" href=\"https:\/\/nordic-evolution.com\/es\/high-precision-land-surveying\/\" \/>\n<meta property=\"og:locale\" content=\"es_ES\" \/>\n<meta property=\"og:type\" content=\"article\" \/>\n<meta property=\"og:title\" content=\"High precision land surveying\" \/>\n<meta property=\"og:description\" content=\"High precision land surveying with our 3D positioning guide module\" \/>\n<meta property=\"og:url\" content=\"https:\/\/nordic-evolution.com\/es\/high-precision-land-surveying\/\" \/>\n<meta property=\"og:site_name\" content=\"Nordic Evolution - Digital guide systems\" \/>\n<meta property=\"article:publisher\" content=\"https:\/\/www.facebook.com\/NordicEvolution\" \/>\n<meta property=\"article:modified_time\" content=\"2023-02-16T22:16:08+00:00\" \/>\n<meta property=\"og:image\" content=\"https:\/\/nordic-evolution.com\/wp-content\/uploads\/High-precision-land-surveying-through-GPS-measurement.jpg\" \/>\n<meta name=\"twitter:card\" content=\"summary_large_image\" \/>\n<meta name=\"twitter:label1\" content=\"Tiempo de lectura\" \/>\n\t<meta name=\"twitter:data1\" content=\"1 minuto\" \/>\n<script type=\"application\/ld+json\" class=\"yoast-schema-graph\">{\"@context\":\"https:\\\/\\\/schema.org\",\"@graph\":[{\"@type\":\"WebPage\",\"@id\":\"https:\\\/\\\/nordic-evolution.com\\\/high-precision-land-surveying\\\/\",\"url\":\"https:\\\/\\\/nordic-evolution.com\\\/high-precision-land-surveying\\\/\",\"name\":\"High precision land surveying\",\"isPartOf\":{\"@id\":\"https:\\\/\\\/nordic-evolution.com\\\/#website\"},\"primaryImageOfPage\":{\"@id\":\"https:\\\/\\\/nordic-evolution.com\\\/high-precision-land-surveying\\\/#primaryimage\"},\"image\":{\"@id\":\"https:\\\/\\\/nordic-evolution.com\\\/high-precision-land-surveying\\\/#primaryimage\"},\"thumbnailUrl\":\"https:\\\/\\\/nordic-evolution.com\\\/wp-content\\\/uploads\\\/High-precision-land-surveying-through-GPS-measurement.jpg\",\"datePublished\":\"2023-01-30T20:21:23+00:00\",\"dateModified\":\"2023-02-16T22:16:08+00:00\",\"description\":\"High precision land surveying with our 3D positioning guide module\",\"breadcrumb\":{\"@id\":\"https:\\\/\\\/nordic-evolution.com\\\/high-precision-land-surveying\\\/#breadcrumb\"},\"inLanguage\":\"es\",\"potentialAction\":[{\"@type\":\"ReadAction\",\"target\":[\"https:\\\/\\\/nordic-evolution.com\\\/high-precision-land-surveying\\\/\"]}]},{\"@type\":\"ImageObject\",\"inLanguage\":\"es\",\"@id\":\"https:\\\/\\\/nordic-evolution.com\\\/high-precision-land-surveying\\\/#primaryimage\",\"url\":\"https:\\\/\\\/nordic-evolution.com\\\/wp-content\\\/uploads\\\/High-precision-land-surveying-through-GPS-measurement.jpg\",\"contentUrl\":\"https:\\\/\\\/nordic-evolution.com\\\/wp-content\\\/uploads\\\/High-precision-land-surveying-through-GPS-measurement.jpg\"},{\"@type\":\"BreadcrumbList\",\"@id\":\"https:\\\/\\\/nordic-evolution.com\\\/high-precision-land-surveying\\\/#breadcrumb\",\"itemListElement\":[{\"@type\":\"ListItem\",\"position\":1,\"name\":\"Home\",\"item\":\"https:\\\/\\\/nordic-evolution.com\\\/\"},{\"@type\":\"ListItem\",\"position\":2,\"name\":\"High precision land surveying\"}]},{\"@type\":\"WebSite\",\"@id\":\"https:\\\/\\\/nordic-evolution.com\\\/#website\",\"url\":\"https:\\\/\\\/nordic-evolution.com\\\/\",\"name\":\"Audio guidance systems for visually impaired athletes\",\"description\":\"Digital guide systems for visually impaired athletes\",\"publisher\":{\"@id\":\"https:\\\/\\\/nordic-evolution.com\\\/#organization\"},\"alternateName\":\"Nordic Evolution\",\"potentialAction\":[{\"@type\":\"SearchAction\",\"target\":{\"@type\":\"EntryPoint\",\"urlTemplate\":\"https:\\\/\\\/nordic-evolution.com\\\/?s={search_term_string}\"},\"query-input\":{\"@type\":\"PropertyValueSpecification\",\"valueRequired\":true,\"valueName\":\"search_term_string\"}}],\"inLanguage\":\"es\"},{\"@type\":\"Organization\",\"@id\":\"https:\\\/\\\/nordic-evolution.com\\\/#organization\",\"name\":\"Nordic Evolution\",\"url\":\"https:\\\/\\\/nordic-evolution.com\\\/\",\"logo\":{\"@type\":\"ImageObject\",\"inLanguage\":\"es\",\"@id\":\"https:\\\/\\\/nordic-evolution.com\\\/#\\\/schema\\\/logo\\\/image\\\/\",\"url\":\"https:\\\/\\\/nordic-evolution.com\\\/wp-content\\\/uploads\\\/2022\\\/03\\\/Nordic-Evolution-logo-2-gray-background.png\",\"contentUrl\":\"https:\\\/\\\/nordic-evolution.com\\\/wp-content\\\/uploads\\\/2022\\\/03\\\/Nordic-Evolution-logo-2-gray-background.png\",\"width\":800,\"height\":800,\"caption\":\"Nordic Evolution\"},\"image\":{\"@id\":\"https:\\\/\\\/nordic-evolution.com\\\/#\\\/schema\\\/logo\\\/image\\\/\"},\"sameAs\":[\"https:\\\/\\\/www.facebook.com\\\/NordicEvolution\",\"https:\\\/\\\/www.instagram.com\\\/nordicevolution\\\/\",\"https:\\\/\\\/www.linkedin.com\\\/company\\\/nordic-evolution\\\/\"]}]}<\/script>\n<!-- \/ Yoast SEO plugin. -->","yoast_head_json":{"title":"Topograf\u00eda de alta precisi\u00f3n","description":"Topograf\u00eda de alta precisi\u00f3n con nuestro m\u00f3dulo de gu\u00eda de posicionamiento 3D","robots":{"index":"index","follow":"follow","max-snippet":"max-snippet:-1","max-image-preview":"max-image-preview:large","max-video-preview":"max-video-preview:-1"},"canonical":"https:\/\/nordic-evolution.com\/es\/high-precision-land-surveying\/","og_locale":"es_ES","og_type":"article","og_title":"High precision land surveying","og_description":"High precision land surveying with our 3D positioning guide module","og_url":"https:\/\/nordic-evolution.com\/es\/high-precision-land-surveying\/","og_site_name":"Nordic Evolution - Digital guide systems","article_publisher":"https:\/\/www.facebook.com\/NordicEvolution","article_modified_time":"2023-02-16T22:16:08+00:00","og_image":[{"url":"https:\/\/nordic-evolution.com\/wp-content\/uploads\/High-precision-land-surveying-through-GPS-measurement.jpg","type":"","width":"","height":""}],"twitter_card":"summary_large_image","twitter_misc":{"Tiempo de lectura":"1 minuto"},"schema":{"@context":"https:\/\/schema.org","@graph":[{"@type":"WebPage","@id":"https:\/\/nordic-evolution.com\/high-precision-land-surveying\/","url":"https:\/\/nordic-evolution.com\/high-precision-land-surveying\/","name":"Topograf\u00eda de alta precisi\u00f3n","isPartOf":{"@id":"https:\/\/nordic-evolution.com\/#website"},"primaryImageOfPage":{"@id":"https:\/\/nordic-evolution.com\/high-precision-land-surveying\/#primaryimage"},"image":{"@id":"https:\/\/nordic-evolution.com\/high-precision-land-surveying\/#primaryimage"},"thumbnailUrl":"https:\/\/nordic-evolution.com\/wp-content\/uploads\/High-precision-land-surveying-through-GPS-measurement.jpg","datePublished":"2023-01-30T20:21:23+00:00","dateModified":"2023-02-16T22:16:08+00:00","description":"Topograf\u00eda de alta precisi\u00f3n con nuestro m\u00f3dulo de gu\u00eda de posicionamiento 3D","breadcrumb":{"@id":"https:\/\/nordic-evolution.com\/high-precision-land-surveying\/#breadcrumb"},"inLanguage":"es","potentialAction":[{"@type":"ReadAction","target":["https:\/\/nordic-evolution.com\/high-precision-land-surveying\/"]}]},{"@type":"ImageObject","inLanguage":"es","@id":"https:\/\/nordic-evolution.com\/high-precision-land-surveying\/#primaryimage","url":"https:\/\/nordic-evolution.com\/wp-content\/uploads\/High-precision-land-surveying-through-GPS-measurement.jpg","contentUrl":"https:\/\/nordic-evolution.com\/wp-content\/uploads\/High-precision-land-surveying-through-GPS-measurement.jpg"},{"@type":"BreadcrumbList","@id":"https:\/\/nordic-evolution.com\/high-precision-land-surveying\/#breadcrumb","itemListElement":[{"@type":"ListItem","position":1,"name":"Home","item":"https:\/\/nordic-evolution.com\/"},{"@type":"ListItem","position":2,"name":"High precision land surveying"}]},{"@type":"WebSite","@id":"https:\/\/nordic-evolution.com\/#website","url":"https:\/\/nordic-evolution.com\/","name":"Sistemas de audiogu\u00eda para deportistas con discapacidad visual","description":"Sistemas de gu\u00eda digital para deportistas con discapacidad visual","publisher":{"@id":"https:\/\/nordic-evolution.com\/#organization"},"alternateName":"Nordic Evolution","potentialAction":[{"@type":"SearchAction","target":{"@type":"EntryPoint","urlTemplate":"https:\/\/nordic-evolution.com\/?s={search_term_string}"},"query-input":{"@type":"PropertyValueSpecification","valueRequired":true,"valueName":"search_term_string"}}],"inLanguage":"es"},{"@type":"Organization","@id":"https:\/\/nordic-evolution.com\/#organization","name":"Evoluci\u00f3n n\u00f3rdica","url":"https:\/\/nordic-evolution.com\/","logo":{"@type":"ImageObject","inLanguage":"es","@id":"https:\/\/nordic-evolution.com\/#\/schema\/logo\/image\/","url":"https:\/\/nordic-evolution.com\/wp-content\/uploads\/2022\/03\/Nordic-Evolution-logo-2-gray-background.png","contentUrl":"https:\/\/nordic-evolution.com\/wp-content\/uploads\/2022\/03\/Nordic-Evolution-logo-2-gray-background.png","width":800,"height":800,"caption":"Nordic Evolution"},"image":{"@id":"https:\/\/nordic-evolution.com\/#\/schema\/logo\/image\/"},"sameAs":["https:\/\/www.facebook.com\/NordicEvolution","https:\/\/www.instagram.com\/nordicevolution\/","https:\/\/www.linkedin.com\/company\/nordic-evolution\/"]}]}},"_links":{"self":[{"href":"https:\/\/nordic-evolution.com\/es\/wp-json\/wp\/v2\/pages\/15771","targetHints":{"allow":["GET"]}}],"collection":[{"href":"https:\/\/nordic-evolution.com\/es\/wp-json\/wp\/v2\/pages"}],"about":[{"href":"https:\/\/nordic-evolution.com\/es\/wp-json\/wp\/v2\/types\/page"}],"author":[{"embeddable":true,"href":"https:\/\/nordic-evolution.com\/es\/wp-json\/wp\/v2\/users\/1"}],"replies":[{"embeddable":true,"href":"https:\/\/nordic-evolution.com\/es\/wp-json\/wp\/v2\/comments?post=15771"}],"version-history":[{"count":0,"href":"https:\/\/nordic-evolution.com\/es\/wp-json\/wp\/v2\/pages\/15771\/revisions"}],"wp:attachment":[{"href":"https:\/\/nordic-evolution.com\/es\/wp-json\/wp\/v2\/media?parent=15771"}],"curies":[{"name":"wp","href":"https:\/\/api.w.org\/{rel}","templated":true}]}}