{"id":17033,"date":"2023-10-21T07:59:15","date_gmt":"2023-10-21T07:59:15","guid":{"rendered":"https:\/\/nordic-evolution.com\/?page_id=17033"},"modified":"2023-10-25T18:06:22","modified_gmt":"2023-10-25T18:06:22","slug":"swimming-with-digital-guidance","status":"publish","type":"page","link":"https:\/\/nordic-evolution.com\/es\/swimming-with-digital-guidance\/","title":{"rendered":"Nataci\u00f3n con gu\u00eda digital"},"content":{"rendered":"<div data-elementor-type=\"wp-page\" data-elementor-id=\"17033\" class=\"elementor elementor-17033\" data-elementor-post-type=\"page\">\n\t\t\t\t\t\t<section class=\"elementor-section elementor-top-section elementor-element elementor-element-4ea53d8 elementor-section-boxed elementor-section-height-default elementor-section-height-default\" data-id=\"4ea53d8\" data-element_type=\"section\" data-e-type=\"section\" data-settings=\"{&quot;background_background&quot;:&quot;classic&quot;}\">\n\t\t\t\t\t\t\t<div class=\"elementor-background-overlay\"><\/div>\n\t\t\t\t\t\t\t<div class=\"elementor-container elementor-column-gap-default\">\n\t\t\t\t\t<div class=\"elementor-column elementor-col-100 elementor-top-column elementor-element elementor-element-da3c5f1\" data-id=\"da3c5f1\" data-element_type=\"column\" data-e-type=\"column\">\n\t\t\t<div class=\"elementor-widget-wrap elementor-element-populated\">\n\t\t\t\t\t\t<div class=\"elementor-element elementor-element-63ac13e elementor-widget elementor-widget-heading\" data-id=\"63ac13e\" data-element_type=\"widget\" data-e-type=\"widget\" data-widget_type=\"heading.default\">\n\t\t\t\t<div class=\"elementor-widget-container\">\n\t\t\t\t\t<h1 class=\"elementor-heading-title elementor-size-default\">Nadar<\/h1>\t\t\t\t<\/div>\n\t\t\t\t<\/div>\n\t\t\t\t<div class=\"elementor-element elementor-element-8fcf726 elementor-widget elementor-widget-heading\" data-id=\"8fcf726\" data-element_type=\"widget\" data-e-type=\"widget\" data-widget_type=\"heading.default\">\n\t\t\t\t<div class=\"elementor-widget-container\">\n\t\t\t\t\t<h2 class=\"elementor-heading-title elementor-size-default\">Con nuestras gu\u00edas digitales<\/h2>\t\t\t\t<\/div>\n\t\t\t\t<\/div>\n\t\t\t\t\t<\/div>\n\t\t<\/div>\n\t\t\t\t\t<\/div>\n\t\t<\/section>\n\t\t\t\t<section class=\"elementor-section elementor-top-section elementor-element elementor-element-ab7d132 elementor-section-boxed elementor-section-height-default elementor-section-height-default\" data-id=\"ab7d132\" data-element_type=\"section\" data-e-type=\"section\" data-settings=\"{&quot;background_background&quot;:&quot;classic&quot;}\">\n\t\t\t\t\t\t<div class=\"elementor-container elementor-column-gap-default\">\n\t\t\t\t\t<div class=\"elementor-column elementor-col-50 elementor-top-column elementor-element elementor-element-f6dfe64\" data-id=\"f6dfe64\" data-element_type=\"column\" data-e-type=\"column\">\n\t\t\t<div class=\"elementor-widget-wrap elementor-element-populated\">\n\t\t\t\t\t\t<div class=\"elementor-element elementor-element-6421bb0 elementor-widget elementor-widget-heading\" data-id=\"6421bb0\" data-element_type=\"widget\" data-e-type=\"widget\" data-widget_type=\"heading.default\">\n\t\t\t\t<div class=\"elementor-widget-container\">\n\t\t\t\t\t<h3 class=\"elementor-heading-title elementor-size-default\">\u00a1Nada por tu cuenta!<\/h3>\t\t\t\t<\/div>\n\t\t\t\t<\/div>\n\t\t\t\t<div class=\"elementor-element elementor-element-e223172 elementor-widget elementor-widget-text-editor\" data-id=\"e223172\" data-element_type=\"widget\" data-e-type=\"widget\" data-widget_type=\"text-editor.default\">\n\t\t\t\t<div class=\"elementor-widget-container\">\n\t\t\t\t\t\t\t\t\t<p>\u00bfAlguna vez has so\u00f1ado con nadar solo en un lago a pesar de ser ciego? Con nuestra gu\u00eda digital, puedes nadar solo, pero siempre recomendamos que alguien te supervise ante cualquier duda.<\/p>\t\t\t\t\t\t\t\t<\/div>\n\t\t\t\t<\/div>\n\t\t\t\t<div class=\"elementor-element elementor-element-eb421f5 elementor-widget elementor-widget-text-editor\" data-id=\"eb421f5\" data-element_type=\"widget\" data-e-type=\"widget\" data-widget_type=\"text-editor.default\">\n\t\t\t\t<div class=\"elementor-widget-container\">\n\t\t\t\t\t\t\t\t\t<p>En el video, se ve al triatleta Per-Einar intentando nadar una ruta en un lago en Olympiatoppen, Noruega. La ruta est\u00e1 dise\u00f1ada para comenzar en el muelle y luego seguir un c\u00edrculo que pasa por el muelle en cada vuelta, para que puedas elegir f\u00e1cilmente la distancia que quieres nadar. Per-Einar nad\u00f3 tanto con la unidad de gu\u00eda montada en su gorro de nataci\u00f3n como con la boya flotante que los nadadores suelen usar en los lagos para ser visibles para los barcos, etc. &quot;Fue m\u00e1s f\u00e1cil nadar con la unidad montada en el gorro de nataci\u00f3n&quot;, dice Per-Einar, &quot;porque la boya flotante se mueve mucho y dificulta la navegaci\u00f3n con el sistema de gu\u00eda&quot;.<\/p>\t\t\t\t\t\t\t\t<\/div>\n\t\t\t\t<\/div>\n\t\t\t\t<div class=\"elementor-element elementor-element-a5383b3 elementor-widget elementor-widget-text-editor\" data-id=\"a5383b3\" data-element_type=\"widget\" data-e-type=\"widget\" data-widget_type=\"text-editor.default\">\n\t\t\t\t<div class=\"elementor-widget-container\">\n\t\t\t\t\t\t\t\t\t<p>\u00a1Esperamos que m\u00e1s personas quieran probar la nataci\u00f3n gracias a la gu\u00eda digital! El sistema tambi\u00e9n permite a\u00f1adir, por ejemplo, puntos de giro en una piscina al aire libre, lo que facilita el autoentrenamiento y las competiciones de forma controlada.<\/p>\t\t\t\t\t\t\t\t<\/div>\n\t\t\t\t<\/div>\n\t\t\t\t\t<\/div>\n\t\t<\/div>\n\t\t\t\t<div class=\"elementor-column elementor-col-50 elementor-top-column elementor-element elementor-element-fb6a3bd\" data-id=\"fb6a3bd\" data-element_type=\"column\" data-e-type=\"column\">\n\t\t\t<div class=\"elementor-widget-wrap elementor-element-populated\">\n\t\t\t\t\t\t<div class=\"elementor-element elementor-element-f166f99 elementor-widget elementor-widget-video\" data-id=\"f166f99\" data-element_type=\"widget\" data-e-type=\"widget\" data-settings=\"{&quot;youtube_url&quot;:&quot;https:\\\/\\\/youtu.be\\\/d0kXtnQ4TZg&quot;,&quot;video_type&quot;:&quot;youtube&quot;,&quot;controls&quot;:&quot;yes&quot;}\" data-widget_type=\"video.default\">\n\t\t\t\t<div class=\"elementor-widget-container\">\n\t\t\t\t\t\t\t<div class=\"elementor-wrapper elementor-open-inline\">\n\t\t\t<div class=\"elementor-video\"><\/div>\t\t<\/div>\n\t\t\t\t\t\t<\/div>\n\t\t\t\t<\/div>\n\t\t\t\t<div class=\"elementor-element elementor-element-b3cfefc elementor-widget elementor-widget-heading\" data-id=\"b3cfefc\" data-element_type=\"widget\" data-e-type=\"widget\" data-widget_type=\"heading.default\">\n\t\t\t\t<div class=\"elementor-widget-container\">\n\t\t\t\t\t<h5 class=\"elementor-heading-title elementor-size-default\">El triatleta Per-Einar, con discapacidad visual, nada por primera vez con gu\u00eda digital.<\/h5>\t\t\t\t<\/div>\n\t\t\t\t<\/div>\n\t\t\t\t\t<\/div>\n\t\t<\/div>\n\t\t\t\t\t<\/div>\n\t\t<\/section>\n\t\t\t\t<\/div>","protected":false},"excerpt":{"rendered":"<p>Swimming With our digital guides Swim on your own! Have you ever dreamed of swimming alone in a lake even though you are blind? With our digital guide, you can swim on your own, but we always recommend that someone is there to supervise any uncertainty. In the video you see triathlete Per-Einar trying out [&hellip;]<\/p>\n","protected":false},"author":1,"featured_media":0,"parent":0,"menu_order":0,"comment_status":"closed","ping_status":"closed","template":"","meta":{"footnotes":""},"class_list":["post-17033","page","type-page","status-publish","hentry"],"yoast_head":"<!-- This site is optimized with the Yoast SEO plugin v27.4 - https:\/\/yoast.com\/product\/yoast-seo-wordpress\/ -->\n<title>Swimming with digital guidance - Nordic Evolution - Digital guide systems<\/title>\n<meta name=\"robots\" content=\"index, follow, max-snippet:-1, max-image-preview:large, max-video-preview:-1\" \/>\n<link rel=\"canonical\" href=\"https:\/\/nordic-evolution.com\/es\/swimming-with-digital-guidance\/\" \/>\n<meta property=\"og:locale\" content=\"es_ES\" \/>\n<meta property=\"og:type\" content=\"article\" \/>\n<meta property=\"og:title\" content=\"Swimming with digital guidance - Nordic Evolution - Digital guide systems\" \/>\n<meta property=\"og:description\" content=\"Swimming With our digital guides Swim on your own! Have you ever dreamed of swimming alone in a lake even though you are blind? With our digital guide, you can swim on your own, but we always recommend that someone is there to supervise any uncertainty. In the video you see triathlete Per-Einar trying out [&hellip;]\" \/>\n<meta property=\"og:url\" content=\"https:\/\/nordic-evolution.com\/es\/swimming-with-digital-guidance\/\" \/>\n<meta property=\"og:site_name\" content=\"Nordic Evolution - Digital guide systems\" \/>\n<meta property=\"article:publisher\" content=\"https:\/\/www.facebook.com\/NordicEvolution\" \/>\n<meta property=\"article:modified_time\" content=\"2023-10-25T18:06:22+00:00\" \/>\n<meta name=\"twitter:card\" content=\"summary_large_image\" \/>\n<meta name=\"twitter:label1\" content=\"Tiempo de lectura\" \/>\n\t<meta name=\"twitter:data1\" content=\"1 minuto\" \/>\n<script type=\"application\/ld+json\" class=\"yoast-schema-graph\">{\"@context\":\"https:\\\/\\\/schema.org\",\"@graph\":[{\"@type\":\"WebPage\",\"@id\":\"https:\\\/\\\/nordic-evolution.com\\\/swimming-with-digital-guidance\\\/\",\"url\":\"https:\\\/\\\/nordic-evolution.com\\\/swimming-with-digital-guidance\\\/\",\"name\":\"Swimming with digital guidance - Nordic Evolution - Digital guide systems\",\"isPartOf\":{\"@id\":\"https:\\\/\\\/nordic-evolution.com\\\/#website\"},\"datePublished\":\"2023-10-21T07:59:15+00:00\",\"dateModified\":\"2023-10-25T18:06:22+00:00\",\"breadcrumb\":{\"@id\":\"https:\\\/\\\/nordic-evolution.com\\\/swimming-with-digital-guidance\\\/#breadcrumb\"},\"inLanguage\":\"es\",\"potentialAction\":[{\"@type\":\"ReadAction\",\"target\":[\"https:\\\/\\\/nordic-evolution.com\\\/swimming-with-digital-guidance\\\/\"]}]},{\"@type\":\"BreadcrumbList\",\"@id\":\"https:\\\/\\\/nordic-evolution.com\\\/swimming-with-digital-guidance\\\/#breadcrumb\",\"itemListElement\":[{\"@type\":\"ListItem\",\"position\":1,\"name\":\"Home\",\"item\":\"https:\\\/\\\/nordic-evolution.com\\\/\"},{\"@type\":\"ListItem\",\"position\":2,\"name\":\"Swimming with digital guidance\"}]},{\"@type\":\"WebSite\",\"@id\":\"https:\\\/\\\/nordic-evolution.com\\\/#website\",\"url\":\"https:\\\/\\\/nordic-evolution.com\\\/\",\"name\":\"Audio guidance systems for visually impaired athletes\",\"description\":\"Digital guide systems for visually impaired athletes\",\"publisher\":{\"@id\":\"https:\\\/\\\/nordic-evolution.com\\\/#organization\"},\"alternateName\":\"Nordic Evolution\",\"potentialAction\":[{\"@type\":\"SearchAction\",\"target\":{\"@type\":\"EntryPoint\",\"urlTemplate\":\"https:\\\/\\\/nordic-evolution.com\\\/?s={search_term_string}\"},\"query-input\":{\"@type\":\"PropertyValueSpecification\",\"valueRequired\":true,\"valueName\":\"search_term_string\"}}],\"inLanguage\":\"es\"},{\"@type\":\"Organization\",\"@id\":\"https:\\\/\\\/nordic-evolution.com\\\/#organization\",\"name\":\"Nordic Evolution\",\"url\":\"https:\\\/\\\/nordic-evolution.com\\\/\",\"logo\":{\"@type\":\"ImageObject\",\"inLanguage\":\"es\",\"@id\":\"https:\\\/\\\/nordic-evolution.com\\\/#\\\/schema\\\/logo\\\/image\\\/\",\"url\":\"https:\\\/\\\/nordic-evolution.com\\\/wp-content\\\/uploads\\\/2022\\\/03\\\/Nordic-Evolution-logo-2-gray-background.png\",\"contentUrl\":\"https:\\\/\\\/nordic-evolution.com\\\/wp-content\\\/uploads\\\/2022\\\/03\\\/Nordic-Evolution-logo-2-gray-background.png\",\"width\":800,\"height\":800,\"caption\":\"Nordic Evolution\"},\"image\":{\"@id\":\"https:\\\/\\\/nordic-evolution.com\\\/#\\\/schema\\\/logo\\\/image\\\/\"},\"sameAs\":[\"https:\\\/\\\/www.facebook.com\\\/NordicEvolution\",\"https:\\\/\\\/www.instagram.com\\\/nordicevolution\\\/\",\"https:\\\/\\\/www.linkedin.com\\\/company\\\/nordic-evolution\\\/\"]}]}<\/script>\n<!-- \/ Yoast SEO plugin. -->","yoast_head_json":{"title":"Nataci\u00f3n con gu\u00eda digital - Nordic Evolution - Sistemas de gu\u00eda digital","robots":{"index":"index","follow":"follow","max-snippet":"max-snippet:-1","max-image-preview":"max-image-preview:large","max-video-preview":"max-video-preview:-1"},"canonical":"https:\/\/nordic-evolution.com\/es\/swimming-with-digital-guidance\/","og_locale":"es_ES","og_type":"article","og_title":"Swimming with digital guidance - Nordic Evolution - Digital guide systems","og_description":"Swimming With our digital guides Swim on your own! Have you ever dreamed of swimming alone in a lake even though you are blind? With our digital guide, you can swim on your own, but we always recommend that someone is there to supervise any uncertainty. In the video you see triathlete Per-Einar trying out [&hellip;]","og_url":"https:\/\/nordic-evolution.com\/es\/swimming-with-digital-guidance\/","og_site_name":"Nordic Evolution - Digital guide systems","article_publisher":"https:\/\/www.facebook.com\/NordicEvolution","article_modified_time":"2023-10-25T18:06:22+00:00","twitter_card":"summary_large_image","twitter_misc":{"Tiempo de lectura":"1 minuto"},"schema":{"@context":"https:\/\/schema.org","@graph":[{"@type":"WebPage","@id":"https:\/\/nordic-evolution.com\/swimming-with-digital-guidance\/","url":"https:\/\/nordic-evolution.com\/swimming-with-digital-guidance\/","name":"Nataci\u00f3n con gu\u00eda digital - Nordic Evolution - Sistemas de gu\u00eda digital","isPartOf":{"@id":"https:\/\/nordic-evolution.com\/#website"},"datePublished":"2023-10-21T07:59:15+00:00","dateModified":"2023-10-25T18:06:22+00:00","breadcrumb":{"@id":"https:\/\/nordic-evolution.com\/swimming-with-digital-guidance\/#breadcrumb"},"inLanguage":"es","potentialAction":[{"@type":"ReadAction","target":["https:\/\/nordic-evolution.com\/swimming-with-digital-guidance\/"]}]},{"@type":"BreadcrumbList","@id":"https:\/\/nordic-evolution.com\/swimming-with-digital-guidance\/#breadcrumb","itemListElement":[{"@type":"ListItem","position":1,"name":"Home","item":"https:\/\/nordic-evolution.com\/"},{"@type":"ListItem","position":2,"name":"Swimming with digital guidance"}]},{"@type":"WebSite","@id":"https:\/\/nordic-evolution.com\/#website","url":"https:\/\/nordic-evolution.com\/","name":"Sistemas de audiogu\u00eda para deportistas con discapacidad visual","description":"Sistemas de gu\u00eda digital para deportistas con discapacidad visual","publisher":{"@id":"https:\/\/nordic-evolution.com\/#organization"},"alternateName":"Nordic Evolution","potentialAction":[{"@type":"SearchAction","target":{"@type":"EntryPoint","urlTemplate":"https:\/\/nordic-evolution.com\/?s={search_term_string}"},"query-input":{"@type":"PropertyValueSpecification","valueRequired":true,"valueName":"search_term_string"}}],"inLanguage":"es"},{"@type":"Organization","@id":"https:\/\/nordic-evolution.com\/#organization","name":"Evoluci\u00f3n n\u00f3rdica","url":"https:\/\/nordic-evolution.com\/","logo":{"@type":"ImageObject","inLanguage":"es","@id":"https:\/\/nordic-evolution.com\/#\/schema\/logo\/image\/","url":"https:\/\/nordic-evolution.com\/wp-content\/uploads\/2022\/03\/Nordic-Evolution-logo-2-gray-background.png","contentUrl":"https:\/\/nordic-evolution.com\/wp-content\/uploads\/2022\/03\/Nordic-Evolution-logo-2-gray-background.png","width":800,"height":800,"caption":"Nordic Evolution"},"image":{"@id":"https:\/\/nordic-evolution.com\/#\/schema\/logo\/image\/"},"sameAs":["https:\/\/www.facebook.com\/NordicEvolution","https:\/\/www.instagram.com\/nordicevolution\/","https:\/\/www.linkedin.com\/company\/nordic-evolution\/"]}]}},"_links":{"self":[{"href":"https:\/\/nordic-evolution.com\/es\/wp-json\/wp\/v2\/pages\/17033","targetHints":{"allow":["GET"]}}],"collection":[{"href":"https:\/\/nordic-evolution.com\/es\/wp-json\/wp\/v2\/pages"}],"about":[{"href":"https:\/\/nordic-evolution.com\/es\/wp-json\/wp\/v2\/types\/page"}],"author":[{"embeddable":true,"href":"https:\/\/nordic-evolution.com\/es\/wp-json\/wp\/v2\/users\/1"}],"replies":[{"embeddable":true,"href":"https:\/\/nordic-evolution.com\/es\/wp-json\/wp\/v2\/comments?post=17033"}],"version-history":[{"count":28,"href":"https:\/\/nordic-evolution.com\/es\/wp-json\/wp\/v2\/pages\/17033\/revisions"}],"predecessor-version":[{"id":17138,"href":"https:\/\/nordic-evolution.com\/es\/wp-json\/wp\/v2\/pages\/17033\/revisions\/17138"}],"wp:attachment":[{"href":"https:\/\/nordic-evolution.com\/es\/wp-json\/wp\/v2\/media?parent=17033"}],"curies":[{"name":"wp","href":"https:\/\/api.w.org\/{rel}","templated":true}]}}