{"id":17039,"date":"2023-10-21T08:01:32","date_gmt":"2023-10-21T08:01:32","guid":{"rendered":"https:\/\/nordic-evolution.com\/?page_id=17039"},"modified":"2023-10-25T18:04:16","modified_gmt":"2023-10-25T18:04:16","slug":"skating-with-digital-guides-for-visually-impaired","status":"publish","type":"page","link":"https:\/\/nordic-evolution.com\/es\/skating-with-digital-guides-for-visually-impaired\/","title":{"rendered":"Patinaje con gu\u00edas digitales para personas con discapacidad visual"},"content":{"rendered":"<div data-elementor-type=\"wp-page\" data-elementor-id=\"17039\" class=\"elementor elementor-17039\" data-elementor-post-type=\"page\">\n\t\t\t\t\t\t<section class=\"elementor-section elementor-top-section elementor-element elementor-element-79a697d elementor-section-boxed elementor-section-height-default elementor-section-height-default\" data-id=\"79a697d\" data-element_type=\"section\" data-e-type=\"section\" data-settings=\"{&quot;background_background&quot;:&quot;classic&quot;}\">\n\t\t\t\t\t\t\t<div class=\"elementor-background-overlay\"><\/div>\n\t\t\t\t\t\t\t<div class=\"elementor-container elementor-column-gap-default\">\n\t\t\t\t\t<div class=\"elementor-column elementor-col-100 elementor-top-column elementor-element elementor-element-963d8ad\" data-id=\"963d8ad\" data-element_type=\"column\" data-e-type=\"column\">\n\t\t\t<div class=\"elementor-widget-wrap elementor-element-populated\">\n\t\t\t\t\t\t<div class=\"elementor-element elementor-element-ca39444 elementor-widget elementor-widget-heading\" data-id=\"ca39444\" data-element_type=\"widget\" data-e-type=\"widget\" data-widget_type=\"heading.default\">\n\t\t\t\t<div class=\"elementor-widget-container\">\n\t\t\t\t\t<h1 class=\"elementor-heading-title elementor-size-default\">Patinaje<\/h1>\t\t\t\t<\/div>\n\t\t\t\t<\/div>\n\t\t\t\t<div class=\"elementor-element elementor-element-167c129 elementor-widget elementor-widget-heading\" data-id=\"167c129\" data-element_type=\"widget\" data-e-type=\"widget\" data-widget_type=\"heading.default\">\n\t\t\t\t<div class=\"elementor-widget-container\">\n\t\t\t\t\t<h2 class=\"elementor-heading-title elementor-size-default\">Con nuestras gu\u00edas digitales<\/h2>\t\t\t\t<\/div>\n\t\t\t\t<\/div>\n\t\t\t\t\t<\/div>\n\t\t<\/div>\n\t\t\t\t\t<\/div>\n\t\t<\/section>\n\t\t\t\t<section class=\"elementor-section elementor-top-section elementor-element elementor-element-07809f8 elementor-section-boxed elementor-section-height-default elementor-section-height-default\" data-id=\"07809f8\" data-element_type=\"section\" data-e-type=\"section\" data-settings=\"{&quot;background_background&quot;:&quot;classic&quot;}\">\n\t\t\t\t\t\t<div class=\"elementor-container elementor-column-gap-default\">\n\t\t\t\t\t<div class=\"elementor-column elementor-col-50 elementor-top-column elementor-element elementor-element-ab77863\" data-id=\"ab77863\" data-element_type=\"column\" data-e-type=\"column\">\n\t\t\t<div class=\"elementor-widget-wrap elementor-element-populated\">\n\t\t\t\t\t\t<div class=\"elementor-element elementor-element-14308f7 elementor-widget elementor-widget-heading\" data-id=\"14308f7\" data-element_type=\"widget\" data-e-type=\"widget\" data-widget_type=\"heading.default\">\n\t\t\t\t<div class=\"elementor-widget-container\">\n\t\t\t\t\t<h3 class=\"elementor-heading-title elementor-size-default\">Para usar todo el a\u00f1o<\/h3>\t\t\t\t<\/div>\n\t\t\t\t<\/div>\n\t\t\t\t<div class=\"elementor-element elementor-element-d770a22 elementor-widget elementor-widget-text-editor\" data-id=\"d770a22\" data-element_type=\"widget\" data-e-type=\"widget\" data-widget_type=\"text-editor.default\">\n\t\t\t\t<div class=\"elementor-widget-container\">\n\t\t\t\t\t\t\t\t\t<p>\u00bfAlguna vez has so\u00f1ado con patinar solo, incluso teniendo discapacidad visual? \u00a1Ahora puedes hacerlo con nuestro sistema de gu\u00eda digital! En el video, sigues a Loke, de 8 a\u00f1os, cuando intenta patinar por primera vez en una pista de hielo al aire libre.<\/p>\t\t\t\t\t\t\t\t<\/div>\n\t\t\t\t<\/div>\n\t\t\t\t<div class=\"elementor-element elementor-element-b543972 elementor-widget elementor-widget-text-editor\" data-id=\"b543972\" data-element_type=\"widget\" data-e-type=\"widget\" data-widget_type=\"text-editor.default\">\n\t\t\t\t<div class=\"elementor-widget-container\">\n\t\t\t\t\t\t\t\t\t<p>Hoy en d\u00eda, es habitual que los municipios de los pa\u00edses n\u00f3rdicos preparen pistas de patinaje sobre hielo en polideportivos municipales al aire libre, por lo que es natural utilizar gu\u00edas digitales tanto en verano como en invierno. Esto duplica su uso, ya que la misma ruta se puede usar para correr, caminar o patinar. Por supuesto, tambi\u00e9n puede crear sus propias rutas en lagos, etc., como prefiera. Si le interesa adaptar su instalaci\u00f3n deportiva, cont\u00e1ctenos y concertaremos una reuni\u00f3n con su municipio.<\/p>\t\t\t\t\t\t\t\t<\/div>\n\t\t\t\t<\/div>\n\t\t\t\t\t<\/div>\n\t\t<\/div>\n\t\t\t\t<div class=\"elementor-column elementor-col-50 elementor-top-column elementor-element elementor-element-a1464fb\" data-id=\"a1464fb\" data-element_type=\"column\" data-e-type=\"column\">\n\t\t\t<div class=\"elementor-widget-wrap elementor-element-populated\">\n\t\t\t\t\t\t<div class=\"elementor-element elementor-element-c83058d elementor-widget elementor-widget-video\" data-id=\"c83058d\" data-element_type=\"widget\" data-e-type=\"widget\" data-settings=\"{&quot;youtube_url&quot;:&quot;https:\\\/\\\/youtu.be\\\/UigNQEFUcPs&quot;,&quot;lazy_load&quot;:&quot;yes&quot;,&quot;video_type&quot;:&quot;youtube&quot;,&quot;controls&quot;:&quot;yes&quot;}\" data-widget_type=\"video.default\">\n\t\t\t\t<div class=\"elementor-widget-container\">\n\t\t\t\t\t\t\t<div class=\"elementor-wrapper elementor-open-inline\">\n\t\t\t<div class=\"elementor-video\"><\/div>\t\t<\/div>\n\t\t\t\t\t\t<\/div>\n\t\t\t\t<\/div>\n\t\t\t\t<div class=\"elementor-element elementor-element-c2a7484 elementor-widget elementor-widget-heading\" data-id=\"c2a7484\" data-element_type=\"widget\" data-e-type=\"widget\" data-widget_type=\"heading.default\">\n\t\t\t\t<div class=\"elementor-widget-container\">\n\t\t\t\t\t<h5 class=\"elementor-heading-title elementor-size-default\">Loke, que tiene discapacidad visual, patina con gu\u00eda digital por primera vez.<\/h5>\t\t\t\t<\/div>\n\t\t\t\t<\/div>\n\t\t\t\t\t<\/div>\n\t\t<\/div>\n\t\t\t\t\t<\/div>\n\t\t<\/section>\n\t\t\t\t<\/div>","protected":false},"excerpt":{"rendered":"<p>Skating With our digital guides For use all year around Have you ever dreamed of skating all by yourself even though you are visually impaired? Now you can do it with our digital guidance system! In the video you follow Loke, 8 years old, when he for the first time tries skating on a outside [&hellip;]<\/p>\n","protected":false},"author":1,"featured_media":0,"parent":0,"menu_order":0,"comment_status":"closed","ping_status":"closed","template":"","meta":{"footnotes":""},"class_list":["post-17039","page","type-page","status-publish","hentry"],"yoast_head":"<!-- This site is optimized with the Yoast SEO plugin v27.4 - https:\/\/yoast.com\/product\/yoast-seo-wordpress\/ -->\n<title>Skating with digital guides for visually impaired - Nordic Evolution - Digital guide systems<\/title>\n<meta name=\"robots\" content=\"index, follow, max-snippet:-1, max-image-preview:large, max-video-preview:-1\" \/>\n<link rel=\"canonical\" href=\"https:\/\/nordic-evolution.com\/es\/skating-with-digital-guides-for-visually-impaired\/\" \/>\n<meta property=\"og:locale\" content=\"es_ES\" \/>\n<meta property=\"og:type\" content=\"article\" \/>\n<meta property=\"og:title\" content=\"Skating with digital guides for visually impaired - Nordic Evolution - Digital guide systems\" \/>\n<meta property=\"og:description\" content=\"Skating With our digital guides For use all year around Have you ever dreamed of skating all by yourself even though you are visually impaired? Now you can do it with our digital guidance system! In the video you follow Loke, 8 years old, when he for the first time tries skating on a outside [&hellip;]\" \/>\n<meta property=\"og:url\" content=\"https:\/\/nordic-evolution.com\/es\/skating-with-digital-guides-for-visually-impaired\/\" \/>\n<meta property=\"og:site_name\" content=\"Nordic Evolution - Digital guide systems\" \/>\n<meta property=\"article:publisher\" content=\"https:\/\/www.facebook.com\/NordicEvolution\" \/>\n<meta property=\"article:modified_time\" content=\"2023-10-25T18:04:16+00:00\" \/>\n<meta name=\"twitter:card\" content=\"summary_large_image\" \/>\n<meta name=\"twitter:label1\" content=\"Tiempo de lectura\" \/>\n\t<meta name=\"twitter:data1\" content=\"1 minuto\" \/>\n<script type=\"application\/ld+json\" class=\"yoast-schema-graph\">{\"@context\":\"https:\\\/\\\/schema.org\",\"@graph\":[{\"@type\":\"WebPage\",\"@id\":\"https:\\\/\\\/nordic-evolution.com\\\/skating-with-digital-guides-for-visually-impaired\\\/\",\"url\":\"https:\\\/\\\/nordic-evolution.com\\\/skating-with-digital-guides-for-visually-impaired\\\/\",\"name\":\"Skating with digital guides for visually impaired - Nordic Evolution - Digital guide systems\",\"isPartOf\":{\"@id\":\"https:\\\/\\\/nordic-evolution.com\\\/#website\"},\"datePublished\":\"2023-10-21T08:01:32+00:00\",\"dateModified\":\"2023-10-25T18:04:16+00:00\",\"breadcrumb\":{\"@id\":\"https:\\\/\\\/nordic-evolution.com\\\/skating-with-digital-guides-for-visually-impaired\\\/#breadcrumb\"},\"inLanguage\":\"es\",\"potentialAction\":[{\"@type\":\"ReadAction\",\"target\":[\"https:\\\/\\\/nordic-evolution.com\\\/skating-with-digital-guides-for-visually-impaired\\\/\"]}]},{\"@type\":\"BreadcrumbList\",\"@id\":\"https:\\\/\\\/nordic-evolution.com\\\/skating-with-digital-guides-for-visually-impaired\\\/#breadcrumb\",\"itemListElement\":[{\"@type\":\"ListItem\",\"position\":1,\"name\":\"Home\",\"item\":\"https:\\\/\\\/nordic-evolution.com\\\/\"},{\"@type\":\"ListItem\",\"position\":2,\"name\":\"Skating with digital guides for visually impaired\"}]},{\"@type\":\"WebSite\",\"@id\":\"https:\\\/\\\/nordic-evolution.com\\\/#website\",\"url\":\"https:\\\/\\\/nordic-evolution.com\\\/\",\"name\":\"Audio guidance systems for visually impaired athletes\",\"description\":\"Digital guide systems for visually impaired athletes\",\"publisher\":{\"@id\":\"https:\\\/\\\/nordic-evolution.com\\\/#organization\"},\"alternateName\":\"Nordic Evolution\",\"potentialAction\":[{\"@type\":\"SearchAction\",\"target\":{\"@type\":\"EntryPoint\",\"urlTemplate\":\"https:\\\/\\\/nordic-evolution.com\\\/?s={search_term_string}\"},\"query-input\":{\"@type\":\"PropertyValueSpecification\",\"valueRequired\":true,\"valueName\":\"search_term_string\"}}],\"inLanguage\":\"es\"},{\"@type\":\"Organization\",\"@id\":\"https:\\\/\\\/nordic-evolution.com\\\/#organization\",\"name\":\"Nordic Evolution\",\"url\":\"https:\\\/\\\/nordic-evolution.com\\\/\",\"logo\":{\"@type\":\"ImageObject\",\"inLanguage\":\"es\",\"@id\":\"https:\\\/\\\/nordic-evolution.com\\\/#\\\/schema\\\/logo\\\/image\\\/\",\"url\":\"https:\\\/\\\/nordic-evolution.com\\\/wp-content\\\/uploads\\\/2022\\\/03\\\/Nordic-Evolution-logo-2-gray-background.png\",\"contentUrl\":\"https:\\\/\\\/nordic-evolution.com\\\/wp-content\\\/uploads\\\/2022\\\/03\\\/Nordic-Evolution-logo-2-gray-background.png\",\"width\":800,\"height\":800,\"caption\":\"Nordic Evolution\"},\"image\":{\"@id\":\"https:\\\/\\\/nordic-evolution.com\\\/#\\\/schema\\\/logo\\\/image\\\/\"},\"sameAs\":[\"https:\\\/\\\/www.facebook.com\\\/NordicEvolution\",\"https:\\\/\\\/www.instagram.com\\\/nordicevolution\\\/\",\"https:\\\/\\\/www.linkedin.com\\\/company\\\/nordic-evolution\\\/\"]}]}<\/script>\n<!-- \/ Yoast SEO plugin. -->","yoast_head_json":{"title":"Patinaje con gu\u00edas digitales para personas con discapacidad visual - Nordic Evolution - Sistemas de gu\u00edas digitales","robots":{"index":"index","follow":"follow","max-snippet":"max-snippet:-1","max-image-preview":"max-image-preview:large","max-video-preview":"max-video-preview:-1"},"canonical":"https:\/\/nordic-evolution.com\/es\/skating-with-digital-guides-for-visually-impaired\/","og_locale":"es_ES","og_type":"article","og_title":"Skating with digital guides for visually impaired - Nordic Evolution - Digital guide systems","og_description":"Skating With our digital guides For use all year around Have you ever dreamed of skating all by yourself even though you are visually impaired? Now you can do it with our digital guidance system! In the video you follow Loke, 8 years old, when he for the first time tries skating on a outside [&hellip;]","og_url":"https:\/\/nordic-evolution.com\/es\/skating-with-digital-guides-for-visually-impaired\/","og_site_name":"Nordic Evolution - Digital guide systems","article_publisher":"https:\/\/www.facebook.com\/NordicEvolution","article_modified_time":"2023-10-25T18:04:16+00:00","twitter_card":"summary_large_image","twitter_misc":{"Tiempo de lectura":"1 minuto"},"schema":{"@context":"https:\/\/schema.org","@graph":[{"@type":"WebPage","@id":"https:\/\/nordic-evolution.com\/skating-with-digital-guides-for-visually-impaired\/","url":"https:\/\/nordic-evolution.com\/skating-with-digital-guides-for-visually-impaired\/","name":"Patinaje con gu\u00edas digitales para personas con discapacidad visual - Nordic Evolution - Sistemas de gu\u00edas digitales","isPartOf":{"@id":"https:\/\/nordic-evolution.com\/#website"},"datePublished":"2023-10-21T08:01:32+00:00","dateModified":"2023-10-25T18:04:16+00:00","breadcrumb":{"@id":"https:\/\/nordic-evolution.com\/skating-with-digital-guides-for-visually-impaired\/#breadcrumb"},"inLanguage":"es","potentialAction":[{"@type":"ReadAction","target":["https:\/\/nordic-evolution.com\/skating-with-digital-guides-for-visually-impaired\/"]}]},{"@type":"BreadcrumbList","@id":"https:\/\/nordic-evolution.com\/skating-with-digital-guides-for-visually-impaired\/#breadcrumb","itemListElement":[{"@type":"ListItem","position":1,"name":"Home","item":"https:\/\/nordic-evolution.com\/"},{"@type":"ListItem","position":2,"name":"Skating with digital guides for visually impaired"}]},{"@type":"WebSite","@id":"https:\/\/nordic-evolution.com\/#website","url":"https:\/\/nordic-evolution.com\/","name":"Sistemas de audiogu\u00eda para deportistas con discapacidad visual","description":"Sistemas de gu\u00eda digital para deportistas con discapacidad visual","publisher":{"@id":"https:\/\/nordic-evolution.com\/#organization"},"alternateName":"Nordic Evolution","potentialAction":[{"@type":"SearchAction","target":{"@type":"EntryPoint","urlTemplate":"https:\/\/nordic-evolution.com\/?s={search_term_string}"},"query-input":{"@type":"PropertyValueSpecification","valueRequired":true,"valueName":"search_term_string"}}],"inLanguage":"es"},{"@type":"Organization","@id":"https:\/\/nordic-evolution.com\/#organization","name":"Evoluci\u00f3n n\u00f3rdica","url":"https:\/\/nordic-evolution.com\/","logo":{"@type":"ImageObject","inLanguage":"es","@id":"https:\/\/nordic-evolution.com\/#\/schema\/logo\/image\/","url":"https:\/\/nordic-evolution.com\/wp-content\/uploads\/2022\/03\/Nordic-Evolution-logo-2-gray-background.png","contentUrl":"https:\/\/nordic-evolution.com\/wp-content\/uploads\/2022\/03\/Nordic-Evolution-logo-2-gray-background.png","width":800,"height":800,"caption":"Nordic Evolution"},"image":{"@id":"https:\/\/nordic-evolution.com\/#\/schema\/logo\/image\/"},"sameAs":["https:\/\/www.facebook.com\/NordicEvolution","https:\/\/www.instagram.com\/nordicevolution\/","https:\/\/www.linkedin.com\/company\/nordic-evolution\/"]}]}},"_links":{"self":[{"href":"https:\/\/nordic-evolution.com\/es\/wp-json\/wp\/v2\/pages\/17039","targetHints":{"allow":["GET"]}}],"collection":[{"href":"https:\/\/nordic-evolution.com\/es\/wp-json\/wp\/v2\/pages"}],"about":[{"href":"https:\/\/nordic-evolution.com\/es\/wp-json\/wp\/v2\/types\/page"}],"author":[{"embeddable":true,"href":"https:\/\/nordic-evolution.com\/es\/wp-json\/wp\/v2\/users\/1"}],"replies":[{"embeddable":true,"href":"https:\/\/nordic-evolution.com\/es\/wp-json\/wp\/v2\/comments?post=17039"}],"version-history":[{"count":20,"href":"https:\/\/nordic-evolution.com\/es\/wp-json\/wp\/v2\/pages\/17039\/revisions"}],"predecessor-version":[{"id":17135,"href":"https:\/\/nordic-evolution.com\/es\/wp-json\/wp\/v2\/pages\/17039\/revisions\/17135"}],"wp:attachment":[{"href":"https:\/\/nordic-evolution.com\/es\/wp-json\/wp\/v2\/media?parent=17039"}],"curies":[{"name":"wp","href":"https:\/\/api.w.org\/{rel}","templated":true}]}}