{"id":14437,"date":"2022-08-09T18:45:30","date_gmt":"2022-08-09T18:45:30","guid":{"rendered":"https:\/\/nordic-evolution.com\/?page_id=14437"},"modified":"2023-08-23T07:41:16","modified_gmt":"2023-08-23T07:41:16","slug":"upcoming-events-with-digital-guidance","status":"publish","type":"page","link":"https:\/\/nordic-evolution.com\/fi\/upcoming-events-with-digital-guidance\/","title":{"rendered":"Tulevat tapahtumat"},"content":{"rendered":"<div data-elementor-type=\"wp-page\" data-elementor-id=\"14437\" class=\"elementor elementor-14437\" data-elementor-post-type=\"page\">\n\t\t\t\t\t\t<section class=\"elementor-section elementor-top-section elementor-element elementor-element-06a794a elementor-section-boxed elementor-section-height-default elementor-section-height-default\" data-id=\"06a794a\" data-element_type=\"section\" data-e-type=\"section\" data-settings=\"{&quot;background_background&quot;:&quot;classic&quot;}\">\n\t\t\t\t\t\t\t<div class=\"elementor-background-overlay\"><\/div>\n\t\t\t\t\t\t\t<div class=\"elementor-container elementor-column-gap-default\">\n\t\t\t\t\t<div class=\"elementor-column elementor-col-100 elementor-top-column elementor-element elementor-element-9c6a132\" data-id=\"9c6a132\" data-element_type=\"column\" data-e-type=\"column\">\n\t\t\t<div class=\"elementor-widget-wrap elementor-element-populated\">\n\t\t\t\t\t\t<div class=\"elementor-element elementor-element-79b76fc elementor-widget elementor-widget-heading\" data-id=\"79b76fc\" data-element_type=\"widget\" data-e-type=\"widget\" data-widget_type=\"heading.default\">\n\t\t\t\t<div class=\"elementor-widget-container\">\n\t\t\t\t\t<h1 class=\"elementor-heading-title elementor-size-default\">Tulevat tapahtumat<\/h1>\t\t\t\t<\/div>\n\t\t\t\t<\/div>\n\t\t\t\t<div class=\"elementor-element elementor-element-9450dc6 elementor-widget elementor-widget-heading\" data-id=\"9450dc6\" data-element_type=\"widget\" data-e-type=\"widget\" data-widget_type=\"heading.default\">\n\t\t\t\t<div class=\"elementor-widget-container\">\n\t\t\t\t\t<h2 class=\"elementor-heading-title elementor-size-default\">Miss\u00e4 voit kokeilla digitaalisia oppaitamme<\/h2>\t\t\t\t<\/div>\n\t\t\t\t<\/div>\n\t\t\t\t\t<\/div>\n\t\t<\/div>\n\t\t\t\t\t<\/div>\n\t\t<\/section>\n\t\t\t\t<section class=\"elementor-section elementor-top-section elementor-element elementor-element-3790e82 elementor-section-boxed elementor-section-height-default elementor-section-height-default\" data-id=\"3790e82\" data-element_type=\"section\" data-e-type=\"section\" data-settings=\"{&quot;background_background&quot;:&quot;classic&quot;}\">\n\t\t\t\t\t\t<div class=\"elementor-container elementor-column-gap-default\">\n\t\t\t\t\t<div class=\"elementor-column elementor-col-50 elementor-top-column elementor-element elementor-element-bcf5bb1\" data-id=\"bcf5bb1\" data-element_type=\"column\" data-e-type=\"column\">\n\t\t\t<div class=\"elementor-widget-wrap elementor-element-populated\">\n\t\t\t\t\t\t<div class=\"elementor-element elementor-element-aadb39d elementor-widget elementor-widget-heading\" data-id=\"aadb39d\" data-element_type=\"widget\" data-e-type=\"widget\" data-widget_type=\"heading.default\">\n\t\t\t\t<div class=\"elementor-widget-container\">\n\t\t\t\t\t<h3 class=\"elementor-heading-title elementor-size-default\">LAUKUKANOITTI<\/h3>\t\t\t\t<\/div>\n\t\t\t\t<\/div>\n\t\t\t\t<div class=\"elementor-element elementor-element-f10f6f9 elementor-widget elementor-widget-heading\" data-id=\"f10f6f9\" data-element_type=\"widget\" data-e-type=\"widget\" data-widget_type=\"heading.default\">\n\t\t\t\t<div class=\"elementor-widget-container\">\n\t\t\t\t\t<h4 class=\"elementor-heading-title elementor-size-default\">9. SYYSKUUTA J\u00d6NK\u00d6PING<\/h4>\t\t\t\t<\/div>\n\t\t\t\t<\/div>\n\t\t\t\t<div class=\"elementor-element elementor-element-6160a24 elementor-widget elementor-widget-text-editor\" data-id=\"6160a24\" data-element_type=\"widget\" data-e-type=\"widget\" data-widget_type=\"text-editor.default\">\n\t\t\t\t<div class=\"elementor-widget-container\">\n\t\t\t\t\t\t\t\t\t<p>Syyskuun 9. p\u00e4iv\u00e4n\u00e4 Ruotsin melontaliitto j\u00e4rjest\u00e4\u00e4 yhdess\u00e4 Huskvarnan ja J\u00f6nk\u00f6pingin kanoottiseuran kanssa tapahtuman, jossa p\u00e4\u00e4set kokeilemaan para-melontaa. Tapahtuma j\u00e4rjestet\u00e4\u00e4n Kanotstadion J\u00f6nk\u00f6ping Energi Arenalla, jossa my\u00f6s Nordic Evolution on paikalla testaamassa digitaalista opasj\u00e4rjestelm\u00e4\u00e4mme! Lue lis\u00e4\u00e4 osoitteessa <a href=\"https:\/\/kanot.com\/grenar\/parakanot\/nyheter-parakanot\/parakanot\/2023-08-15-introtavling-for-personer-med-funktionsnedsattning\" target=\"_blank\" rel=\"noopener\">\u201cKanotf\u00f6rbundet\u201d<\/a>.<\/p>\t\t\t\t\t\t\t\t<\/div>\n\t\t\t\t<\/div>\n\t\t\t\t\t<\/div>\n\t\t<\/div>\n\t\t\t\t<div class=\"elementor-column elementor-col-50 elementor-top-column elementor-element elementor-element-965d569\" data-id=\"965d569\" data-element_type=\"column\" data-e-type=\"column\">\n\t\t\t<div class=\"elementor-widget-wrap elementor-element-populated\">\n\t\t\t\t\t\t<div class=\"elementor-element elementor-element-df4d6a1 elementor-widget elementor-widget-heading\" data-id=\"df4d6a1\" data-element_type=\"widget\" data-e-type=\"widget\" data-widget_type=\"heading.default\">\n\t\t\t\t<div class=\"elementor-widget-container\">\n\t\t\t\t\t<h3 class=\"elementor-heading-title elementor-size-default\">IDROTTSHELGEN 2023<\/h3>\t\t\t\t<\/div>\n\t\t\t\t<\/div>\n\t\t\t\t<div class=\"elementor-element elementor-element-f408d23 elementor-widget elementor-widget-heading\" data-id=\"f408d23\" data-element_type=\"widget\" data-e-type=\"widget\" data-widget_type=\"heading.default\">\n\t\t\t\t<div class=\"elementor-widget-container\">\n\t\t\t\t\t<h4 class=\"elementor-heading-title elementor-size-default\">20.-22.10., Eskilstuna<\/h4>\t\t\t\t<\/div>\n\t\t\t\t<\/div>\n\t\t\t\t<div class=\"elementor-element elementor-element-e903781 elementor-widget elementor-widget-text-editor\" data-id=\"e903781\" data-element_type=\"widget\" data-e-type=\"widget\" data-widget_type=\"text-editor.default\">\n\t\t\t\t<div class=\"elementor-widget-container\">\n\t\t\t\t\t\t\t\t\t<p>Liikuntaviikonloppu j\u00e4rjestet\u00e4\u00e4n vuosittain 8-20-vuotiaille n\u00e4k\u00f6vammaisille tai sokeille nuorille. Lue lis\u00e4\u00e4 osoitteessa <a href=\"https:\/\/www.spsm.se\/funktionsnedsattningar\/synnedsattning\/idrottshelg\/\" target=\"_blank\" rel=\"noopener\">SPSM<\/a>.<\/p>\t\t\t\t\t\t\t\t<\/div>\n\t\t\t\t<\/div>\n\t\t\t\t\t<\/div>\n\t\t<\/div>\n\t\t\t\t\t<\/div>\n\t\t<\/section>\n\t\t\t\t<\/div>","protected":false},"excerpt":{"rendered":"<p>Upcoming events Where you can try our digital guides PARA-CANOEING 9 SEPTEMBER, J\u00d6NK\u00d6PING On the 9th of September, the Swedish Canoeing Association together with Huskvarna canoe club and J\u00f6nk\u00f6ping canoe club organizes an event where you get the chance to try para-canoeing. The event will take place at the Kanotstadion J\u00f6nk\u00f6ping Energi Arena where Nordic [&hellip;]<\/p>\n","protected":false},"author":1,"featured_media":0,"parent":0,"menu_order":0,"comment_status":"closed","ping_status":"closed","template":"","meta":{"footnotes":""},"class_list":["post-14437","page","type-page","status-publish","hentry"],"yoast_head":"<!-- This site is optimized with the Yoast SEO plugin v27.5 - https:\/\/yoast.com\/product\/yoast-seo-wordpress\/ -->\n<title>Upcoming events for visually impaired and digital guides<\/title>\n<meta name=\"description\" content=\"Upcoming events where visually impaired could try digital guidance\" \/>\n<meta name=\"robots\" content=\"index, follow, max-snippet:-1, max-image-preview:large, max-video-preview:-1\" \/>\n<link rel=\"canonical\" href=\"https:\/\/nordic-evolution.com\/fi\/upcoming-events-with-digital-guidance\/\" \/>\n<meta property=\"og:locale\" content=\"fi_FI\" \/>\n<meta property=\"og:type\" content=\"article\" \/>\n<meta property=\"og:title\" content=\"Upcoming events for visually impaired and digital guides\" \/>\n<meta property=\"og:description\" content=\"Upcoming events where visually impaired could try digital guidance\" \/>\n<meta property=\"og:url\" content=\"https:\/\/nordic-evolution.com\/fi\/upcoming-events-with-digital-guidance\/\" \/>\n<meta property=\"og:site_name\" content=\"Nordic Evolution - Digital guide systems\" \/>\n<meta property=\"article:publisher\" content=\"https:\/\/www.facebook.com\/NordicEvolution\" \/>\n<meta property=\"article:modified_time\" content=\"2023-08-23T07:41:16+00:00\" \/>\n<meta name=\"twitter:card\" content=\"summary_large_image\" \/>\n<meta name=\"twitter:label1\" content=\"Arvioitu lukuaika\" \/>\n\t<meta name=\"twitter:data1\" content=\"1 minuutti\" \/>\n<script type=\"application\/ld+json\" class=\"yoast-schema-graph\">{\"@context\":\"https:\\\/\\\/schema.org\",\"@graph\":[{\"@type\":\"WebPage\",\"@id\":\"https:\\\/\\\/nordic-evolution.com\\\/upcoming-events-with-digital-guidance\\\/\",\"url\":\"https:\\\/\\\/nordic-evolution.com\\\/upcoming-events-with-digital-guidance\\\/\",\"name\":\"Upcoming events for visually impaired and digital guides\",\"isPartOf\":{\"@id\":\"https:\\\/\\\/nordic-evolution.com\\\/#website\"},\"datePublished\":\"2022-08-09T18:45:30+00:00\",\"dateModified\":\"2023-08-23T07:41:16+00:00\",\"description\":\"Upcoming events where visually impaired could try digital guidance\",\"breadcrumb\":{\"@id\":\"https:\\\/\\\/nordic-evolution.com\\\/upcoming-events-with-digital-guidance\\\/#breadcrumb\"},\"inLanguage\":\"fi\",\"potentialAction\":[{\"@type\":\"ReadAction\",\"target\":[\"https:\\\/\\\/nordic-evolution.com\\\/upcoming-events-with-digital-guidance\\\/\"]}]},{\"@type\":\"BreadcrumbList\",\"@id\":\"https:\\\/\\\/nordic-evolution.com\\\/upcoming-events-with-digital-guidance\\\/#breadcrumb\",\"itemListElement\":[{\"@type\":\"ListItem\",\"position\":1,\"name\":\"Home\",\"item\":\"https:\\\/\\\/nordic-evolution.com\\\/\"},{\"@type\":\"ListItem\",\"position\":2,\"name\":\"Upcoming events\"}]},{\"@type\":\"WebSite\",\"@id\":\"https:\\\/\\\/nordic-evolution.com\\\/#website\",\"url\":\"https:\\\/\\\/nordic-evolution.com\\\/\",\"name\":\"Audio guidance systems for visually impaired athletes\",\"description\":\"Digital guide systems for visually impaired athletes\",\"publisher\":{\"@id\":\"https:\\\/\\\/nordic-evolution.com\\\/#organization\"},\"alternateName\":\"Nordic Evolution\",\"potentialAction\":[{\"@type\":\"SearchAction\",\"target\":{\"@type\":\"EntryPoint\",\"urlTemplate\":\"https:\\\/\\\/nordic-evolution.com\\\/?s={search_term_string}\"},\"query-input\":{\"@type\":\"PropertyValueSpecification\",\"valueRequired\":true,\"valueName\":\"search_term_string\"}}],\"inLanguage\":\"fi\"},{\"@type\":\"Organization\",\"@id\":\"https:\\\/\\\/nordic-evolution.com\\\/#organization\",\"name\":\"Nordic Evolution\",\"url\":\"https:\\\/\\\/nordic-evolution.com\\\/\",\"logo\":{\"@type\":\"ImageObject\",\"inLanguage\":\"fi\",\"@id\":\"https:\\\/\\\/nordic-evolution.com\\\/#\\\/schema\\\/logo\\\/image\\\/\",\"url\":\"https:\\\/\\\/nordic-evolution.com\\\/wp-content\\\/uploads\\\/2022\\\/03\\\/Nordic-Evolution-logo-2-gray-background.png\",\"contentUrl\":\"https:\\\/\\\/nordic-evolution.com\\\/wp-content\\\/uploads\\\/2022\\\/03\\\/Nordic-Evolution-logo-2-gray-background.png\",\"width\":800,\"height\":800,\"caption\":\"Nordic Evolution\"},\"image\":{\"@id\":\"https:\\\/\\\/nordic-evolution.com\\\/#\\\/schema\\\/logo\\\/image\\\/\"},\"sameAs\":[\"https:\\\/\\\/www.facebook.com\\\/NordicEvolution\",\"https:\\\/\\\/www.instagram.com\\\/nordicevolution\\\/\",\"https:\\\/\\\/www.linkedin.com\\\/company\\\/nordic-evolution\\\/\"]}]}<\/script>\n<!-- \/ Yoast SEO plugin. -->","yoast_head_json":{"title":"Tulevia tapahtumia n\u00e4k\u00f6vammaisille ja digitaalisille oppaille","description":"Tulevia tapahtumia, joissa n\u00e4k\u00f6vammaiset voivat kokeilla digitaalista opastusta","robots":{"index":"index","follow":"follow","max-snippet":"max-snippet:-1","max-image-preview":"max-image-preview:large","max-video-preview":"max-video-preview:-1"},"canonical":"https:\/\/nordic-evolution.com\/fi\/upcoming-events-with-digital-guidance\/","og_locale":"fi_FI","og_type":"article","og_title":"Upcoming events for visually impaired and digital guides","og_description":"Upcoming events where visually impaired could try digital guidance","og_url":"https:\/\/nordic-evolution.com\/fi\/upcoming-events-with-digital-guidance\/","og_site_name":"Nordic Evolution - Digital guide systems","article_publisher":"https:\/\/www.facebook.com\/NordicEvolution","article_modified_time":"2023-08-23T07:41:16+00:00","twitter_card":"summary_large_image","twitter_misc":{"Arvioitu lukuaika":"1 minuutti"},"schema":{"@context":"https:\/\/schema.org","@graph":[{"@type":"WebPage","@id":"https:\/\/nordic-evolution.com\/upcoming-events-with-digital-guidance\/","url":"https:\/\/nordic-evolution.com\/upcoming-events-with-digital-guidance\/","name":"Tulevia tapahtumia n\u00e4k\u00f6vammaisille ja digitaalisille oppaille","isPartOf":{"@id":"https:\/\/nordic-evolution.com\/#website"},"datePublished":"2022-08-09T18:45:30+00:00","dateModified":"2023-08-23T07:41:16+00:00","description":"Tulevia tapahtumia, joissa n\u00e4k\u00f6vammaiset voivat kokeilla digitaalista opastusta","breadcrumb":{"@id":"https:\/\/nordic-evolution.com\/upcoming-events-with-digital-guidance\/#breadcrumb"},"inLanguage":"fi","potentialAction":[{"@type":"ReadAction","target":["https:\/\/nordic-evolution.com\/upcoming-events-with-digital-guidance\/"]}]},{"@type":"BreadcrumbList","@id":"https:\/\/nordic-evolution.com\/upcoming-events-with-digital-guidance\/#breadcrumb","itemListElement":[{"@type":"ListItem","position":1,"name":"Home","item":"https:\/\/nordic-evolution.com\/"},{"@type":"ListItem","position":2,"name":"Upcoming events"}]},{"@type":"WebSite","@id":"https:\/\/nordic-evolution.com\/#website","url":"https:\/\/nordic-evolution.com\/","name":"\u00c4\u00e4niohjausj\u00e4rjestelm\u00e4t n\u00e4k\u00f6vammaisille urheilijoille","description":"Digitaaliset opasj\u00e4rjestelm\u00e4t n\u00e4k\u00f6vammaisille urheilijoille","publisher":{"@id":"https:\/\/nordic-evolution.com\/#organization"},"alternateName":"Nordic Evolution","potentialAction":[{"@type":"SearchAction","target":{"@type":"EntryPoint","urlTemplate":"https:\/\/nordic-evolution.com\/?s={search_term_string}"},"query-input":{"@type":"PropertyValueSpecification","valueRequired":true,"valueName":"search_term_string"}}],"inLanguage":"fi"},{"@type":"Organization","@id":"https:\/\/nordic-evolution.com\/#organization","name":"Nordic Evolution","url":"https:\/\/nordic-evolution.com\/","logo":{"@type":"ImageObject","inLanguage":"fi","@id":"https:\/\/nordic-evolution.com\/#\/schema\/logo\/image\/","url":"https:\/\/nordic-evolution.com\/wp-content\/uploads\/2022\/03\/Nordic-Evolution-logo-2-gray-background.png","contentUrl":"https:\/\/nordic-evolution.com\/wp-content\/uploads\/2022\/03\/Nordic-Evolution-logo-2-gray-background.png","width":800,"height":800,"caption":"Nordic Evolution"},"image":{"@id":"https:\/\/nordic-evolution.com\/#\/schema\/logo\/image\/"},"sameAs":["https:\/\/www.facebook.com\/NordicEvolution","https:\/\/www.instagram.com\/nordicevolution\/","https:\/\/www.linkedin.com\/company\/nordic-evolution\/"]}]}},"_links":{"self":[{"href":"https:\/\/nordic-evolution.com\/fi\/wp-json\/wp\/v2\/pages\/14437","targetHints":{"allow":["GET"]}}],"collection":[{"href":"https:\/\/nordic-evolution.com\/fi\/wp-json\/wp\/v2\/pages"}],"about":[{"href":"https:\/\/nordic-evolution.com\/fi\/wp-json\/wp\/v2\/types\/page"}],"author":[{"embeddable":true,"href":"https:\/\/nordic-evolution.com\/fi\/wp-json\/wp\/v2\/users\/1"}],"replies":[{"embeddable":true,"href":"https:\/\/nordic-evolution.com\/fi\/wp-json\/wp\/v2\/comments?post=14437"}],"version-history":[{"count":49,"href":"https:\/\/nordic-evolution.com\/fi\/wp-json\/wp\/v2\/pages\/14437\/revisions"}],"predecessor-version":[{"id":17001,"href":"https:\/\/nordic-evolution.com\/fi\/wp-json\/wp\/v2\/pages\/14437\/revisions\/17001"}],"wp:attachment":[{"href":"https:\/\/nordic-evolution.com\/fi\/wp-json\/wp\/v2\/media?parent=14437"}],"curies":[{"name":"wp","href":"https:\/\/api.w.org\/{rel}","templated":true}]}}