{"id":15780,"date":"2023-01-30T20:50:50","date_gmt":"2023-01-30T20:50:50","guid":{"rendered":"https:\/\/nordic-evolution.com\/?page_id=15780"},"modified":"2025-05-03T13:50:19","modified_gmt":"2025-05-03T13:50:19","slug":"indoor-development-projects","status":"publish","type":"page","link":"https:\/\/nordic-evolution.com\/fi\/indoor-development-projects\/","title":{"rendered":"Sis\u00e4tilojen kehitysprojektit"},"content":{"rendered":"<div data-elementor-type=\"wp-page\" data-elementor-id=\"15780\" class=\"elementor elementor-15780\" data-elementor-post-type=\"page\">\n\t\t\t\t\t\t<section class=\"elementor-section elementor-top-section elementor-element elementor-element-be1aadb elementor-section-boxed elementor-section-height-default elementor-section-height-default\" data-id=\"be1aadb\" data-element_type=\"section\" data-e-type=\"section\" data-settings=\"{&quot;background_background&quot;:&quot;classic&quot;}\">\n\t\t\t\t\t\t\t<div class=\"elementor-background-overlay\"><\/div>\n\t\t\t\t\t\t\t<div class=\"elementor-container elementor-column-gap-default\">\n\t\t\t\t\t<div class=\"elementor-column elementor-col-100 elementor-top-column elementor-element elementor-element-59e300b\" data-id=\"59e300b\" data-element_type=\"column\" data-e-type=\"column\">\n\t\t\t<div class=\"elementor-widget-wrap elementor-element-populated\">\n\t\t\t\t\t\t<div class=\"elementor-element elementor-element-9ac9ccf elementor-widget elementor-widget-heading\" data-id=\"9ac9ccf\" data-element_type=\"widget\" data-e-type=\"widget\" data-widget_type=\"heading.default\">\n\t\t\t\t<div class=\"elementor-widget-container\">\n\t\t\t\t\t<h1 class=\"elementor-heading-title elementor-size-default\">sis\u00e4tilojen kehitysprojektit\n<\/h1>\t\t\t\t<\/div>\n\t\t\t\t<\/div>\n\t\t\t\t<div class=\"elementor-element elementor-element-1d292db elementor-widget elementor-widget-heading\" data-id=\"1d292db\" data-element_type=\"widget\" data-e-type=\"widget\" data-widget_type=\"heading.default\">\n\t\t\t\t<div class=\"elementor-widget-container\">\n\t\t\t\t\t<h2 class=\"elementor-heading-title elementor-size-default\">Digitaalisten oppaidemme avulla<\/h2>\t\t\t\t<\/div>\n\t\t\t\t<\/div>\n\t\t\t\t\t<\/div>\n\t\t<\/div>\n\t\t\t\t\t<\/div>\n\t\t<\/section>\n\t\t\t\t<section class=\"elementor-section elementor-top-section elementor-element elementor-element-da6c07e elementor-section-boxed elementor-section-height-default elementor-section-height-default\" data-id=\"da6c07e\" data-element_type=\"section\" data-e-type=\"section\" data-settings=\"{&quot;background_background&quot;:&quot;classic&quot;}\">\n\t\t\t\t\t\t<div class=\"elementor-container elementor-column-gap-default\">\n\t\t\t\t\t<div class=\"elementor-column elementor-col-100 elementor-top-column elementor-element elementor-element-03317c4\" data-id=\"03317c4\" data-element_type=\"column\" data-e-type=\"column\">\n\t\t\t<div class=\"elementor-widget-wrap elementor-element-populated\">\n\t\t\t\t\t\t<div class=\"elementor-element elementor-element-a56d96f elementor-widget elementor-widget-heading\" data-id=\"a56d96f\" data-element_type=\"widget\" data-e-type=\"widget\" data-widget_type=\"heading.default\">\n\t\t\t\t<div class=\"elementor-widget-container\">\n\t\t\t\t\t<h2 class=\"elementor-heading-title elementor-size-default\">Olemme avoinna sis\u00e4tilojen projekteillesi<\/h2>\t\t\t\t<\/div>\n\t\t\t\t<\/div>\n\t\t\t\t\t<\/div>\n\t\t<\/div>\n\t\t\t\t\t<\/div>\n\t\t<\/section>\n\t\t\t\t<section class=\"elementor-section elementor-top-section elementor-element elementor-element-22f7901 elementor-section-boxed elementor-section-height-default elementor-section-height-default\" data-id=\"22f7901\" data-element_type=\"section\" data-e-type=\"section\">\n\t\t\t\t\t\t<div class=\"elementor-container elementor-column-gap-default\">\n\t\t\t\t\t<div class=\"elementor-column elementor-col-50 elementor-top-column elementor-element elementor-element-142a4b7\" data-id=\"142a4b7\" data-element_type=\"column\" data-e-type=\"column\">\n\t\t\t<div class=\"elementor-widget-wrap elementor-element-populated\">\n\t\t\t\t\t\t<div class=\"elementor-element elementor-element-988ed55 elementor-widget elementor-widget-heading\" data-id=\"988ed55\" data-element_type=\"widget\" data-e-type=\"widget\" data-widget_type=\"heading.default\">\n\t\t\t\t<div class=\"elementor-widget-container\">\n\t\t\t\t\t<h3 class=\"elementor-heading-title elementor-size-default\">Ei vain ulkoiluun<\/h3>\t\t\t\t<\/div>\n\t\t\t\t<\/div>\n\t\t\t\t<div class=\"elementor-element elementor-element-014ad89 elementor-widget elementor-widget-text-editor\" data-id=\"014ad89\" data-element_type=\"widget\" data-e-type=\"widget\" data-widget_type=\"text-editor.default\">\n\t\t\t\t<div class=\"elementor-widget-container\">\n\t\t\t\t\t\t\t\t\t<p>GPS-pohjaista digitaalista opastusj\u00e4rjestelm\u00e4\u00e4mme k\u00e4ytet\u00e4\u00e4n tyypillisesti ulkoiluun. Voimme kuitenkin ja olemme avoimia r\u00e4\u00e4t\u00e4l\u00f6ityihin kehitysprojekteihin, joissa teemme eritt\u00e4in tarkat 3D-paikannus- ja lokalisointimittaukset sis\u00e4tiloissa.<\/p>\t\t\t\t\t\t\t\t<\/div>\n\t\t\t\t<\/div>\n\t\t\t\t\t<\/div>\n\t\t<\/div>\n\t\t\t\t<div class=\"elementor-column elementor-col-50 elementor-top-column elementor-element elementor-element-d52f913\" data-id=\"d52f913\" data-element_type=\"column\" data-e-type=\"column\">\n\t\t\t<div class=\"elementor-widget-wrap elementor-element-populated\">\n\t\t\t\t\t\t<div class=\"elementor-element elementor-element-b753cf5 elementor-widget elementor-widget-image\" data-id=\"b753cf5\" data-element_type=\"widget\" data-e-type=\"widget\" data-widget_type=\"image.default\">\n\t\t\t\t<div class=\"elementor-widget-container\">\n\t\t\t\t\t\t\t\t\t\t\t\t\t\t\t<img fetchpriority=\"high\" decoding=\"async\" width=\"640\" height=\"427\" src=\"https:\/\/nordic-evolution.com\/wp-content\/uploads\/GPS-for-indoors-guidance-for-blind-people.jpg\" class=\"attachment-full size-full wp-image-15956\" alt=\"High precision GPS for indoors guidance of blind people\" srcset=\"https:\/\/nordic-evolution.com\/wp-content\/uploads\/GPS-for-indoors-guidance-for-blind-people.jpg 640w, https:\/\/nordic-evolution.com\/wp-content\/uploads\/GPS-for-indoors-guidance-for-blind-people-300x200.jpg 300w\" sizes=\"(max-width: 640px) 100vw, 640px\" \/>\t\t\t\t\t\t\t\t\t\t\t\t\t\t\t<\/div>\n\t\t\t\t<\/div>\n\t\t\t\t\t<\/div>\n\t\t<\/div>\n\t\t\t\t\t<\/div>\n\t\t<\/section>\n\t\t\t\t<section class=\"elementor-section elementor-top-section elementor-element elementor-element-a260a5c elementor-section-boxed elementor-section-height-default elementor-section-height-default\" data-id=\"a260a5c\" data-element_type=\"section\" data-e-type=\"section\" data-settings=\"{&quot;background_background&quot;:&quot;classic&quot;}\">\n\t\t\t\t\t\t<div class=\"elementor-container elementor-column-gap-default\">\n\t\t\t\t\t<div class=\"elementor-column elementor-col-100 elementor-top-column elementor-element elementor-element-10ce21d\" data-id=\"10ce21d\" data-element_type=\"column\" data-e-type=\"column\">\n\t\t\t<div class=\"elementor-widget-wrap elementor-element-populated\">\n\t\t\t\t\t\t<div class=\"elementor-element elementor-element-5a642fd elementor-widget elementor-widget-heading\" data-id=\"5a642fd\" data-element_type=\"widget\" data-e-type=\"widget\" data-widget_type=\"heading.default\">\n\t\t\t\t<div class=\"elementor-widget-container\">\n\t\t\t\t\t<h2 class=\"elementor-heading-title elementor-size-default\">Kehitt\u00e4minen tutkimusta varten<\/h2>\t\t\t\t<\/div>\n\t\t\t\t<\/div>\n\t\t\t\t\t<\/div>\n\t\t<\/div>\n\t\t\t\t\t<\/div>\n\t\t<\/section>\n\t\t\t\t<section class=\"elementor-section elementor-top-section elementor-element elementor-element-74377de elementor-section-boxed elementor-section-height-default elementor-section-height-default\" data-id=\"74377de\" data-element_type=\"section\" data-e-type=\"section\">\n\t\t\t\t\t\t<div class=\"elementor-container elementor-column-gap-default\">\n\t\t\t\t\t<div class=\"elementor-column elementor-col-50 elementor-top-column elementor-element elementor-element-47a099d\" data-id=\"47a099d\" data-element_type=\"column\" data-e-type=\"column\">\n\t\t\t<div class=\"elementor-widget-wrap elementor-element-populated\">\n\t\t\t\t\t\t<div class=\"elementor-element elementor-element-e80af7b elementor-widget elementor-widget-heading\" data-id=\"e80af7b\" data-element_type=\"widget\" data-e-type=\"widget\" data-widget_type=\"heading.default\">\n\t\t\t\t<div class=\"elementor-widget-container\">\n\t\t\t\t\t<h3 class=\"elementor-heading-title elementor-size-default\">Tuulitunneli Sports Tech Research Centeriss\u00e4<\/h3>\t\t\t\t<\/div>\n\t\t\t\t<\/div>\n\t\t\t\t<div class=\"elementor-element elementor-element-554dd1f elementor-widget elementor-widget-text-editor\" data-id=\"554dd1f\" data-element_type=\"widget\" data-e-type=\"widget\" data-widget_type=\"text-editor.default\">\n\t\t\t\t<div class=\"elementor-widget-container\">\n\t\t\t\t\t\t\t\t\t<p>Loppuvuodesta 2022 saimme p\u00e4\u00e4t\u00f6kseen yhteisen kehityshankkeen Mid Swedenin yliopiston kanssa digitaalisten oppaidemme k\u00e4ytt\u00f6\u00f6n heid\u00e4n Sports Tech Research Centerin tuulitunnelissa. Tuulitunnelissa on yksi maailman suurimmista juoksumatot (5x3m), valtava tuuletin ja edistynyt ilmastotoiminto, joka mahdollistaa uraauurtavan tutkimuksen ja tuotetestauksen realistisessa ymp\u00e4rist\u00f6ss\u00e4. Lue lis\u00e4\u00e4 osoitteessa <a href=\"https:\/\/www.miun.se\/en\/Research\/research-centers\/sports-tech-research-centre\/our-labs\/windtunnel\/\" target=\"_blank\" rel=\"noopener\">Keski-Ruotsin yliopisto<\/a>.<\/p>\t\t\t\t\t\t\t\t<\/div>\n\t\t\t\t<\/div>\n\t\t\t\t<div class=\"elementor-element elementor-element-6794efe elementor-widget elementor-widget-text-editor\" data-id=\"6794efe\" data-element_type=\"widget\" data-e-type=\"widget\" data-widget_type=\"text-editor.default\">\n\t\t\t\t<div class=\"elementor-widget-container\">\n\t\t\t\t\t\t\t\t\t<p>Projektimme mahdollistaa nyt n\u00e4k\u00f6vammaisten pysymisen asennossa juoksumatolla juostessa, juoksutekniikoiden tutkimuksissa, materiaalien ja tuotteiden testaamisessa, maksimaalisen hapenkulutuksen mittaamisessa ja paljon muuta.<\/p>\t\t\t\t\t\t\t\t<\/div>\n\t\t\t\t<\/div>\n\t\t\t\t\t<\/div>\n\t\t<\/div>\n\t\t\t\t<div class=\"elementor-column elementor-col-50 elementor-top-column elementor-element elementor-element-34445a5\" data-id=\"34445a5\" data-element_type=\"column\" data-e-type=\"column\">\n\t\t\t<div class=\"elementor-widget-wrap elementor-element-populated\">\n\t\t\t\t\t\t<div class=\"elementor-element elementor-element-633f7e3 elementor-widget elementor-widget-video\" data-id=\"633f7e3\" data-element_type=\"widget\" data-e-type=\"widget\" data-settings=\"{&quot;youtube_url&quot;:&quot;https:\\\/\\\/youtu.be\\\/52-vvUatN0E&quot;,&quot;video_type&quot;:&quot;youtube&quot;,&quot;controls&quot;:&quot;yes&quot;}\" data-widget_type=\"video.default\">\n\t\t\t\t<div class=\"elementor-widget-container\">\n\t\t\t\t\t\t\t<div class=\"elementor-wrapper elementor-open-inline\">\n\t\t\t<div class=\"elementor-video\"><\/div>\t\t<\/div>\n\t\t\t\t\t\t<\/div>\n\t\t\t\t<\/div>\n\t\t\t\t\t<\/div>\n\t\t<\/div>\n\t\t\t\t\t<\/div>\n\t\t<\/section>\n\t\t\t\t<\/div>","protected":false},"excerpt":{"rendered":"<p>indoor development projects With our digital guides We are open for your Indoor projects Not only for outdoor activities Our GPS based digital guidance system is typically used for outdoor activities. However, we can and we are open for custom development projects where we take our high precision 3D positioning and localisation measurement indoors. DEvelopment [&hellip;]<\/p>\n","protected":false},"author":1,"featured_media":0,"parent":0,"menu_order":0,"comment_status":"closed","ping_status":"closed","template":"","meta":{"footnotes":""},"class_list":["post-15780","page","type-page","status-publish","hentry"],"yoast_head":"<!-- This site is optimized with the Yoast SEO plugin v27.4 - https:\/\/yoast.com\/product\/yoast-seo-wordpress\/ -->\n<title>Indoor development projects with GPS guidance<\/title>\n<meta name=\"description\" content=\"We can develop high precision 3D positioning for your indoor projects\" \/>\n<meta name=\"robots\" content=\"index, follow, max-snippet:-1, max-image-preview:large, max-video-preview:-1\" \/>\n<link rel=\"canonical\" href=\"https:\/\/nordic-evolution.com\/fi\/indoor-development-projects\/\" \/>\n<meta property=\"og:locale\" content=\"fi_FI\" \/>\n<meta property=\"og:type\" content=\"article\" \/>\n<meta property=\"og:title\" content=\"Indoor development projects with GPS guidance\" \/>\n<meta property=\"og:description\" content=\"We can develop high precision 3D positioning for your indoor projects\" \/>\n<meta property=\"og:url\" content=\"https:\/\/nordic-evolution.com\/fi\/indoor-development-projects\/\" \/>\n<meta property=\"og:site_name\" content=\"Nordic Evolution - Digital guide systems\" \/>\n<meta property=\"article:publisher\" content=\"https:\/\/www.facebook.com\/NordicEvolution\" \/>\n<meta property=\"article:modified_time\" content=\"2025-05-03T13:50:19+00:00\" \/>\n<meta property=\"og:image\" content=\"https:\/\/nordic-evolution.com\/wp-content\/uploads\/GPS-for-indoors-guidance-for-blind-people.jpg\" \/>\n\t<meta property=\"og:image:width\" content=\"640\" \/>\n\t<meta property=\"og:image:height\" content=\"427\" \/>\n\t<meta property=\"og:image:type\" content=\"image\/jpeg\" \/>\n<meta name=\"twitter:card\" content=\"summary_large_image\" \/>\n<meta name=\"twitter:label1\" content=\"Arvioitu lukuaika\" \/>\n\t<meta name=\"twitter:data1\" content=\"1 minuutti\" \/>\n<script type=\"application\/ld+json\" class=\"yoast-schema-graph\">{\"@context\":\"https:\\\/\\\/schema.org\",\"@graph\":[{\"@type\":\"WebPage\",\"@id\":\"https:\\\/\\\/nordic-evolution.com\\\/indoor-development-projects\\\/\",\"url\":\"https:\\\/\\\/nordic-evolution.com\\\/indoor-development-projects\\\/\",\"name\":\"Indoor development projects with GPS guidance\",\"isPartOf\":{\"@id\":\"https:\\\/\\\/nordic-evolution.com\\\/#website\"},\"primaryImageOfPage\":{\"@id\":\"https:\\\/\\\/nordic-evolution.com\\\/indoor-development-projects\\\/#primaryimage\"},\"image\":{\"@id\":\"https:\\\/\\\/nordic-evolution.com\\\/indoor-development-projects\\\/#primaryimage\"},\"thumbnailUrl\":\"https:\\\/\\\/nordic-evolution.com\\\/wp-content\\\/uploads\\\/GPS-for-indoors-guidance-for-blind-people.jpg\",\"datePublished\":\"2023-01-30T20:50:50+00:00\",\"dateModified\":\"2025-05-03T13:50:19+00:00\",\"description\":\"We can develop high precision 3D positioning for your indoor projects\",\"breadcrumb\":{\"@id\":\"https:\\\/\\\/nordic-evolution.com\\\/indoor-development-projects\\\/#breadcrumb\"},\"inLanguage\":\"fi\",\"potentialAction\":[{\"@type\":\"ReadAction\",\"target\":[\"https:\\\/\\\/nordic-evolution.com\\\/indoor-development-projects\\\/\"]}]},{\"@type\":\"ImageObject\",\"inLanguage\":\"fi\",\"@id\":\"https:\\\/\\\/nordic-evolution.com\\\/indoor-development-projects\\\/#primaryimage\",\"url\":\"https:\\\/\\\/nordic-evolution.com\\\/wp-content\\\/uploads\\\/GPS-for-indoors-guidance-for-blind-people.jpg\",\"contentUrl\":\"https:\\\/\\\/nordic-evolution.com\\\/wp-content\\\/uploads\\\/GPS-for-indoors-guidance-for-blind-people.jpg\"},{\"@type\":\"BreadcrumbList\",\"@id\":\"https:\\\/\\\/nordic-evolution.com\\\/indoor-development-projects\\\/#breadcrumb\",\"itemListElement\":[{\"@type\":\"ListItem\",\"position\":1,\"name\":\"Home\",\"item\":\"https:\\\/\\\/nordic-evolution.com\\\/\"},{\"@type\":\"ListItem\",\"position\":2,\"name\":\"Indoor development projects\"}]},{\"@type\":\"WebSite\",\"@id\":\"https:\\\/\\\/nordic-evolution.com\\\/#website\",\"url\":\"https:\\\/\\\/nordic-evolution.com\\\/\",\"name\":\"Audio guidance systems for visually impaired athletes\",\"description\":\"Digital guide systems for visually impaired athletes\",\"publisher\":{\"@id\":\"https:\\\/\\\/nordic-evolution.com\\\/#organization\"},\"alternateName\":\"Nordic Evolution\",\"potentialAction\":[{\"@type\":\"SearchAction\",\"target\":{\"@type\":\"EntryPoint\",\"urlTemplate\":\"https:\\\/\\\/nordic-evolution.com\\\/?s={search_term_string}\"},\"query-input\":{\"@type\":\"PropertyValueSpecification\",\"valueRequired\":true,\"valueName\":\"search_term_string\"}}],\"inLanguage\":\"fi\"},{\"@type\":\"Organization\",\"@id\":\"https:\\\/\\\/nordic-evolution.com\\\/#organization\",\"name\":\"Nordic Evolution\",\"url\":\"https:\\\/\\\/nordic-evolution.com\\\/\",\"logo\":{\"@type\":\"ImageObject\",\"inLanguage\":\"fi\",\"@id\":\"https:\\\/\\\/nordic-evolution.com\\\/#\\\/schema\\\/logo\\\/image\\\/\",\"url\":\"https:\\\/\\\/nordic-evolution.com\\\/wp-content\\\/uploads\\\/2022\\\/03\\\/Nordic-Evolution-logo-2-gray-background.png\",\"contentUrl\":\"https:\\\/\\\/nordic-evolution.com\\\/wp-content\\\/uploads\\\/2022\\\/03\\\/Nordic-Evolution-logo-2-gray-background.png\",\"width\":800,\"height\":800,\"caption\":\"Nordic Evolution\"},\"image\":{\"@id\":\"https:\\\/\\\/nordic-evolution.com\\\/#\\\/schema\\\/logo\\\/image\\\/\"},\"sameAs\":[\"https:\\\/\\\/www.facebook.com\\\/NordicEvolution\",\"https:\\\/\\\/www.instagram.com\\\/nordicevolution\\\/\",\"https:\\\/\\\/www.linkedin.com\\\/company\\\/nordic-evolution\\\/\"]}]}<\/script>\n<!-- \/ Yoast SEO plugin. -->","yoast_head_json":{"title":"Sis\u00e4tilojen kehitysprojektit GPS-ohjauksella","description":"Voimme kehitt\u00e4\u00e4 eritt\u00e4in tarkkaa 3D-paikannusta sis\u00e4tiloissa teht\u00e4viin projekteihisi","robots":{"index":"index","follow":"follow","max-snippet":"max-snippet:-1","max-image-preview":"max-image-preview:large","max-video-preview":"max-video-preview:-1"},"canonical":"https:\/\/nordic-evolution.com\/fi\/indoor-development-projects\/","og_locale":"fi_FI","og_type":"article","og_title":"Indoor development projects with GPS guidance","og_description":"We can develop high precision 3D positioning for your indoor projects","og_url":"https:\/\/nordic-evolution.com\/fi\/indoor-development-projects\/","og_site_name":"Nordic Evolution - Digital guide systems","article_publisher":"https:\/\/www.facebook.com\/NordicEvolution","article_modified_time":"2025-05-03T13:50:19+00:00","og_image":[{"width":640,"height":427,"url":"https:\/\/nordic-evolution.com\/wp-content\/uploads\/GPS-for-indoors-guidance-for-blind-people.jpg","type":"image\/jpeg"}],"twitter_card":"summary_large_image","twitter_misc":{"Arvioitu lukuaika":"1 minuutti"},"schema":{"@context":"https:\/\/schema.org","@graph":[{"@type":"WebPage","@id":"https:\/\/nordic-evolution.com\/indoor-development-projects\/","url":"https:\/\/nordic-evolution.com\/indoor-development-projects\/","name":"Sis\u00e4tilojen kehitysprojektit GPS-ohjauksella","isPartOf":{"@id":"https:\/\/nordic-evolution.com\/#website"},"primaryImageOfPage":{"@id":"https:\/\/nordic-evolution.com\/indoor-development-projects\/#primaryimage"},"image":{"@id":"https:\/\/nordic-evolution.com\/indoor-development-projects\/#primaryimage"},"thumbnailUrl":"https:\/\/nordic-evolution.com\/wp-content\/uploads\/GPS-for-indoors-guidance-for-blind-people.jpg","datePublished":"2023-01-30T20:50:50+00:00","dateModified":"2025-05-03T13:50:19+00:00","description":"Voimme kehitt\u00e4\u00e4 eritt\u00e4in tarkkaa 3D-paikannusta sis\u00e4tiloissa teht\u00e4viin projekteihisi","breadcrumb":{"@id":"https:\/\/nordic-evolution.com\/indoor-development-projects\/#breadcrumb"},"inLanguage":"fi","potentialAction":[{"@type":"ReadAction","target":["https:\/\/nordic-evolution.com\/indoor-development-projects\/"]}]},{"@type":"ImageObject","inLanguage":"fi","@id":"https:\/\/nordic-evolution.com\/indoor-development-projects\/#primaryimage","url":"https:\/\/nordic-evolution.com\/wp-content\/uploads\/GPS-for-indoors-guidance-for-blind-people.jpg","contentUrl":"https:\/\/nordic-evolution.com\/wp-content\/uploads\/GPS-for-indoors-guidance-for-blind-people.jpg"},{"@type":"BreadcrumbList","@id":"https:\/\/nordic-evolution.com\/indoor-development-projects\/#breadcrumb","itemListElement":[{"@type":"ListItem","position":1,"name":"Home","item":"https:\/\/nordic-evolution.com\/"},{"@type":"ListItem","position":2,"name":"Indoor development projects"}]},{"@type":"WebSite","@id":"https:\/\/nordic-evolution.com\/#website","url":"https:\/\/nordic-evolution.com\/","name":"\u00c4\u00e4niohjausj\u00e4rjestelm\u00e4t n\u00e4k\u00f6vammaisille urheilijoille","description":"Digitaaliset opasj\u00e4rjestelm\u00e4t n\u00e4k\u00f6vammaisille urheilijoille","publisher":{"@id":"https:\/\/nordic-evolution.com\/#organization"},"alternateName":"Nordic Evolution","potentialAction":[{"@type":"SearchAction","target":{"@type":"EntryPoint","urlTemplate":"https:\/\/nordic-evolution.com\/?s={search_term_string}"},"query-input":{"@type":"PropertyValueSpecification","valueRequired":true,"valueName":"search_term_string"}}],"inLanguage":"fi"},{"@type":"Organization","@id":"https:\/\/nordic-evolution.com\/#organization","name":"Nordic Evolution","url":"https:\/\/nordic-evolution.com\/","logo":{"@type":"ImageObject","inLanguage":"fi","@id":"https:\/\/nordic-evolution.com\/#\/schema\/logo\/image\/","url":"https:\/\/nordic-evolution.com\/wp-content\/uploads\/2022\/03\/Nordic-Evolution-logo-2-gray-background.png","contentUrl":"https:\/\/nordic-evolution.com\/wp-content\/uploads\/2022\/03\/Nordic-Evolution-logo-2-gray-background.png","width":800,"height":800,"caption":"Nordic Evolution"},"image":{"@id":"https:\/\/nordic-evolution.com\/#\/schema\/logo\/image\/"},"sameAs":["https:\/\/www.facebook.com\/NordicEvolution","https:\/\/www.instagram.com\/nordicevolution\/","https:\/\/www.linkedin.com\/company\/nordic-evolution\/"]}]}},"_links":{"self":[{"href":"https:\/\/nordic-evolution.com\/fi\/wp-json\/wp\/v2\/pages\/15780","targetHints":{"allow":["GET"]}}],"collection":[{"href":"https:\/\/nordic-evolution.com\/fi\/wp-json\/wp\/v2\/pages"}],"about":[{"href":"https:\/\/nordic-evolution.com\/fi\/wp-json\/wp\/v2\/types\/page"}],"author":[{"embeddable":true,"href":"https:\/\/nordic-evolution.com\/fi\/wp-json\/wp\/v2\/users\/1"}],"replies":[{"embeddable":true,"href":"https:\/\/nordic-evolution.com\/fi\/wp-json\/wp\/v2\/comments?post=15780"}],"version-history":[{"count":3,"href":"https:\/\/nordic-evolution.com\/fi\/wp-json\/wp\/v2\/pages\/15780\/revisions"}],"predecessor-version":[{"id":17229,"href":"https:\/\/nordic-evolution.com\/fi\/wp-json\/wp\/v2\/pages\/15780\/revisions\/17229"}],"wp:attachment":[{"href":"https:\/\/nordic-evolution.com\/fi\/wp-json\/wp\/v2\/media?parent=15780"}],"curies":[{"name":"wp","href":"https:\/\/api.w.org\/{rel}","templated":true}]}}