{"id":17025,"date":"2023-10-21T07:56:50","date_gmt":"2023-10-21T07:56:50","guid":{"rendered":"https:\/\/nordic-evolution.com\/?page_id=17025"},"modified":"2023-10-25T18:08:15","modified_gmt":"2023-10-25T18:08:15","slug":"kayaking-with-digital-guidance","status":"publish","type":"page","link":"https:\/\/nordic-evolution.com\/fi\/kayaking-with-digital-guidance\/","title":{"rendered":"Melonta digitaalisella ohjauksella"},"content":{"rendered":"<div data-elementor-type=\"wp-page\" data-elementor-id=\"17025\" class=\"elementor elementor-17025\" data-elementor-post-type=\"page\">\n\t\t\t\t\t\t<section class=\"elementor-section elementor-top-section elementor-element elementor-element-a406737 elementor-section-boxed elementor-section-height-default elementor-section-height-default\" data-id=\"a406737\" data-element_type=\"section\" data-e-type=\"section\" data-settings=\"{&quot;background_background&quot;:&quot;classic&quot;}\">\n\t\t\t\t\t\t\t<div class=\"elementor-background-overlay\"><\/div>\n\t\t\t\t\t\t\t<div class=\"elementor-container elementor-column-gap-default\">\n\t\t\t\t\t<div class=\"elementor-column elementor-col-100 elementor-top-column elementor-element elementor-element-8097969\" data-id=\"8097969\" data-element_type=\"column\" data-e-type=\"column\">\n\t\t\t<div class=\"elementor-widget-wrap elementor-element-populated\">\n\t\t\t\t\t\t<div class=\"elementor-element elementor-element-c26629c elementor-widget elementor-widget-heading\" data-id=\"c26629c\" data-element_type=\"widget\" data-e-type=\"widget\" data-widget_type=\"heading.default\">\n\t\t\t\t<div class=\"elementor-widget-container\">\n\t\t\t\t\t<h1 class=\"elementor-heading-title elementor-size-default\">Melonta<\/h1>\t\t\t\t<\/div>\n\t\t\t\t<\/div>\n\t\t\t\t<div class=\"elementor-element elementor-element-d22a132 elementor-widget elementor-widget-heading\" data-id=\"d22a132\" data-element_type=\"widget\" data-e-type=\"widget\" data-widget_type=\"heading.default\">\n\t\t\t\t<div class=\"elementor-widget-container\">\n\t\t\t\t\t<h2 class=\"elementor-heading-title elementor-size-default\">Digitaalisella opasj\u00e4rjestelm\u00e4ll\u00e4mme<\/h2>\t\t\t\t<\/div>\n\t\t\t\t<\/div>\n\t\t\t\t\t<\/div>\n\t\t<\/div>\n\t\t\t\t\t<\/div>\n\t\t<\/section>\n\t\t\t\t<section class=\"elementor-section elementor-top-section elementor-element elementor-element-70f2633 elementor-section-boxed elementor-section-height-default elementor-section-height-default\" data-id=\"70f2633\" data-element_type=\"section\" data-e-type=\"section\" data-settings=\"{&quot;background_background&quot;:&quot;classic&quot;}\">\n\t\t\t\t\t\t<div class=\"elementor-container elementor-column-gap-default\">\n\t\t\t\t\t<div class=\"elementor-column elementor-col-50 elementor-top-column elementor-element elementor-element-d85cf47\" data-id=\"d85cf47\" data-element_type=\"column\" data-e-type=\"column\">\n\t\t\t<div class=\"elementor-widget-wrap elementor-element-populated\">\n\t\t\t\t\t\t<div class=\"elementor-element elementor-element-fd85db7 elementor-widget elementor-widget-heading\" data-id=\"fd85db7\" data-element_type=\"widget\" data-e-type=\"widget\" data-widget_type=\"heading.default\">\n\t\t\t\t<div class=\"elementor-widget-container\">\n\t\t\t\t\t<h3 class=\"elementor-heading-title elementor-size-default\">Uutta tiet\u00e4 sokeille melojille<\/h3>\t\t\t\t<\/div>\n\t\t\t\t<\/div>\n\t\t\t\t<div class=\"elementor-element elementor-element-cbbabc1 elementor-widget elementor-widget-text-editor\" data-id=\"cbbabc1\" data-element_type=\"widget\" data-e-type=\"widget\" data-widget_type=\"text-editor.default\">\n\t\t\t\t<div class=\"elementor-widget-container\">\n\t\t\t\t\t\t\t\t\t<p>T\u00e4h\u00e4n asti n\u00e4k\u00f6vammaisilla ei ole ollut mahdollisuutta kilpailla itsen\u00e4isesti melonnassa. Olemme j\u00e4rjest\u00e4neet yhdess\u00e4 Ruotsin kanoottiliiton kanssa maailman ensimm\u00e4iset kilpailut, joissa sokea voi tiett\u00e4v\u00e4sti kilpailla t\u00e4ysin yksin. T\u00e4\u00e4lt\u00e4 p\u00e4\u00e4set seuraamaan Maja Reichardia, joka kilpailee 200 metrin K1:ss\u00e4 ja 200 metrin K2:ssa ja Maja navigoi t\u00e4ysin yksin molemmilla matkoilla.<\/p>\t\t\t\t\t\t\t\t<\/div>\n\t\t\t\t<\/div>\n\t\t\t\t<div class=\"elementor-element elementor-element-a061047 elementor-widget elementor-widget-text-editor\" data-id=\"a061047\" data-element_type=\"widget\" data-e-type=\"widget\" data-widget_type=\"text-editor.default\">\n\t\t\t\t<div class=\"elementor-widget-container\">\n\t\t\t\t\t\t\t\t\t<p>Aluksi Maja seuraa reitti\u00e4, joka alkaa sillalta ja johtaa h\u00e4net suuressa kaaressa l\u00e4ht\u00f6\u00f6n. T\u00e4m\u00e4n venytyksen aikana h\u00e4n saa tietoa siit\u00e4, kuinka h\u00e4n sijaitsee suhteessa rataan ja milloin h\u00e4nen pit\u00e4isi aloittaa kajakin suoristaminen p\u00e4\u00e4st\u00e4kseen l\u00e4ht\u00f6alueelle. H\u00e4n saa my\u00f6s tietoa siit\u00e4, kuinka kaukana l\u00e4ht\u00f6viiva on ja milloin h\u00e4nen tulee pys\u00e4hty\u00e4 odottamaan l\u00e4ht\u00f6merkki\u00e4. Digitaalisen radan nauhoitti Nordic Evolution edellisen\u00e4 p\u00e4iv\u00e4n\u00e4 ja sit\u00e4 voi nyt k\u00e4ytt\u00e4\u00e4 aina, kun kilpailet 200 metriss\u00e4 samassa paikassa. Toivomme, ett\u00e4 useammat n\u00e4kev\u00e4t mahdollisuuden ulkoilla luonnossa, olipa kyseess\u00e4 raitista ilmaa, liikuntaa tai kilpailua!<\/p>\t\t\t\t\t\t\t\t<\/div>\n\t\t\t\t<\/div>\n\t\t\t\t\t<\/div>\n\t\t<\/div>\n\t\t\t\t<div class=\"elementor-column elementor-col-50 elementor-top-column elementor-element elementor-element-bffcb38\" data-id=\"bffcb38\" data-element_type=\"column\" data-e-type=\"column\">\n\t\t\t<div class=\"elementor-widget-wrap elementor-element-populated\">\n\t\t\t\t\t\t<div class=\"elementor-element elementor-element-0e4465d elementor-widget elementor-widget-video\" data-id=\"0e4465d\" data-element_type=\"widget\" data-e-type=\"widget\" data-settings=\"{&quot;youtube_url&quot;:&quot;https:\\\/\\\/youtu.be\\\/Mb1FrCfZJ_I&quot;,&quot;lazy_load&quot;:&quot;yes&quot;,&quot;video_type&quot;:&quot;youtube&quot;,&quot;controls&quot;:&quot;yes&quot;}\" data-widget_type=\"video.default\">\n\t\t\t\t<div class=\"elementor-widget-container\">\n\t\t\t\t\t\t\t<div class=\"elementor-wrapper elementor-open-inline\">\n\t\t\t<div class=\"elementor-video\"><\/div>\t\t<\/div>\n\t\t\t\t\t\t<\/div>\n\t\t\t\t<\/div>\n\t\t\t\t<div class=\"elementor-element elementor-element-8a42f6c elementor-widget elementor-widget-heading\" data-id=\"8a42f6c\" data-element_type=\"widget\" data-e-type=\"widget\" data-widget_type=\"heading.default\">\n\t\t\t\t<div class=\"elementor-widget-container\">\n\t\t\t\t\t<h5 class=\"elementor-heading-title elementor-size-default\">N\u00e4k\u00f6vammainen Maja Reichard kokeilee ensimm\u00e4ist\u00e4 kertaa melontaa digitaalisella ohjauksella. Ohjausmoduuli on kiinnitetty kajakin etuosaan.<\/h5>\t\t\t\t<\/div>\n\t\t\t\t<\/div>\n\t\t\t\t\t<\/div>\n\t\t<\/div>\n\t\t\t\t\t<\/div>\n\t\t<\/section>\n\t\t\t\t<section class=\"elementor-section elementor-top-section elementor-element elementor-element-c452e86 elementor-section-boxed elementor-section-height-default elementor-section-height-default\" data-id=\"c452e86\" data-element_type=\"section\" data-e-type=\"section\" data-settings=\"{&quot;background_background&quot;:&quot;gradient&quot;}\">\n\t\t\t\t\t\t<div class=\"elementor-container elementor-column-gap-default\">\n\t\t\t\t\t<div class=\"elementor-column elementor-col-33 elementor-top-column elementor-element elementor-element-06c6c6f\" data-id=\"06c6c6f\" data-element_type=\"column\" data-e-type=\"column\">\n\t\t\t<div class=\"elementor-widget-wrap elementor-element-populated\">\n\t\t\t\t\t\t<div class=\"elementor-element elementor-element-bff190f elementor-widget elementor-widget-image\" data-id=\"bff190f\" data-element_type=\"widget\" data-e-type=\"widget\" data-widget_type=\"image.default\">\n\t\t\t\t<div class=\"elementor-widget-container\">\n\t\t\t\t\t\t\t\t\t\t\t\t\t\t\t<img fetchpriority=\"high\" decoding=\"async\" width=\"600\" height=\"800\" src=\"https:\/\/nordic-evolution.com\/wp-content\/uploads\/Maja-competes-in-kayaking-with-a-digital-guidance-system-for-blind-people.jpg\" class=\"attachment-full size-full wp-image-17100\" alt=\"\" srcset=\"https:\/\/nordic-evolution.com\/wp-content\/uploads\/\/Maja-competes-in-kayaking-with-a-digital-guidance-system-for-blind-people.jpg 600w, https:\/\/nordic-evolution.com\/wp-content\/uploads\/\/Maja-competes-in-kayaking-with-a-digital-guidance-system-for-blind-people-225x300.jpg 225w, https:\/\/nordic-evolution.com\/wp-content\/uploads\/\/Maja-competes-in-kayaking-with-a-digital-guidance-system-for-blind-people-9x12.jpg 9w\" sizes=\"(max-width: 600px) 100vw, 600px\" \/>\t\t\t\t\t\t\t\t\t\t\t\t\t\t\t<\/div>\n\t\t\t\t<\/div>\n\t\t\t\t\t<\/div>\n\t\t<\/div>\n\t\t\t\t<div class=\"elementor-column elementor-col-33 elementor-top-column elementor-element elementor-element-e87bd8a elementor-hidden-mobile\" data-id=\"e87bd8a\" data-element_type=\"column\" data-e-type=\"column\">\n\t\t\t<div class=\"elementor-widget-wrap elementor-element-populated\">\n\t\t\t\t\t\t<div class=\"elementor-element elementor-element-7e37fc5 elementor-widget elementor-widget-image\" data-id=\"7e37fc5\" data-element_type=\"widget\" data-e-type=\"widget\" data-widget_type=\"image.default\">\n\t\t\t\t<div class=\"elementor-widget-container\">\n\t\t\t\t\t\t\t\t\t\t\t\t\t\t\t<img decoding=\"async\" width=\"600\" height=\"800\" data-src=\"https:\/\/nordic-evolution.com\/wp-content\/uploads\/Kayaking-with-digital-guidance-system-for-blind-people.jpg\" class=\"attachment-full size-full wp-image-17101 lazyload\" alt=\"\" data-srcset=\"https:\/\/nordic-evolution.com\/wp-content\/uploads\/\/Kayaking-with-digital-guidance-system-for-blind-people.jpg 600w, https:\/\/nordic-evolution.com\/wp-content\/uploads\/\/Kayaking-with-digital-guidance-system-for-blind-people-225x300.jpg 225w, https:\/\/nordic-evolution.com\/wp-content\/uploads\/\/Kayaking-with-digital-guidance-system-for-blind-people-9x12.jpg 9w\" data-sizes=\"(max-width: 600px) 100vw, 600px\" src=\"data:image\/svg+xml;base64,PHN2ZyB3aWR0aD0iMSIgaGVpZ2h0PSIxIiB4bWxucz0iaHR0cDovL3d3dy53My5vcmcvMjAwMC9zdmciPjwvc3ZnPg==\" style=\"--smush-placeholder-width: 600px; --smush-placeholder-aspect-ratio: 600\/800;\" \/>\t\t\t\t\t\t\t\t\t\t\t\t\t\t\t<\/div>\n\t\t\t\t<\/div>\n\t\t\t\t\t<\/div>\n\t\t<\/div>\n\t\t\t\t<div class=\"elementor-column elementor-col-33 elementor-top-column elementor-element elementor-element-4cc2afb elementor-hidden-mobile\" data-id=\"4cc2afb\" data-element_type=\"column\" data-e-type=\"column\">\n\t\t\t<div class=\"elementor-widget-wrap elementor-element-populated\">\n\t\t\t\t\t\t<div class=\"elementor-element elementor-element-b496e30 elementor-widget elementor-widget-image\" data-id=\"b496e30\" data-element_type=\"widget\" data-e-type=\"widget\" data-widget_type=\"image.default\">\n\t\t\t\t<div class=\"elementor-widget-container\">\n\t\t\t\t\t\t\t\t\t\t\t\t\t\t\t<img decoding=\"async\" width=\"600\" height=\"800\" data-src=\"https:\/\/nordic-evolution.com\/wp-content\/uploads\/Kayaking-with-digital-guide-system-for-blind-people.jpg\" class=\"attachment-full size-full wp-image-17102 lazyload\" alt=\"\" data-srcset=\"https:\/\/nordic-evolution.com\/wp-content\/uploads\/\/Kayaking-with-digital-guide-system-for-blind-people.jpg 600w, https:\/\/nordic-evolution.com\/wp-content\/uploads\/\/Kayaking-with-digital-guide-system-for-blind-people-225x300.jpg 225w, https:\/\/nordic-evolution.com\/wp-content\/uploads\/\/Kayaking-with-digital-guide-system-for-blind-people-9x12.jpg 9w\" data-sizes=\"(max-width: 600px) 100vw, 600px\" src=\"data:image\/svg+xml;base64,PHN2ZyB3aWR0aD0iMSIgaGVpZ2h0PSIxIiB4bWxucz0iaHR0cDovL3d3dy53My5vcmcvMjAwMC9zdmciPjwvc3ZnPg==\" style=\"--smush-placeholder-width: 600px; --smush-placeholder-aspect-ratio: 600\/800;\" \/>\t\t\t\t\t\t\t\t\t\t\t\t\t\t\t<\/div>\n\t\t\t\t<\/div>\n\t\t\t\t\t<\/div>\n\t\t<\/div>\n\t\t\t\t\t<\/div>\n\t\t<\/section>\n\t\t\t\t<\/div>","protected":false},"excerpt":{"rendered":"<p>Kayaking With our digital guide system Breaking new ground for blind kayakers Until now, there has been no way for people with visual impairment to compete independently in kayaking. Together with the Swedish Canoe Association, we have organized the first competition in the world where, as far as we know, a blind person can compete [&hellip;]<\/p>\n","protected":false},"author":1,"featured_media":0,"parent":0,"menu_order":0,"comment_status":"closed","ping_status":"closed","template":"","meta":{"footnotes":""},"class_list":["post-17025","page","type-page","status-publish","hentry"],"yoast_head":"<!-- This site is optimized with the Yoast SEO plugin v27.4 - https:\/\/yoast.com\/product\/yoast-seo-wordpress\/ -->\n<title>Kayaking with digital guidance - Nordic Evolution - Digital guide systems<\/title>\n<meta name=\"robots\" content=\"index, follow, max-snippet:-1, max-image-preview:large, max-video-preview:-1\" \/>\n<link rel=\"canonical\" href=\"https:\/\/nordic-evolution.com\/fi\/kayaking-with-digital-guidance\/\" \/>\n<meta property=\"og:locale\" content=\"fi_FI\" \/>\n<meta property=\"og:type\" content=\"article\" \/>\n<meta property=\"og:title\" content=\"Kayaking with digital guidance - Nordic Evolution - Digital guide systems\" \/>\n<meta property=\"og:description\" content=\"Kayaking With our digital guide system Breaking new ground for blind kayakers Until now, there has been no way for people with visual impairment to compete independently in kayaking. Together with the Swedish Canoe Association, we have organized the first competition in the world where, as far as we know, a blind person can compete [&hellip;]\" \/>\n<meta property=\"og:url\" content=\"https:\/\/nordic-evolution.com\/fi\/kayaking-with-digital-guidance\/\" \/>\n<meta property=\"og:site_name\" content=\"Nordic Evolution - Digital guide systems\" \/>\n<meta property=\"article:publisher\" content=\"https:\/\/www.facebook.com\/NordicEvolution\" \/>\n<meta property=\"article:modified_time\" content=\"2023-10-25T18:08:15+00:00\" \/>\n<meta property=\"og:image\" content=\"https:\/\/nordic-evolution.com\/wp-content\/uploads\/Maja-competes-in-kayaking-with-a-digital-guidance-system-for-blind-people.jpg\" \/>\n<meta name=\"twitter:card\" content=\"summary_large_image\" \/>\n<meta name=\"twitter:label1\" content=\"Arvioitu lukuaika\" \/>\n\t<meta name=\"twitter:data1\" content=\"2 minuuttia\" \/>\n<script type=\"application\/ld+json\" class=\"yoast-schema-graph\">{\"@context\":\"https:\\\/\\\/schema.org\",\"@graph\":[{\"@type\":\"WebPage\",\"@id\":\"https:\\\/\\\/nordic-evolution.com\\\/kayaking-with-digital-guidance\\\/\",\"url\":\"https:\\\/\\\/nordic-evolution.com\\\/kayaking-with-digital-guidance\\\/\",\"name\":\"Kayaking with digital guidance - Nordic Evolution - Digital guide systems\",\"isPartOf\":{\"@id\":\"https:\\\/\\\/nordic-evolution.com\\\/#website\"},\"primaryImageOfPage\":{\"@id\":\"https:\\\/\\\/nordic-evolution.com\\\/kayaking-with-digital-guidance\\\/#primaryimage\"},\"image\":{\"@id\":\"https:\\\/\\\/nordic-evolution.com\\\/kayaking-with-digital-guidance\\\/#primaryimage\"},\"thumbnailUrl\":\"https:\\\/\\\/nordic-evolution.com\\\/wp-content\\\/uploads\\\/Maja-competes-in-kayaking-with-a-digital-guidance-system-for-blind-people.jpg\",\"datePublished\":\"2023-10-21T07:56:50+00:00\",\"dateModified\":\"2023-10-25T18:08:15+00:00\",\"breadcrumb\":{\"@id\":\"https:\\\/\\\/nordic-evolution.com\\\/kayaking-with-digital-guidance\\\/#breadcrumb\"},\"inLanguage\":\"fi\",\"potentialAction\":[{\"@type\":\"ReadAction\",\"target\":[\"https:\\\/\\\/nordic-evolution.com\\\/kayaking-with-digital-guidance\\\/\"]}]},{\"@type\":\"ImageObject\",\"inLanguage\":\"fi\",\"@id\":\"https:\\\/\\\/nordic-evolution.com\\\/kayaking-with-digital-guidance\\\/#primaryimage\",\"url\":\"https:\\\/\\\/nordic-evolution.com\\\/wp-content\\\/uploads\\\/Maja-competes-in-kayaking-with-a-digital-guidance-system-for-blind-people.jpg\",\"contentUrl\":\"https:\\\/\\\/nordic-evolution.com\\\/wp-content\\\/uploads\\\/Maja-competes-in-kayaking-with-a-digital-guidance-system-for-blind-people.jpg\"},{\"@type\":\"BreadcrumbList\",\"@id\":\"https:\\\/\\\/nordic-evolution.com\\\/kayaking-with-digital-guidance\\\/#breadcrumb\",\"itemListElement\":[{\"@type\":\"ListItem\",\"position\":1,\"name\":\"Home\",\"item\":\"https:\\\/\\\/nordic-evolution.com\\\/\"},{\"@type\":\"ListItem\",\"position\":2,\"name\":\"Kayaking with digital guidance\"}]},{\"@type\":\"WebSite\",\"@id\":\"https:\\\/\\\/nordic-evolution.com\\\/#website\",\"url\":\"https:\\\/\\\/nordic-evolution.com\\\/\",\"name\":\"Audio guidance systems for visually impaired athletes\",\"description\":\"Digital guide systems for visually impaired athletes\",\"publisher\":{\"@id\":\"https:\\\/\\\/nordic-evolution.com\\\/#organization\"},\"alternateName\":\"Nordic Evolution\",\"potentialAction\":[{\"@type\":\"SearchAction\",\"target\":{\"@type\":\"EntryPoint\",\"urlTemplate\":\"https:\\\/\\\/nordic-evolution.com\\\/?s={search_term_string}\"},\"query-input\":{\"@type\":\"PropertyValueSpecification\",\"valueRequired\":true,\"valueName\":\"search_term_string\"}}],\"inLanguage\":\"fi\"},{\"@type\":\"Organization\",\"@id\":\"https:\\\/\\\/nordic-evolution.com\\\/#organization\",\"name\":\"Nordic Evolution\",\"url\":\"https:\\\/\\\/nordic-evolution.com\\\/\",\"logo\":{\"@type\":\"ImageObject\",\"inLanguage\":\"fi\",\"@id\":\"https:\\\/\\\/nordic-evolution.com\\\/#\\\/schema\\\/logo\\\/image\\\/\",\"url\":\"https:\\\/\\\/nordic-evolution.com\\\/wp-content\\\/uploads\\\/2022\\\/03\\\/Nordic-Evolution-logo-2-gray-background.png\",\"contentUrl\":\"https:\\\/\\\/nordic-evolution.com\\\/wp-content\\\/uploads\\\/2022\\\/03\\\/Nordic-Evolution-logo-2-gray-background.png\",\"width\":800,\"height\":800,\"caption\":\"Nordic Evolution\"},\"image\":{\"@id\":\"https:\\\/\\\/nordic-evolution.com\\\/#\\\/schema\\\/logo\\\/image\\\/\"},\"sameAs\":[\"https:\\\/\\\/www.facebook.com\\\/NordicEvolution\",\"https:\\\/\\\/www.instagram.com\\\/nordicevolution\\\/\",\"https:\\\/\\\/www.linkedin.com\\\/company\\\/nordic-evolution\\\/\"]}]}<\/script>\n<!-- \/ Yoast SEO plugin. -->","yoast_head_json":{"title":"Melontaa digitaalisen opastuksen avulla - Nordic Evolution - Digitaaliset opastusj\u00e4rjestelm\u00e4t","robots":{"index":"index","follow":"follow","max-snippet":"max-snippet:-1","max-image-preview":"max-image-preview:large","max-video-preview":"max-video-preview:-1"},"canonical":"https:\/\/nordic-evolution.com\/fi\/kayaking-with-digital-guidance\/","og_locale":"fi_FI","og_type":"article","og_title":"Kayaking with digital guidance - Nordic Evolution - Digital guide systems","og_description":"Kayaking With our digital guide system Breaking new ground for blind kayakers Until now, there has been no way for people with visual impairment to compete independently in kayaking. Together with the Swedish Canoe Association, we have organized the first competition in the world where, as far as we know, a blind person can compete [&hellip;]","og_url":"https:\/\/nordic-evolution.com\/fi\/kayaking-with-digital-guidance\/","og_site_name":"Nordic Evolution - Digital guide systems","article_publisher":"https:\/\/www.facebook.com\/NordicEvolution","article_modified_time":"2023-10-25T18:08:15+00:00","og_image":[{"url":"https:\/\/nordic-evolution.com\/wp-content\/uploads\/Maja-competes-in-kayaking-with-a-digital-guidance-system-for-blind-people.jpg","type":"","width":"","height":""}],"twitter_card":"summary_large_image","twitter_misc":{"Arvioitu lukuaika":"2 minuuttia"},"schema":{"@context":"https:\/\/schema.org","@graph":[{"@type":"WebPage","@id":"https:\/\/nordic-evolution.com\/kayaking-with-digital-guidance\/","url":"https:\/\/nordic-evolution.com\/kayaking-with-digital-guidance\/","name":"Melontaa digitaalisen opastuksen avulla - Nordic Evolution - Digitaaliset opastusj\u00e4rjestelm\u00e4t","isPartOf":{"@id":"https:\/\/nordic-evolution.com\/#website"},"primaryImageOfPage":{"@id":"https:\/\/nordic-evolution.com\/kayaking-with-digital-guidance\/#primaryimage"},"image":{"@id":"https:\/\/nordic-evolution.com\/kayaking-with-digital-guidance\/#primaryimage"},"thumbnailUrl":"https:\/\/nordic-evolution.com\/wp-content\/uploads\/Maja-competes-in-kayaking-with-a-digital-guidance-system-for-blind-people.jpg","datePublished":"2023-10-21T07:56:50+00:00","dateModified":"2023-10-25T18:08:15+00:00","breadcrumb":{"@id":"https:\/\/nordic-evolution.com\/kayaking-with-digital-guidance\/#breadcrumb"},"inLanguage":"fi","potentialAction":[{"@type":"ReadAction","target":["https:\/\/nordic-evolution.com\/kayaking-with-digital-guidance\/"]}]},{"@type":"ImageObject","inLanguage":"fi","@id":"https:\/\/nordic-evolution.com\/kayaking-with-digital-guidance\/#primaryimage","url":"https:\/\/nordic-evolution.com\/wp-content\/uploads\/Maja-competes-in-kayaking-with-a-digital-guidance-system-for-blind-people.jpg","contentUrl":"https:\/\/nordic-evolution.com\/wp-content\/uploads\/Maja-competes-in-kayaking-with-a-digital-guidance-system-for-blind-people.jpg"},{"@type":"BreadcrumbList","@id":"https:\/\/nordic-evolution.com\/kayaking-with-digital-guidance\/#breadcrumb","itemListElement":[{"@type":"ListItem","position":1,"name":"Home","item":"https:\/\/nordic-evolution.com\/"},{"@type":"ListItem","position":2,"name":"Kayaking with digital guidance"}]},{"@type":"WebSite","@id":"https:\/\/nordic-evolution.com\/#website","url":"https:\/\/nordic-evolution.com\/","name":"\u00c4\u00e4niohjausj\u00e4rjestelm\u00e4t n\u00e4k\u00f6vammaisille urheilijoille","description":"Digitaaliset opasj\u00e4rjestelm\u00e4t n\u00e4k\u00f6vammaisille urheilijoille","publisher":{"@id":"https:\/\/nordic-evolution.com\/#organization"},"alternateName":"Nordic Evolution","potentialAction":[{"@type":"SearchAction","target":{"@type":"EntryPoint","urlTemplate":"https:\/\/nordic-evolution.com\/?s={search_term_string}"},"query-input":{"@type":"PropertyValueSpecification","valueRequired":true,"valueName":"search_term_string"}}],"inLanguage":"fi"},{"@type":"Organization","@id":"https:\/\/nordic-evolution.com\/#organization","name":"Nordic Evolution","url":"https:\/\/nordic-evolution.com\/","logo":{"@type":"ImageObject","inLanguage":"fi","@id":"https:\/\/nordic-evolution.com\/#\/schema\/logo\/image\/","url":"https:\/\/nordic-evolution.com\/wp-content\/uploads\/2022\/03\/Nordic-Evolution-logo-2-gray-background.png","contentUrl":"https:\/\/nordic-evolution.com\/wp-content\/uploads\/2022\/03\/Nordic-Evolution-logo-2-gray-background.png","width":800,"height":800,"caption":"Nordic Evolution"},"image":{"@id":"https:\/\/nordic-evolution.com\/#\/schema\/logo\/image\/"},"sameAs":["https:\/\/www.facebook.com\/NordicEvolution","https:\/\/www.instagram.com\/nordicevolution\/","https:\/\/www.linkedin.com\/company\/nordic-evolution\/"]}]}},"_links":{"self":[{"href":"https:\/\/nordic-evolution.com\/fi\/wp-json\/wp\/v2\/pages\/17025","targetHints":{"allow":["GET"]}}],"collection":[{"href":"https:\/\/nordic-evolution.com\/fi\/wp-json\/wp\/v2\/pages"}],"about":[{"href":"https:\/\/nordic-evolution.com\/fi\/wp-json\/wp\/v2\/types\/page"}],"author":[{"embeddable":true,"href":"https:\/\/nordic-evolution.com\/fi\/wp-json\/wp\/v2\/users\/1"}],"replies":[{"embeddable":true,"href":"https:\/\/nordic-evolution.com\/fi\/wp-json\/wp\/v2\/comments?post=17025"}],"version-history":[{"count":25,"href":"https:\/\/nordic-evolution.com\/fi\/wp-json\/wp\/v2\/pages\/17025\/revisions"}],"predecessor-version":[{"id":17141,"href":"https:\/\/nordic-evolution.com\/fi\/wp-json\/wp\/v2\/pages\/17025\/revisions\/17141"}],"wp:attachment":[{"href":"https:\/\/nordic-evolution.com\/fi\/wp-json\/wp\/v2\/media?parent=17025"}],"curies":[{"name":"wp","href":"https:\/\/api.w.org\/{rel}","templated":true}]}}