{"id":17039,"date":"2023-10-21T08:01:32","date_gmt":"2023-10-21T08:01:32","guid":{"rendered":"https:\/\/nordic-evolution.com\/?page_id=17039"},"modified":"2023-10-25T18:04:16","modified_gmt":"2023-10-25T18:04:16","slug":"skating-with-digital-guides-for-visually-impaired","status":"publish","type":"page","link":"https:\/\/nordic-evolution.com\/fi\/skating-with-digital-guides-for-visually-impaired\/","title":{"rendered":"Luistelu digitaalisilla oppailla n\u00e4k\u00f6vammaisille"},"content":{"rendered":"<div data-elementor-type=\"wp-page\" data-elementor-id=\"17039\" class=\"elementor elementor-17039\" data-elementor-post-type=\"page\">\n\t\t\t\t\t\t<section class=\"elementor-section elementor-top-section elementor-element elementor-element-79a697d elementor-section-boxed elementor-section-height-default elementor-section-height-default\" data-id=\"79a697d\" data-element_type=\"section\" data-e-type=\"section\" data-settings=\"{&quot;background_background&quot;:&quot;classic&quot;}\">\n\t\t\t\t\t\t\t<div class=\"elementor-background-overlay\"><\/div>\n\t\t\t\t\t\t\t<div class=\"elementor-container elementor-column-gap-default\">\n\t\t\t\t\t<div class=\"elementor-column elementor-col-100 elementor-top-column elementor-element elementor-element-963d8ad\" data-id=\"963d8ad\" data-element_type=\"column\" data-e-type=\"column\">\n\t\t\t<div class=\"elementor-widget-wrap elementor-element-populated\">\n\t\t\t\t\t\t<div class=\"elementor-element elementor-element-ca39444 elementor-widget elementor-widget-heading\" data-id=\"ca39444\" data-element_type=\"widget\" data-e-type=\"widget\" data-widget_type=\"heading.default\">\n\t\t\t\t<div class=\"elementor-widget-container\">\n\t\t\t\t\t<h1 class=\"elementor-heading-title elementor-size-default\">Luistelu<\/h1>\t\t\t\t<\/div>\n\t\t\t\t<\/div>\n\t\t\t\t<div class=\"elementor-element elementor-element-167c129 elementor-widget elementor-widget-heading\" data-id=\"167c129\" data-element_type=\"widget\" data-e-type=\"widget\" data-widget_type=\"heading.default\">\n\t\t\t\t<div class=\"elementor-widget-container\">\n\t\t\t\t\t<h2 class=\"elementor-heading-title elementor-size-default\">Digitaalisten oppaidemme avulla<\/h2>\t\t\t\t<\/div>\n\t\t\t\t<\/div>\n\t\t\t\t\t<\/div>\n\t\t<\/div>\n\t\t\t\t\t<\/div>\n\t\t<\/section>\n\t\t\t\t<section class=\"elementor-section elementor-top-section elementor-element elementor-element-07809f8 elementor-section-boxed elementor-section-height-default elementor-section-height-default\" data-id=\"07809f8\" data-element_type=\"section\" data-e-type=\"section\" data-settings=\"{&quot;background_background&quot;:&quot;classic&quot;}\">\n\t\t\t\t\t\t<div class=\"elementor-container elementor-column-gap-default\">\n\t\t\t\t\t<div class=\"elementor-column elementor-col-50 elementor-top-column elementor-element elementor-element-ab77863\" data-id=\"ab77863\" data-element_type=\"column\" data-e-type=\"column\">\n\t\t\t<div class=\"elementor-widget-wrap elementor-element-populated\">\n\t\t\t\t\t\t<div class=\"elementor-element elementor-element-14308f7 elementor-widget elementor-widget-heading\" data-id=\"14308f7\" data-element_type=\"widget\" data-e-type=\"widget\" data-widget_type=\"heading.default\">\n\t\t\t\t<div class=\"elementor-widget-container\">\n\t\t\t\t\t<h3 class=\"elementor-heading-title elementor-size-default\">K\u00e4yt\u00f6ss\u00e4 ymp\u00e4ri vuoden<\/h3>\t\t\t\t<\/div>\n\t\t\t\t<\/div>\n\t\t\t\t<div class=\"elementor-element elementor-element-d770a22 elementor-widget elementor-widget-text-editor\" data-id=\"d770a22\" data-element_type=\"widget\" data-e-type=\"widget\" data-widget_type=\"text-editor.default\">\n\t\t\t\t<div class=\"elementor-widget-container\">\n\t\t\t\t\t\t\t\t\t<p>Oletko koskaan haaveillut luistelusta yksin, vaikka olisit n\u00e4k\u00f6vammainen? Nyt voit tehd\u00e4 sen digitaalisen opastusj\u00e4rjestelm\u00e4mme avulla! Videolla seuraat 8-vuotiasta Lokea, kun h\u00e4n ensimm\u00e4ist\u00e4 kertaa kokeilee luistelua ulkoluistinradalla.<\/p>\t\t\t\t\t\t\t\t<\/div>\n\t\t\t\t<\/div>\n\t\t\t\t<div class=\"elementor-element elementor-element-b543972 elementor-widget elementor-widget-text-editor\" data-id=\"b543972\" data-element_type=\"widget\" data-e-type=\"widget\" data-widget_type=\"text-editor.default\">\n\t\t\t\t<div class=\"elementor-widget-container\">\n\t\t\t\t\t\t\t\t\t<p>Nyky\u00e4\u00e4n Pohjoismaiden kunnilla on tavallista valmistautua luistelemiseen kuntien ulkourheiluareenoilla, joten digitaalisen opastuksen k\u00e4ytt\u00f6 on luonnollista sek\u00e4 kes\u00e4ll\u00e4 ett\u00e4 talvella. Kaksinkertainen k\u00e4ytt\u00f6, koska samaa reitti\u00e4 voidaan k\u00e4ytt\u00e4\u00e4 juoksemiseen, k\u00e4velyyn tai luistelemiseen. Tietysti voit my\u00f6s tehd\u00e4 omia reittej\u00e4 j\u00e4rville jne., se on sinun. Jos olet kiinnostunut urheilutilasi mukauttamisesta t\u00e4h\u00e4n, ota yhteytt\u00e4, niin sovitaan tapaaminen kuntasi kanssa.<\/p>\t\t\t\t\t\t\t\t<\/div>\n\t\t\t\t<\/div>\n\t\t\t\t\t<\/div>\n\t\t<\/div>\n\t\t\t\t<div class=\"elementor-column elementor-col-50 elementor-top-column elementor-element elementor-element-a1464fb\" data-id=\"a1464fb\" data-element_type=\"column\" data-e-type=\"column\">\n\t\t\t<div class=\"elementor-widget-wrap elementor-element-populated\">\n\t\t\t\t\t\t<div class=\"elementor-element elementor-element-c83058d elementor-widget elementor-widget-video\" data-id=\"c83058d\" data-element_type=\"widget\" data-e-type=\"widget\" data-settings=\"{&quot;youtube_url&quot;:&quot;https:\\\/\\\/youtu.be\\\/UigNQEFUcPs&quot;,&quot;lazy_load&quot;:&quot;yes&quot;,&quot;video_type&quot;:&quot;youtube&quot;,&quot;controls&quot;:&quot;yes&quot;}\" data-widget_type=\"video.default\">\n\t\t\t\t<div class=\"elementor-widget-container\">\n\t\t\t\t\t\t\t<div class=\"elementor-wrapper elementor-open-inline\">\n\t\t\t<div class=\"elementor-video\"><\/div>\t\t<\/div>\n\t\t\t\t\t\t<\/div>\n\t\t\t\t<\/div>\n\t\t\t\t<div class=\"elementor-element elementor-element-c2a7484 elementor-widget elementor-widget-heading\" data-id=\"c2a7484\" data-element_type=\"widget\" data-e-type=\"widget\" data-widget_type=\"heading.default\">\n\t\t\t\t<div class=\"elementor-widget-container\">\n\t\t\t\t\t<h5 class=\"elementor-heading-title elementor-size-default\">N\u00e4k\u00f6vammainen Loke luistelee ensimm\u00e4ist\u00e4 kertaa digitaalisella ohjauksella.<\/h5>\t\t\t\t<\/div>\n\t\t\t\t<\/div>\n\t\t\t\t\t<\/div>\n\t\t<\/div>\n\t\t\t\t\t<\/div>\n\t\t<\/section>\n\t\t\t\t<\/div>","protected":false},"excerpt":{"rendered":"<p>Skating With our digital guides For use all year around Have you ever dreamed of skating all by yourself even though you are visually impaired? Now you can do it with our digital guidance system! In the video you follow Loke, 8 years old, when he for the first time tries skating on a outside [&hellip;]<\/p>\n","protected":false},"author":1,"featured_media":0,"parent":0,"menu_order":0,"comment_status":"closed","ping_status":"closed","template":"","meta":{"footnotes":""},"class_list":["post-17039","page","type-page","status-publish","hentry"],"yoast_head":"<!-- This site is optimized with the Yoast SEO plugin v27.4 - https:\/\/yoast.com\/product\/yoast-seo-wordpress\/ -->\n<title>Skating with digital guides for visually impaired - Nordic Evolution - Digital guide systems<\/title>\n<meta name=\"robots\" content=\"index, follow, max-snippet:-1, max-image-preview:large, max-video-preview:-1\" \/>\n<link rel=\"canonical\" href=\"https:\/\/nordic-evolution.com\/fi\/skating-with-digital-guides-for-visually-impaired\/\" \/>\n<meta property=\"og:locale\" content=\"fi_FI\" \/>\n<meta property=\"og:type\" content=\"article\" \/>\n<meta property=\"og:title\" content=\"Skating with digital guides for visually impaired - Nordic Evolution - Digital guide systems\" \/>\n<meta property=\"og:description\" content=\"Skating With our digital guides For use all year around Have you ever dreamed of skating all by yourself even though you are visually impaired? Now you can do it with our digital guidance system! In the video you follow Loke, 8 years old, when he for the first time tries skating on a outside [&hellip;]\" \/>\n<meta property=\"og:url\" content=\"https:\/\/nordic-evolution.com\/fi\/skating-with-digital-guides-for-visually-impaired\/\" \/>\n<meta property=\"og:site_name\" content=\"Nordic Evolution - Digital guide systems\" \/>\n<meta property=\"article:publisher\" content=\"https:\/\/www.facebook.com\/NordicEvolution\" \/>\n<meta property=\"article:modified_time\" content=\"2023-10-25T18:04:16+00:00\" \/>\n<meta name=\"twitter:card\" content=\"summary_large_image\" \/>\n<meta name=\"twitter:label1\" content=\"Arvioitu lukuaika\" \/>\n\t<meta name=\"twitter:data1\" content=\"1 minuutti\" \/>\n<script type=\"application\/ld+json\" class=\"yoast-schema-graph\">{\"@context\":\"https:\\\/\\\/schema.org\",\"@graph\":[{\"@type\":\"WebPage\",\"@id\":\"https:\\\/\\\/nordic-evolution.com\\\/skating-with-digital-guides-for-visually-impaired\\\/\",\"url\":\"https:\\\/\\\/nordic-evolution.com\\\/skating-with-digital-guides-for-visually-impaired\\\/\",\"name\":\"Skating with digital guides for visually impaired - Nordic Evolution - Digital guide systems\",\"isPartOf\":{\"@id\":\"https:\\\/\\\/nordic-evolution.com\\\/#website\"},\"datePublished\":\"2023-10-21T08:01:32+00:00\",\"dateModified\":\"2023-10-25T18:04:16+00:00\",\"breadcrumb\":{\"@id\":\"https:\\\/\\\/nordic-evolution.com\\\/skating-with-digital-guides-for-visually-impaired\\\/#breadcrumb\"},\"inLanguage\":\"fi\",\"potentialAction\":[{\"@type\":\"ReadAction\",\"target\":[\"https:\\\/\\\/nordic-evolution.com\\\/skating-with-digital-guides-for-visually-impaired\\\/\"]}]},{\"@type\":\"BreadcrumbList\",\"@id\":\"https:\\\/\\\/nordic-evolution.com\\\/skating-with-digital-guides-for-visually-impaired\\\/#breadcrumb\",\"itemListElement\":[{\"@type\":\"ListItem\",\"position\":1,\"name\":\"Home\",\"item\":\"https:\\\/\\\/nordic-evolution.com\\\/\"},{\"@type\":\"ListItem\",\"position\":2,\"name\":\"Skating with digital guides for visually impaired\"}]},{\"@type\":\"WebSite\",\"@id\":\"https:\\\/\\\/nordic-evolution.com\\\/#website\",\"url\":\"https:\\\/\\\/nordic-evolution.com\\\/\",\"name\":\"Audio guidance systems for visually impaired athletes\",\"description\":\"Digital guide systems for visually impaired athletes\",\"publisher\":{\"@id\":\"https:\\\/\\\/nordic-evolution.com\\\/#organization\"},\"alternateName\":\"Nordic Evolution\",\"potentialAction\":[{\"@type\":\"SearchAction\",\"target\":{\"@type\":\"EntryPoint\",\"urlTemplate\":\"https:\\\/\\\/nordic-evolution.com\\\/?s={search_term_string}\"},\"query-input\":{\"@type\":\"PropertyValueSpecification\",\"valueRequired\":true,\"valueName\":\"search_term_string\"}}],\"inLanguage\":\"fi\"},{\"@type\":\"Organization\",\"@id\":\"https:\\\/\\\/nordic-evolution.com\\\/#organization\",\"name\":\"Nordic Evolution\",\"url\":\"https:\\\/\\\/nordic-evolution.com\\\/\",\"logo\":{\"@type\":\"ImageObject\",\"inLanguage\":\"fi\",\"@id\":\"https:\\\/\\\/nordic-evolution.com\\\/#\\\/schema\\\/logo\\\/image\\\/\",\"url\":\"https:\\\/\\\/nordic-evolution.com\\\/wp-content\\\/uploads\\\/2022\\\/03\\\/Nordic-Evolution-logo-2-gray-background.png\",\"contentUrl\":\"https:\\\/\\\/nordic-evolution.com\\\/wp-content\\\/uploads\\\/2022\\\/03\\\/Nordic-Evolution-logo-2-gray-background.png\",\"width\":800,\"height\":800,\"caption\":\"Nordic Evolution\"},\"image\":{\"@id\":\"https:\\\/\\\/nordic-evolution.com\\\/#\\\/schema\\\/logo\\\/image\\\/\"},\"sameAs\":[\"https:\\\/\\\/www.facebook.com\\\/NordicEvolution\",\"https:\\\/\\\/www.instagram.com\\\/nordicevolution\\\/\",\"https:\\\/\\\/www.linkedin.com\\\/company\\\/nordic-evolution\\\/\"]}]}<\/script>\n<!-- \/ Yoast SEO plugin. -->","yoast_head_json":{"title":"Luistelu digitaalisten oppaiden kanssa n\u00e4k\u00f6vammaisille - Nordic Evolution - Digitaaliset opasj\u00e4rjestelm\u00e4t","robots":{"index":"index","follow":"follow","max-snippet":"max-snippet:-1","max-image-preview":"max-image-preview:large","max-video-preview":"max-video-preview:-1"},"canonical":"https:\/\/nordic-evolution.com\/fi\/skating-with-digital-guides-for-visually-impaired\/","og_locale":"fi_FI","og_type":"article","og_title":"Skating with digital guides for visually impaired - Nordic Evolution - Digital guide systems","og_description":"Skating With our digital guides For use all year around Have you ever dreamed of skating all by yourself even though you are visually impaired? Now you can do it with our digital guidance system! In the video you follow Loke, 8 years old, when he for the first time tries skating on a outside [&hellip;]","og_url":"https:\/\/nordic-evolution.com\/fi\/skating-with-digital-guides-for-visually-impaired\/","og_site_name":"Nordic Evolution - Digital guide systems","article_publisher":"https:\/\/www.facebook.com\/NordicEvolution","article_modified_time":"2023-10-25T18:04:16+00:00","twitter_card":"summary_large_image","twitter_misc":{"Arvioitu lukuaika":"1 minuutti"},"schema":{"@context":"https:\/\/schema.org","@graph":[{"@type":"WebPage","@id":"https:\/\/nordic-evolution.com\/skating-with-digital-guides-for-visually-impaired\/","url":"https:\/\/nordic-evolution.com\/skating-with-digital-guides-for-visually-impaired\/","name":"Luistelu digitaalisten oppaiden kanssa n\u00e4k\u00f6vammaisille - Nordic Evolution - Digitaaliset opasj\u00e4rjestelm\u00e4t","isPartOf":{"@id":"https:\/\/nordic-evolution.com\/#website"},"datePublished":"2023-10-21T08:01:32+00:00","dateModified":"2023-10-25T18:04:16+00:00","breadcrumb":{"@id":"https:\/\/nordic-evolution.com\/skating-with-digital-guides-for-visually-impaired\/#breadcrumb"},"inLanguage":"fi","potentialAction":[{"@type":"ReadAction","target":["https:\/\/nordic-evolution.com\/skating-with-digital-guides-for-visually-impaired\/"]}]},{"@type":"BreadcrumbList","@id":"https:\/\/nordic-evolution.com\/skating-with-digital-guides-for-visually-impaired\/#breadcrumb","itemListElement":[{"@type":"ListItem","position":1,"name":"Home","item":"https:\/\/nordic-evolution.com\/"},{"@type":"ListItem","position":2,"name":"Skating with digital guides for visually impaired"}]},{"@type":"WebSite","@id":"https:\/\/nordic-evolution.com\/#website","url":"https:\/\/nordic-evolution.com\/","name":"\u00c4\u00e4niohjausj\u00e4rjestelm\u00e4t n\u00e4k\u00f6vammaisille urheilijoille","description":"Digitaaliset opasj\u00e4rjestelm\u00e4t n\u00e4k\u00f6vammaisille urheilijoille","publisher":{"@id":"https:\/\/nordic-evolution.com\/#organization"},"alternateName":"Nordic Evolution","potentialAction":[{"@type":"SearchAction","target":{"@type":"EntryPoint","urlTemplate":"https:\/\/nordic-evolution.com\/?s={search_term_string}"},"query-input":{"@type":"PropertyValueSpecification","valueRequired":true,"valueName":"search_term_string"}}],"inLanguage":"fi"},{"@type":"Organization","@id":"https:\/\/nordic-evolution.com\/#organization","name":"Nordic Evolution","url":"https:\/\/nordic-evolution.com\/","logo":{"@type":"ImageObject","inLanguage":"fi","@id":"https:\/\/nordic-evolution.com\/#\/schema\/logo\/image\/","url":"https:\/\/nordic-evolution.com\/wp-content\/uploads\/2022\/03\/Nordic-Evolution-logo-2-gray-background.png","contentUrl":"https:\/\/nordic-evolution.com\/wp-content\/uploads\/2022\/03\/Nordic-Evolution-logo-2-gray-background.png","width":800,"height":800,"caption":"Nordic Evolution"},"image":{"@id":"https:\/\/nordic-evolution.com\/#\/schema\/logo\/image\/"},"sameAs":["https:\/\/www.facebook.com\/NordicEvolution","https:\/\/www.instagram.com\/nordicevolution\/","https:\/\/www.linkedin.com\/company\/nordic-evolution\/"]}]}},"_links":{"self":[{"href":"https:\/\/nordic-evolution.com\/fi\/wp-json\/wp\/v2\/pages\/17039","targetHints":{"allow":["GET"]}}],"collection":[{"href":"https:\/\/nordic-evolution.com\/fi\/wp-json\/wp\/v2\/pages"}],"about":[{"href":"https:\/\/nordic-evolution.com\/fi\/wp-json\/wp\/v2\/types\/page"}],"author":[{"embeddable":true,"href":"https:\/\/nordic-evolution.com\/fi\/wp-json\/wp\/v2\/users\/1"}],"replies":[{"embeddable":true,"href":"https:\/\/nordic-evolution.com\/fi\/wp-json\/wp\/v2\/comments?post=17039"}],"version-history":[{"count":20,"href":"https:\/\/nordic-evolution.com\/fi\/wp-json\/wp\/v2\/pages\/17039\/revisions"}],"predecessor-version":[{"id":17135,"href":"https:\/\/nordic-evolution.com\/fi\/wp-json\/wp\/v2\/pages\/17039\/revisions\/17135"}],"wp:attachment":[{"href":"https:\/\/nordic-evolution.com\/fi\/wp-json\/wp\/v2\/media?parent=17039"}],"curies":[{"name":"wp","href":"https:\/\/api.w.org\/{rel}","templated":true}]}}