{"id":13874,"date":"2022-05-07T10:41:41","date_gmt":"2022-05-07T10:41:41","guid":{"rendered":"https:\/\/nordic-evolution.com\/?page_id=13874"},"modified":"2024-02-02T13:48:25","modified_gmt":"2024-02-02T13:48:25","slug":"digital-guide-paths-for-visually-impaired","status":"publish","type":"page","link":"https:\/\/nordic-evolution.com\/no\/digital-guide-paths-for-visually-impaired\/","title":{"rendered":"Digitale ledeveier for synshemmede"},"content":{"rendered":"<h1>Digitale veier for \u00e5 veilede synshemmede<\/h1>\n<h2>Eksempler p\u00e5 stier laget av brukerne v\u00e5re<\/h2>\n<h3>Stien til en l\u00f8ype<\/h3>\n<p>\t\t\t\t\t\t\t\t\t\t\t\t\t\t\t<img decoding=\"async\" width=\"800\" height=\"600\" data-src=\"https:\/\/nordic-evolution.com\/wp-content\/uploads\/2022\/04\/Digital-path-for-visually-impaired-skiers-recorded-from-gps.jpg\" alt=\"Digital path for visually impaired skiers recorded from gps\" data-srcset=\"https:\/\/nordic-evolution.com\/wp-content\/uploads\/2022\/04\/Digital-path-for-visually-impaired-skiers-recorded-from-gps.jpg 800w, https:\/\/nordic-evolution.com\/wp-content\/uploads\/2022\/04\/Digital-path-for-visually-impaired-skiers-recorded-from-gps-300x225.jpg 300w, https:\/\/nordic-evolution.com\/wp-content\/uploads\/2022\/04\/Digital-path-for-visually-impaired-skiers-recorded-from-gps-768x576.jpg 768w\" data-sizes=\"auto, (max-width: 800px) 100vw, 800px\" src=\"data:image\/svg+xml;base64,PHN2ZyB3aWR0aD0iMSIgaGVpZ2h0PSIxIiB4bWxucz0iaHR0cDovL3d3dy53My5vcmcvMjAwMC9zdmciPjwvc3ZnPg==\" class=\"lazyload\" style=\"--smush-placeholder-width: 800px; --smush-placeholder-aspect-ratio: 800\/600;\" \/>\t\t\t\t\t\t\t\t\t\t\t\t\t\t\t<\/p>\n<h3>For jogging og ski<\/h3>\n<p>\t\t\t\t\t\t\t\t\t\t\t\t\t\t\t<img decoding=\"async\" width=\"800\" height=\"600\" data-src=\"https:\/\/nordic-evolution.com\/wp-content\/uploads\/2022\/04\/Digital-guide-path-recorded-from-gps.jpg\" alt=\"Digital guide path recorded from gps\" data-srcset=\"https:\/\/nordic-evolution.com\/wp-content\/uploads\/2022\/04\/Digital-guide-path-recorded-from-gps.jpg 800w, https:\/\/nordic-evolution.com\/wp-content\/uploads\/2022\/04\/Digital-guide-path-recorded-from-gps-300x225.jpg 300w, https:\/\/nordic-evolution.com\/wp-content\/uploads\/2022\/04\/Digital-guide-path-recorded-from-gps-768x576.jpg 768w\" data-sizes=\"auto, (max-width: 800px) 100vw, 800px\" src=\"data:image\/svg+xml;base64,PHN2ZyB3aWR0aD0iMSIgaGVpZ2h0PSIxIiB4bWxucz0iaHR0cDovL3d3dy53My5vcmcvMjAwMC9zdmciPjwvc3ZnPg==\" class=\"lazyload\" style=\"--smush-placeholder-width: 800px; --smush-placeholder-aspect-ratio: 800\/600;\" \/>\t\t\t\t\t\t\t\t\t\t\t\t\t\t\t<\/p>\n<h3>G\u00e5r i byen<\/h3>\n<p>\t\t\t\t\t\t\t\t\t\t\t\t\t\t\t<img decoding=\"async\" width=\"800\" height=\"600\" data-src=\"https:\/\/nordic-evolution.com\/wp-content\/uploads\/2022\/05\/Digital-guidance-path-for-visually-impaired-to-follow-in-city-1.jpg\" alt=\"Digital guidance path for visually impaired to follow in city\" data-srcset=\"https:\/\/nordic-evolution.com\/wp-content\/uploads\/2022\/05\/Digital-guidance-path-for-visually-impaired-to-follow-in-city-1.jpg 800w, https:\/\/nordic-evolution.com\/wp-content\/uploads\/2022\/05\/Digital-guidance-path-for-visually-impaired-to-follow-in-city-1-300x225.jpg 300w, https:\/\/nordic-evolution.com\/wp-content\/uploads\/2022\/05\/Digital-guidance-path-for-visually-impaired-to-follow-in-city-1-768x576.jpg 768w\" data-sizes=\"auto, (max-width: 800px) 100vw, 800px\" src=\"data:image\/svg+xml;base64,PHN2ZyB3aWR0aD0iMSIgaGVpZ2h0PSIxIiB4bWxucz0iaHR0cDovL3d3dy53My5vcmcvMjAwMC9zdmciPjwvc3ZnPg==\" class=\"lazyload\" style=\"--smush-placeholder-width: 800px; --smush-placeholder-aspect-ratio: 800\/600;\" \/><\/p>","protected":false},"excerpt":{"rendered":"<p>Digitale veier for \u00e5 veilede synshemmede Eksempler p\u00e5 stier laget av v\u00e5re brukere Path of a piste For jogging og skig\u00e5ing Turg\u00e5ing i byen<\/p>","protected":false},"author":1,"featured_media":0,"parent":0,"menu_order":0,"comment_status":"closed","ping_status":"closed","template":"","meta":{"footnotes":""},"class_list":["post-13874","page","type-page","status-publish","hentry"],"yoast_head":"<!-- This site is optimized with the Yoast SEO plugin v27.4 - https:\/\/yoast.com\/product\/yoast-seo-wordpress\/ -->\n<title>Digital guide paths for visually impaired<\/title>\n<meta name=\"description\" content=\"Design or record digital paths that visually impaired people can follow when walking, running, skiing etc. on their own.\" \/>\n<meta name=\"robots\" content=\"index, follow, max-snippet:-1, max-image-preview:large, max-video-preview:-1\" \/>\n<link rel=\"canonical\" href=\"https:\/\/nordic-evolution.com\/no\/digital-guide-paths-for-visually-impaired\/\" \/>\n<meta property=\"og:locale\" content=\"nb_NO\" \/>\n<meta property=\"og:type\" content=\"article\" \/>\n<meta property=\"og:title\" content=\"Digital guide paths for visually impaired\" \/>\n<meta property=\"og:description\" content=\"Design or record digital paths that visually impaired people can follow when walking, running, skiing etc. on their own.\" \/>\n<meta property=\"og:url\" content=\"https:\/\/nordic-evolution.com\/no\/digital-guide-paths-for-visually-impaired\/\" \/>\n<meta property=\"og:site_name\" content=\"Nordic Evolution - Digital guide systems\" \/>\n<meta property=\"article:publisher\" content=\"https:\/\/www.facebook.com\/NordicEvolution\" \/>\n<meta property=\"article:modified_time\" content=\"2024-02-02T13:48:25+00:00\" \/>\n<meta property=\"og:image\" content=\"https:\/\/nordic-evolution.com\/wp-content\/uploads\/2022\/04\/Digital-path-for-visually-impaired-skiers-recorded-from-gps.jpg\" \/>\n<meta name=\"twitter:card\" content=\"summary_large_image\" \/>\n<meta name=\"twitter:label1\" content=\"Ansl. lesetid\" \/>\n\t<meta name=\"twitter:data1\" content=\"1 minutt\" \/>\n<script type=\"application\/ld+json\" class=\"yoast-schema-graph\">{\"@context\":\"https:\\\/\\\/schema.org\",\"@graph\":[{\"@type\":\"WebPage\",\"@id\":\"https:\\\/\\\/nordic-evolution.com\\\/digital-guide-paths-for-visually-impaired\\\/\",\"url\":\"https:\\\/\\\/nordic-evolution.com\\\/digital-guide-paths-for-visually-impaired\\\/\",\"name\":\"Digital guide paths for visually impaired\",\"isPartOf\":{\"@id\":\"https:\\\/\\\/nordic-evolution.com\\\/#website\"},\"primaryImageOfPage\":{\"@id\":\"https:\\\/\\\/nordic-evolution.com\\\/digital-guide-paths-for-visually-impaired\\\/#primaryimage\"},\"image\":{\"@id\":\"https:\\\/\\\/nordic-evolution.com\\\/digital-guide-paths-for-visually-impaired\\\/#primaryimage\"},\"thumbnailUrl\":\"https:\\\/\\\/nordic-evolution.com\\\/wp-content\\\/uploads\\\/2022\\\/04\\\/Digital-path-for-visually-impaired-skiers-recorded-from-gps.jpg\",\"datePublished\":\"2022-05-07T10:41:41+00:00\",\"dateModified\":\"2024-02-02T13:48:25+00:00\",\"description\":\"Design or record digital paths that visually impaired people can follow when walking, running, skiing etc. on their own.\",\"breadcrumb\":{\"@id\":\"https:\\\/\\\/nordic-evolution.com\\\/digital-guide-paths-for-visually-impaired\\\/#breadcrumb\"},\"inLanguage\":\"nb-NO\",\"potentialAction\":[{\"@type\":\"ReadAction\",\"target\":[\"https:\\\/\\\/nordic-evolution.com\\\/digital-guide-paths-for-visually-impaired\\\/\"]}]},{\"@type\":\"ImageObject\",\"inLanguage\":\"nb-NO\",\"@id\":\"https:\\\/\\\/nordic-evolution.com\\\/digital-guide-paths-for-visually-impaired\\\/#primaryimage\",\"url\":\"https:\\\/\\\/nordic-evolution.com\\\/wp-content\\\/uploads\\\/2022\\\/04\\\/Digital-path-for-visually-impaired-skiers-recorded-from-gps.jpg\",\"contentUrl\":\"https:\\\/\\\/nordic-evolution.com\\\/wp-content\\\/uploads\\\/2022\\\/04\\\/Digital-path-for-visually-impaired-skiers-recorded-from-gps.jpg\"},{\"@type\":\"BreadcrumbList\",\"@id\":\"https:\\\/\\\/nordic-evolution.com\\\/digital-guide-paths-for-visually-impaired\\\/#breadcrumb\",\"itemListElement\":[{\"@type\":\"ListItem\",\"position\":1,\"name\":\"Home\",\"item\":\"https:\\\/\\\/nordic-evolution.com\\\/\"},{\"@type\":\"ListItem\",\"position\":2,\"name\":\"Digital guide paths for visually impaired\"}]},{\"@type\":\"WebSite\",\"@id\":\"https:\\\/\\\/nordic-evolution.com\\\/#website\",\"url\":\"https:\\\/\\\/nordic-evolution.com\\\/\",\"name\":\"Audio guidance systems for visually impaired athletes\",\"description\":\"Digital guide systems for visually impaired athletes\",\"publisher\":{\"@id\":\"https:\\\/\\\/nordic-evolution.com\\\/#organization\"},\"alternateName\":\"Nordic Evolution\",\"potentialAction\":[{\"@type\":\"SearchAction\",\"target\":{\"@type\":\"EntryPoint\",\"urlTemplate\":\"https:\\\/\\\/nordic-evolution.com\\\/?s={search_term_string}\"},\"query-input\":{\"@type\":\"PropertyValueSpecification\",\"valueRequired\":true,\"valueName\":\"search_term_string\"}}],\"inLanguage\":\"nb-NO\"},{\"@type\":\"Organization\",\"@id\":\"https:\\\/\\\/nordic-evolution.com\\\/#organization\",\"name\":\"Nordic Evolution\",\"url\":\"https:\\\/\\\/nordic-evolution.com\\\/\",\"logo\":{\"@type\":\"ImageObject\",\"inLanguage\":\"nb-NO\",\"@id\":\"https:\\\/\\\/nordic-evolution.com\\\/#\\\/schema\\\/logo\\\/image\\\/\",\"url\":\"https:\\\/\\\/nordic-evolution.com\\\/wp-content\\\/uploads\\\/2022\\\/03\\\/Nordic-Evolution-logo-2-gray-background.png\",\"contentUrl\":\"https:\\\/\\\/nordic-evolution.com\\\/wp-content\\\/uploads\\\/2022\\\/03\\\/Nordic-Evolution-logo-2-gray-background.png\",\"width\":800,\"height\":800,\"caption\":\"Nordic Evolution\"},\"image\":{\"@id\":\"https:\\\/\\\/nordic-evolution.com\\\/#\\\/schema\\\/logo\\\/image\\\/\"},\"sameAs\":[\"https:\\\/\\\/www.facebook.com\\\/NordicEvolution\",\"https:\\\/\\\/www.instagram.com\\\/nordicevolution\\\/\",\"https:\\\/\\\/www.linkedin.com\\\/company\\\/nordic-evolution\\\/\"]}]}<\/script>\n<!-- \/ Yoast SEO plugin. -->","yoast_head_json":{"title":"Digitale ledeveier for synshemmede","description":"Design eller registrer digitale stier som synshemmede kan f\u00f8lge n\u00e5r de g\u00e5r, l\u00f8per, st\u00e5r p\u00e5 ski osv. p\u00e5 egenh\u00e5nd.","robots":{"index":"index","follow":"follow","max-snippet":"max-snippet:-1","max-image-preview":"max-image-preview:large","max-video-preview":"max-video-preview:-1"},"canonical":"https:\/\/nordic-evolution.com\/no\/digital-guide-paths-for-visually-impaired\/","og_locale":"nb_NO","og_type":"article","og_title":"Digital guide paths for visually impaired","og_description":"Design or record digital paths that visually impaired people can follow when walking, running, skiing etc. on their own.","og_url":"https:\/\/nordic-evolution.com\/no\/digital-guide-paths-for-visually-impaired\/","og_site_name":"Nordic Evolution - Digital guide systems","article_publisher":"https:\/\/www.facebook.com\/NordicEvolution","article_modified_time":"2024-02-02T13:48:25+00:00","og_image":[{"url":"https:\/\/nordic-evolution.com\/wp-content\/uploads\/2022\/04\/Digital-path-for-visually-impaired-skiers-recorded-from-gps.jpg","type":"","width":"","height":""}],"twitter_card":"summary_large_image","twitter_misc":{"Ansl. lesetid":"1 minutt"},"schema":{"@context":"https:\/\/schema.org","@graph":[{"@type":"WebPage","@id":"https:\/\/nordic-evolution.com\/digital-guide-paths-for-visually-impaired\/","url":"https:\/\/nordic-evolution.com\/digital-guide-paths-for-visually-impaired\/","name":"Digitale ledeveier for synshemmede","isPartOf":{"@id":"https:\/\/nordic-evolution.com\/#website"},"primaryImageOfPage":{"@id":"https:\/\/nordic-evolution.com\/digital-guide-paths-for-visually-impaired\/#primaryimage"},"image":{"@id":"https:\/\/nordic-evolution.com\/digital-guide-paths-for-visually-impaired\/#primaryimage"},"thumbnailUrl":"https:\/\/nordic-evolution.com\/wp-content\/uploads\/2022\/04\/Digital-path-for-visually-impaired-skiers-recorded-from-gps.jpg","datePublished":"2022-05-07T10:41:41+00:00","dateModified":"2024-02-02T13:48:25+00:00","description":"Design eller registrer digitale stier som synshemmede kan f\u00f8lge n\u00e5r de g\u00e5r, l\u00f8per, st\u00e5r p\u00e5 ski osv. p\u00e5 egenh\u00e5nd.","breadcrumb":{"@id":"https:\/\/nordic-evolution.com\/digital-guide-paths-for-visually-impaired\/#breadcrumb"},"inLanguage":"nb-NO","potentialAction":[{"@type":"ReadAction","target":["https:\/\/nordic-evolution.com\/digital-guide-paths-for-visually-impaired\/"]}]},{"@type":"ImageObject","inLanguage":"nb-NO","@id":"https:\/\/nordic-evolution.com\/digital-guide-paths-for-visually-impaired\/#primaryimage","url":"https:\/\/nordic-evolution.com\/wp-content\/uploads\/2022\/04\/Digital-path-for-visually-impaired-skiers-recorded-from-gps.jpg","contentUrl":"https:\/\/nordic-evolution.com\/wp-content\/uploads\/2022\/04\/Digital-path-for-visually-impaired-skiers-recorded-from-gps.jpg"},{"@type":"BreadcrumbList","@id":"https:\/\/nordic-evolution.com\/digital-guide-paths-for-visually-impaired\/#breadcrumb","itemListElement":[{"@type":"ListItem","position":1,"name":"Home","item":"https:\/\/nordic-evolution.com\/"},{"@type":"ListItem","position":2,"name":"Digital guide paths for visually impaired"}]},{"@type":"WebSite","@id":"https:\/\/nordic-evolution.com\/#website","url":"https:\/\/nordic-evolution.com\/","name":"Lydveiledningssystemer for synshemmede idrettsut\u00f8vere","description":"Digitale guidesystemer for synshemmede idrettsut\u00f8vere","publisher":{"@id":"https:\/\/nordic-evolution.com\/#organization"},"alternateName":"Nordic Evolution","potentialAction":[{"@type":"SearchAction","target":{"@type":"EntryPoint","urlTemplate":"https:\/\/nordic-evolution.com\/?s={search_term_string}"},"query-input":{"@type":"PropertyValueSpecification","valueRequired":true,"valueName":"search_term_string"}}],"inLanguage":"nb-NO"},{"@type":"Organization","@id":"https:\/\/nordic-evolution.com\/#organization","name":"Nordic Evolution","url":"https:\/\/nordic-evolution.com\/","logo":{"@type":"ImageObject","inLanguage":"nb-NO","@id":"https:\/\/nordic-evolution.com\/#\/schema\/logo\/image\/","url":"https:\/\/nordic-evolution.com\/wp-content\/uploads\/2022\/03\/Nordic-Evolution-logo-2-gray-background.png","contentUrl":"https:\/\/nordic-evolution.com\/wp-content\/uploads\/2022\/03\/Nordic-Evolution-logo-2-gray-background.png","width":800,"height":800,"caption":"Nordic Evolution"},"image":{"@id":"https:\/\/nordic-evolution.com\/#\/schema\/logo\/image\/"},"sameAs":["https:\/\/www.facebook.com\/NordicEvolution","https:\/\/www.instagram.com\/nordicevolution\/","https:\/\/www.linkedin.com\/company\/nordic-evolution\/"]}]}},"_links":{"self":[{"href":"https:\/\/nordic-evolution.com\/no\/wp-json\/wp\/v2\/pages\/13874","targetHints":{"allow":["GET"]}}],"collection":[{"href":"https:\/\/nordic-evolution.com\/no\/wp-json\/wp\/v2\/pages"}],"about":[{"href":"https:\/\/nordic-evolution.com\/no\/wp-json\/wp\/v2\/types\/page"}],"author":[{"embeddable":true,"href":"https:\/\/nordic-evolution.com\/no\/wp-json\/wp\/v2\/users\/1"}],"replies":[{"embeddable":true,"href":"https:\/\/nordic-evolution.com\/no\/wp-json\/wp\/v2\/comments?post=13874"}],"version-history":[{"count":1,"href":"https:\/\/nordic-evolution.com\/no\/wp-json\/wp\/v2\/pages\/13874\/revisions"}],"predecessor-version":[{"id":17159,"href":"https:\/\/nordic-evolution.com\/no\/wp-json\/wp\/v2\/pages\/13874\/revisions\/17159"}],"wp:attachment":[{"href":"https:\/\/nordic-evolution.com\/no\/wp-json\/wp\/v2\/media?parent=13874"}],"curies":[{"name":"wp","href":"https:\/\/api.w.org\/{rel}","templated":true}]}}