{"id":16732,"date":"2023-02-26T11:16:16","date_gmt":"2023-02-26T11:16:16","guid":{"rendered":"https:\/\/nordic-evolution.com\/?page_id=16732"},"modified":"2023-02-26T16:34:24","modified_gmt":"2023-02-26T16:34:24","slug":"benefits-of-sound-based-guidance-for-visually-impaired-exercisers","status":"publish","type":"page","link":"https:\/\/nordic-evolution.com\/no\/benefits-of-sound-based-guidance-for-visually-impaired-exercisers\/","title":{"rendered":"Fordeler med lydbasert veiledning for synshemmede mosjonister"},"content":{"rendered":"<div data-elementor-type=\"wp-page\" data-elementor-id=\"16732\" class=\"elementor elementor-16732\" data-elementor-post-type=\"page\">\n\t\t\t\t\t\t<section class=\"elementor-section elementor-top-section elementor-element elementor-element-f0d3e78 elementor-section-boxed elementor-section-height-default elementor-section-height-default\" data-id=\"f0d3e78\" data-element_type=\"section\" data-e-type=\"section\" data-settings=\"{&quot;background_background&quot;:&quot;classic&quot;}\">\n\t\t\t\t\t\t\t<div class=\"elementor-background-overlay\"><\/div>\n\t\t\t\t\t\t\t<div class=\"elementor-container elementor-column-gap-default\">\n\t\t\t\t\t<div class=\"elementor-column elementor-col-100 elementor-top-column elementor-element elementor-element-332b4a3\" data-id=\"332b4a3\" data-element_type=\"column\" data-e-type=\"column\">\n\t\t\t<div class=\"elementor-widget-wrap elementor-element-populated\">\n\t\t\t\t\t\t<div class=\"elementor-element elementor-element-7845e77 elementor-widget elementor-widget-heading\" data-id=\"7845e77\" data-element_type=\"widget\" data-e-type=\"widget\" data-widget_type=\"heading.default\">\n\t\t\t\t<div class=\"elementor-widget-container\">\n\t\t\t\t\t<h1 class=\"elementor-heading-title elementor-size-default\">Fordeler med lydbasert digital veiledning<\/h1>\t\t\t\t<\/div>\n\t\t\t\t<\/div>\n\t\t\t\t<div class=\"elementor-element elementor-element-81beef9 elementor-widget elementor-widget-heading\" data-id=\"81beef9\" data-element_type=\"widget\" data-e-type=\"widget\" data-widget_type=\"heading.default\">\n\t\t\t\t<div class=\"elementor-widget-container\">\n\t\t\t\t\t<h2 class=\"elementor-heading-title elementor-size-default\">Gj\u00f8r det mulig for synshemmede \u00e5 trene mer fritt<\/h2>\t\t\t\t<\/div>\n\t\t\t\t<\/div>\n\t\t\t\t\t<\/div>\n\t\t<\/div>\n\t\t\t\t\t<\/div>\n\t\t<\/section>\n\t\t\t\t<section class=\"elementor-section elementor-top-section elementor-element elementor-element-2c6a24b elementor-section-boxed elementor-section-height-default elementor-section-height-default\" data-id=\"2c6a24b\" data-element_type=\"section\" data-e-type=\"section\" data-settings=\"{&quot;background_background&quot;:&quot;classic&quot;}\">\n\t\t\t\t\t\t<div class=\"elementor-container elementor-column-gap-default\">\n\t\t\t\t\t<div class=\"elementor-column elementor-col-50 elementor-top-column elementor-element elementor-element-97c2477\" data-id=\"97c2477\" data-element_type=\"column\" data-e-type=\"column\">\n\t\t\t<div class=\"elementor-widget-wrap elementor-element-populated\">\n\t\t\t\t\t\t<div class=\"elementor-element elementor-element-c32e6f2 elementor-widget elementor-widget-heading\" data-id=\"c32e6f2\" data-element_type=\"widget\" data-e-type=\"widget\" data-widget_type=\"heading.default\">\n\t\t\t\t<div class=\"elementor-widget-container\">\n\t\t\t\t\t<h3 class=\"elementor-heading-title elementor-size-default\">For \u00e5 overvinne barrierer for trening<\/h3>\t\t\t\t<\/div>\n\t\t\t\t<\/div>\n\t\t\t\t<div class=\"elementor-element elementor-element-a04a97a elementor-widget elementor-widget-text-editor\" data-id=\"a04a97a\" data-element_type=\"widget\" data-e-type=\"widget\" data-widget_type=\"text-editor.default\">\n\t\t\t\t<div class=\"elementor-widget-container\">\n\t\t\t\t\t\t\t\t\t<p>For synshemmede kan trening v\u00e6re utfordrende. De m\u00f8ter unike hindringer n\u00e5r de pr\u00f8ver \u00e5 delta i fysiske aktiviteter som seende individer ikke trenger \u00e5 bekymre seg for. Imidlertid kan digital lydbasert veiledning v\u00e6re en spillskifter for synshemmede personer som \u00f8nsker \u00e5 trene.<\/p>\t\t\t\t\t\t\t\t<\/div>\n\t\t\t\t<\/div>\n\t\t\t\t<div class=\"elementor-element elementor-element-808f2c1 elementor-widget elementor-widget-image\" data-id=\"808f2c1\" data-element_type=\"widget\" data-e-type=\"widget\" data-widget_type=\"image.default\">\n\t\t\t\t<div class=\"elementor-widget-container\">\n\t\t\t\t\t\t\t\t\t\t\t\t\t\t\t<img fetchpriority=\"high\" decoding=\"async\" width=\"800\" height=\"600\" src=\"https:\/\/nordic-evolution.com\/wp-content\/uploads\/Blind-person-excersising-without-companion-through-an-audio-based-digital-guidance-system.jpg\" class=\"attachment-large size-large wp-image-16805\" alt=\"Blind person excersising without companion through an audio-based digital guidance system\" srcset=\"https:\/\/nordic-evolution.com\/wp-content\/uploads\/Blind-person-excersising-without-companion-through-an-audio-based-digital-guidance-system.jpg 800w, https:\/\/nordic-evolution.com\/wp-content\/uploads\/Blind-person-excersising-without-companion-through-an-audio-based-digital-guidance-system-300x225.jpg 300w, https:\/\/nordic-evolution.com\/wp-content\/uploads\/Blind-person-excersising-without-companion-through-an-audio-based-digital-guidance-system-768x576.jpg 768w, https:\/\/nordic-evolution.com\/wp-content\/uploads\/Blind-person-excersising-without-companion-through-an-audio-based-digital-guidance-system-16x12.jpg 16w\" sizes=\"(max-width: 800px) 100vw, 800px\" \/>\t\t\t\t\t\t\t\t\t\t\t\t\t\t\t<\/div>\n\t\t\t\t<\/div>\n\t\t\t\t<div class=\"elementor-element elementor-element-0751216 elementor-widget elementor-widget-heading\" data-id=\"0751216\" data-element_type=\"widget\" data-e-type=\"widget\" data-widget_type=\"heading.default\">\n\t\t\t\t<div class=\"elementor-widget-container\">\n\t\t\t\t\t<h6 class=\"elementor-heading-title elementor-size-default\">Her nedenfor er noen fordeler med \u00e5 bruke digital lydbasert veiledning under trening for synshemmede:<\/h6>\t\t\t\t<\/div>\n\t\t\t\t<\/div>\n\t\t\t\t<div class=\"elementor-element elementor-element-ed230e6 elementor-widget elementor-widget-heading\" data-id=\"ed230e6\" data-element_type=\"widget\" data-e-type=\"widget\" data-widget_type=\"heading.default\">\n\t\t\t\t<div class=\"elementor-widget-container\">\n\t\t\t\t\t<h4 class=\"elementor-heading-title elementor-size-default\">1. Forbedret sikkerhet<\/h4>\t\t\t\t<\/div>\n\t\t\t\t<\/div>\n\t\t\t\t<div class=\"elementor-element elementor-element-0dd4a8f elementor-widget elementor-widget-text-editor\" data-id=\"0dd4a8f\" data-element_type=\"widget\" data-e-type=\"widget\" data-widget_type=\"text-editor.default\">\n\t\t\t\t<div class=\"elementor-widget-container\">\n\t\t\t\t\t\t\t\t\t<p>En av de viktigste fordelene med \u00e5 bruke digital lydbasert veiledning er den \u00f8kte sikkerheten den gir. Lydinstruksjoner kan brukes til \u00e5 navigere i ukjente omgivelser, unng\u00e5 hindringer og gi varsler n\u00e5r det er farer i veien. Dette reduserer risikoen for fall, noe som er spesielt viktig for synshemmede personer som er mer utsatt for ulykker.<\/p>\t\t\t\t\t\t\t\t<\/div>\n\t\t\t\t<\/div>\n\t\t\t\t<div class=\"elementor-element elementor-element-700992f elementor-widget elementor-widget-heading\" data-id=\"700992f\" data-element_type=\"widget\" data-e-type=\"widget\" data-widget_type=\"heading.default\">\n\t\t\t\t<div class=\"elementor-widget-container\">\n\t\t\t\t\t<h4 class=\"elementor-heading-title elementor-size-default\">2. Forbedret tilgjengelighet<\/h4>\t\t\t\t<\/div>\n\t\t\t\t<\/div>\n\t\t\t\t<div class=\"elementor-element elementor-element-5389445 elementor-widget elementor-widget-text-editor\" data-id=\"5389445\" data-element_type=\"widget\" data-e-type=\"widget\" data-widget_type=\"text-editor.default\">\n\t\t\t\t<div class=\"elementor-widget-container\">\n\t\t\t\t\t\t\t\t\t<p>Digital lydbasert veiledning kan gj\u00f8re trening mer tilgjengelig for synshemmede. Lydsignaler kan gi informasjon om utformingen av treningsomr\u00e5det, instruksjoner for bruk av utstyr og veiledning om riktig form for \u00f8velser. Dette sikrer at synshemmede kan delta i \u00f8velser selvstendig uten behov for konstant tilsyn.<\/p>\t\t\t\t\t\t\t\t<\/div>\n\t\t\t\t<\/div>\n\t\t\t\t<div class=\"elementor-element elementor-element-3d672e3 elementor-widget elementor-widget-heading\" data-id=\"3d672e3\" data-element_type=\"widget\" data-e-type=\"widget\" data-widget_type=\"heading.default\">\n\t\t\t\t<div class=\"elementor-widget-container\">\n\t\t\t\t\t<h4 class=\"elementor-heading-title elementor-size-default\">3. \u00d8kt motivasjon<\/h4>\t\t\t\t<\/div>\n\t\t\t\t<\/div>\n\t\t\t\t<div class=\"elementor-element elementor-element-d4c6177 elementor-widget elementor-widget-text-editor\" data-id=\"d4c6177\" data-element_type=\"widget\" data-e-type=\"widget\" data-widget_type=\"text-editor.default\">\n\t\t\t\t<div class=\"elementor-widget-container\">\n\t\t\t\t\t\t\t\t\t<p>En annen fordel med digital lydbasert veiledning er at det kan \u00f8ke motivasjonen. \u00c5 trene kan v\u00e6re utfordrende, og det er lett \u00e5 miste motivasjonen n\u00e5r du ikke har en klar formening om hva du gj\u00f8r. Lydbasert veiledning kan gi oppmuntring, gi tilbakemelding p\u00e5 fremgang og gi en f\u00f8lelse av \u00e5 ha oppn\u00e5dd. Dette kan hjelpe synshemmede personer med \u00e5 holde seg motiverte og fortsette \u00e5 delta i fysiske aktiviteter regelmessig.<\/p>\t\t\t\t\t\t\t\t<\/div>\n\t\t\t\t<\/div>\n\t\t\t\t\t<\/div>\n\t\t<\/div>\n\t\t\t\t<div class=\"elementor-column elementor-col-50 elementor-top-column elementor-element elementor-element-9170cef\" data-id=\"9170cef\" data-element_type=\"column\" data-e-type=\"column\">\n\t\t\t<div class=\"elementor-widget-wrap elementor-element-populated\">\n\t\t\t\t\t\t<div class=\"elementor-element elementor-element-1ccb775 elementor-widget elementor-widget-video\" data-id=\"1ccb775\" data-element_type=\"widget\" data-e-type=\"widget\" data-settings=\"{&quot;youtube_url&quot;:&quot;https:\\\/\\\/youtu.be\\\/p2xmDTRH9Ak&quot;,&quot;lazy_load&quot;:&quot;yes&quot;,&quot;video_type&quot;:&quot;youtube&quot;,&quot;controls&quot;:&quot;yes&quot;}\" data-widget_type=\"video.default\">\n\t\t\t\t<div class=\"elementor-widget-container\">\n\t\t\t\t\t\t\t<div class=\"elementor-wrapper elementor-open-inline\">\n\t\t\t<div class=\"elementor-video\"><\/div>\t\t<\/div>\n\t\t\t\t\t\t<\/div>\n\t\t\t\t<\/div>\n\t\t\t\t<div class=\"elementor-element elementor-element-5f3dc76 elementor-widget elementor-widget-heading\" data-id=\"5f3dc76\" data-element_type=\"widget\" data-e-type=\"widget\" data-widget_type=\"heading.default\">\n\t\t\t\t<div class=\"elementor-widget-container\">\n\t\t\t\t\t<h4 class=\"elementor-heading-title elementor-size-default\">4. Personlig tilpassede trenings\u00f8kter<\/h4>\t\t\t\t<\/div>\n\t\t\t\t<\/div>\n\t\t\t\t<div class=\"elementor-element elementor-element-3f27d16 elementor-widget elementor-widget-text-editor\" data-id=\"3f27d16\" data-element_type=\"widget\" data-e-type=\"widget\" data-widget_type=\"text-editor.default\">\n\t\t\t\t<div class=\"elementor-widget-container\">\n\t\t\t\t\t\t\t\t\t<p>Digital lydbasert veiledning kan skreddersys til den enkeltes spesifikke behov og preferanser. Dette betyr at synshemmede individer kan tilpasse trenings\u00f8ktene sine til deres evner og interesser. Lydsignaler kan gi alternativer for forskjellige \u00f8velser, variasjoner p\u00e5 samme \u00f8velse og modifikasjoner for de med mobilitetsproblemer. Dette sikrer at synshemmede personer kan ha en treningsrutine som fungerer for dem.<\/p>\t\t\t\t\t\t\t\t<\/div>\n\t\t\t\t<\/div>\n\t\t\t\t<div class=\"elementor-element elementor-element-933393e elementor-widget elementor-widget-heading\" data-id=\"933393e\" data-element_type=\"widget\" data-e-type=\"widget\" data-widget_type=\"heading.default\">\n\t\t\t\t<div class=\"elementor-widget-container\">\n\t\t\t\t\t<h4 class=\"elementor-heading-title elementor-size-default\">5. Forbedret mental helse<\/h4>\t\t\t\t<\/div>\n\t\t\t\t<\/div>\n\t\t\t\t<div class=\"elementor-element elementor-element-5a233fe elementor-widget elementor-widget-text-editor\" data-id=\"5a233fe\" data-element_type=\"widget\" data-e-type=\"widget\" data-widget_type=\"text-editor.default\">\n\t\t\t\t<div class=\"elementor-widget-container\">\n\t\t\t\t\t\t\t\t\t<p>Til slutt har trening vist seg \u00e5 ha betydelige fordeler for mental helse, inkludert \u00e5 redusere stress og angst, forbedre hum\u00f8ret og \u00f8ke selvtilliten. For synshemmede individer som kan m\u00f8te flere psykiske helseutfordringer, som depresjon og isolasjon, kan trening v\u00e6re en avgj\u00f8rende del av \u00e5 h\u00e5ndtere deres generelle velv\u00e6re. Digital lydbasert veiledning kan gj\u00f8re trening mer tilgjengelig og forn\u00f8yelig, noe som f\u00f8rer til \u00f8kt deltakelse og bedre mentale helseutfall.<\/p>\t\t\t\t\t\t\t\t<\/div>\n\t\t\t\t<\/div>\n\t\t\t\t<div class=\"elementor-element elementor-element-6241d50 elementor-widget elementor-widget-video\" data-id=\"6241d50\" data-element_type=\"widget\" data-e-type=\"widget\" data-settings=\"{&quot;youtube_url&quot;:&quot;https:\\\/\\\/youtu.be\\\/kUzuJVLPqPE&quot;,&quot;lazy_load&quot;:&quot;yes&quot;,&quot;video_type&quot;:&quot;youtube&quot;,&quot;controls&quot;:&quot;yes&quot;}\" data-widget_type=\"video.default\">\n\t\t\t\t<div class=\"elementor-widget-container\">\n\t\t\t\t\t\t\t<div class=\"elementor-wrapper elementor-open-inline\">\n\t\t\t<div class=\"elementor-video\"><\/div>\t\t<\/div>\n\t\t\t\t\t\t<\/div>\n\t\t\t\t<\/div>\n\t\t\t\t<div class=\"elementor-element elementor-element-2c1b0bc elementor-widget elementor-widget-heading\" data-id=\"2c1b0bc\" data-element_type=\"widget\" data-e-type=\"widget\" data-widget_type=\"heading.default\">\n\t\t\t\t<div class=\"elementor-widget-container\">\n\t\t\t\t\t<h3 class=\"elementor-heading-title elementor-size-default\">Konklusjon<\/h3>\t\t\t\t<\/div>\n\t\t\t\t<\/div>\n\t\t\t\t<div class=\"elementor-element elementor-element-f0c1f81 elementor-widget elementor-widget-text-editor\" data-id=\"f0c1f81\" data-element_type=\"widget\" data-e-type=\"widget\" data-widget_type=\"text-editor.default\">\n\t\t\t\t<div class=\"elementor-widget-container\">\n\t\t\t\t\t\t\t\t\t<p>Avslutningsvis kan digital lydbasert veiledning v\u00e6re et verdifullt verkt\u00f8y for synshemmede som \u00f8nsker \u00e5 trene. Det gir \u00f8kt sikkerhet, forbedret tilgjengelighet, \u00f8kt motivasjon, tilpassede trenings\u00f8kter og forbedrede mentale helseresultater. Ved \u00e5 bruke digital lydbasert veiledning kan synshemmede individer overvinne de unike utfordringene de st\u00e5r overfor n\u00e5r det kommer til fysisk aktivitet og leve sunnere og mer tilfredsstillende liv.<\/p>\t\t\t\t\t\t\t\t<\/div>\n\t\t\t\t<\/div>\n\t\t\t\t\t<\/div>\n\t\t<\/div>\n\t\t\t\t\t<\/div>\n\t\t<\/section>\n\t\t\t\t<\/div>","protected":false},"excerpt":{"rendered":"<p>Benefits of audio-based digital guidance Enabling visually impaired people to excersise more freely To overcome barriers to exercise For visually impaired people, exercise can be challenging. They face unique obstacles when trying to engage in physical activities that sighted individuals don&#8217;t have to worry about. However, digital audio-based guidance can be a game-changer for visually [&hellip;]<\/p>\n","protected":false},"author":1,"featured_media":0,"parent":0,"menu_order":0,"comment_status":"closed","ping_status":"closed","template":"","meta":{"footnotes":""},"class_list":["post-16732","page","type-page","status-publish","hentry"],"yoast_head":"<!-- This site is optimized with the Yoast SEO plugin v27.4 - https:\/\/yoast.com\/product\/yoast-seo-wordpress\/ -->\n<title>Benefits of sound based guidance for visually impaired exercisers<\/title>\n<meta name=\"description\" content=\"Benefits of sound based digital guidance for visually impaired people who wish to excersise more freely\" \/>\n<meta name=\"robots\" content=\"index, follow, max-snippet:-1, max-image-preview:large, max-video-preview:-1\" \/>\n<link rel=\"canonical\" href=\"https:\/\/nordic-evolution.com\/no\/benefits-of-sound-based-guidance-for-visually-impaired-exercisers\/\" \/>\n<meta property=\"og:locale\" content=\"nb_NO\" \/>\n<meta property=\"og:type\" content=\"article\" \/>\n<meta property=\"og:title\" content=\"Benefits of sound based guidance for visually impaired exercisers\" \/>\n<meta property=\"og:description\" content=\"Benefits of sound based digital guidance for visually impaired people who wish to excersise more freely\" \/>\n<meta property=\"og:url\" content=\"https:\/\/nordic-evolution.com\/no\/benefits-of-sound-based-guidance-for-visually-impaired-exercisers\/\" \/>\n<meta property=\"og:site_name\" content=\"Nordic Evolution - Digital guide systems\" \/>\n<meta property=\"article:publisher\" content=\"https:\/\/www.facebook.com\/NordicEvolution\" \/>\n<meta property=\"article:modified_time\" content=\"2023-02-26T16:34:24+00:00\" \/>\n<meta property=\"og:image\" content=\"https:\/\/nordic-evolution.com\/wp-content\/uploads\/Blind-person-excersising-without-companion-through-an-audio-based-digital-guidance-system.jpg\" \/>\n<meta name=\"twitter:card\" content=\"summary_large_image\" \/>\n<meta name=\"twitter:label1\" content=\"Ansl. lesetid\" \/>\n\t<meta name=\"twitter:data1\" content=\"3 minutter\" \/>\n<script type=\"application\/ld+json\" class=\"yoast-schema-graph\">{\"@context\":\"https:\\\/\\\/schema.org\",\"@graph\":[{\"@type\":\"WebPage\",\"@id\":\"https:\\\/\\\/nordic-evolution.com\\\/benefits-of-sound-based-guidance-for-visually-impaired-exercisers\\\/\",\"url\":\"https:\\\/\\\/nordic-evolution.com\\\/benefits-of-sound-based-guidance-for-visually-impaired-exercisers\\\/\",\"name\":\"Benefits of sound based guidance for visually impaired exercisers\",\"isPartOf\":{\"@id\":\"https:\\\/\\\/nordic-evolution.com\\\/#website\"},\"primaryImageOfPage\":{\"@id\":\"https:\\\/\\\/nordic-evolution.com\\\/benefits-of-sound-based-guidance-for-visually-impaired-exercisers\\\/#primaryimage\"},\"image\":{\"@id\":\"https:\\\/\\\/nordic-evolution.com\\\/benefits-of-sound-based-guidance-for-visually-impaired-exercisers\\\/#primaryimage\"},\"thumbnailUrl\":\"https:\\\/\\\/nordic-evolution.com\\\/wp-content\\\/uploads\\\/Blind-person-excersising-without-companion-through-an-audio-based-digital-guidance-system.jpg\",\"datePublished\":\"2023-02-26T11:16:16+00:00\",\"dateModified\":\"2023-02-26T16:34:24+00:00\",\"description\":\"Benefits of sound based digital guidance for visually impaired people who wish to excersise more freely\",\"breadcrumb\":{\"@id\":\"https:\\\/\\\/nordic-evolution.com\\\/benefits-of-sound-based-guidance-for-visually-impaired-exercisers\\\/#breadcrumb\"},\"inLanguage\":\"nb-NO\",\"potentialAction\":[{\"@type\":\"ReadAction\",\"target\":[\"https:\\\/\\\/nordic-evolution.com\\\/benefits-of-sound-based-guidance-for-visually-impaired-exercisers\\\/\"]}]},{\"@type\":\"ImageObject\",\"inLanguage\":\"nb-NO\",\"@id\":\"https:\\\/\\\/nordic-evolution.com\\\/benefits-of-sound-based-guidance-for-visually-impaired-exercisers\\\/#primaryimage\",\"url\":\"https:\\\/\\\/nordic-evolution.com\\\/wp-content\\\/uploads\\\/Blind-person-excersising-without-companion-through-an-audio-based-digital-guidance-system.jpg\",\"contentUrl\":\"https:\\\/\\\/nordic-evolution.com\\\/wp-content\\\/uploads\\\/Blind-person-excersising-without-companion-through-an-audio-based-digital-guidance-system.jpg\"},{\"@type\":\"BreadcrumbList\",\"@id\":\"https:\\\/\\\/nordic-evolution.com\\\/benefits-of-sound-based-guidance-for-visually-impaired-exercisers\\\/#breadcrumb\",\"itemListElement\":[{\"@type\":\"ListItem\",\"position\":1,\"name\":\"Home\",\"item\":\"https:\\\/\\\/nordic-evolution.com\\\/\"},{\"@type\":\"ListItem\",\"position\":2,\"name\":\"Benefits of sound based guidance for visually impaired exercisers\"}]},{\"@type\":\"WebSite\",\"@id\":\"https:\\\/\\\/nordic-evolution.com\\\/#website\",\"url\":\"https:\\\/\\\/nordic-evolution.com\\\/\",\"name\":\"Audio guidance systems for visually impaired athletes\",\"description\":\"Digital guide systems for visually impaired athletes\",\"publisher\":{\"@id\":\"https:\\\/\\\/nordic-evolution.com\\\/#organization\"},\"alternateName\":\"Nordic Evolution\",\"potentialAction\":[{\"@type\":\"SearchAction\",\"target\":{\"@type\":\"EntryPoint\",\"urlTemplate\":\"https:\\\/\\\/nordic-evolution.com\\\/?s={search_term_string}\"},\"query-input\":{\"@type\":\"PropertyValueSpecification\",\"valueRequired\":true,\"valueName\":\"search_term_string\"}}],\"inLanguage\":\"nb-NO\"},{\"@type\":\"Organization\",\"@id\":\"https:\\\/\\\/nordic-evolution.com\\\/#organization\",\"name\":\"Nordic Evolution\",\"url\":\"https:\\\/\\\/nordic-evolution.com\\\/\",\"logo\":{\"@type\":\"ImageObject\",\"inLanguage\":\"nb-NO\",\"@id\":\"https:\\\/\\\/nordic-evolution.com\\\/#\\\/schema\\\/logo\\\/image\\\/\",\"url\":\"https:\\\/\\\/nordic-evolution.com\\\/wp-content\\\/uploads\\\/2022\\\/03\\\/Nordic-Evolution-logo-2-gray-background.png\",\"contentUrl\":\"https:\\\/\\\/nordic-evolution.com\\\/wp-content\\\/uploads\\\/2022\\\/03\\\/Nordic-Evolution-logo-2-gray-background.png\",\"width\":800,\"height\":800,\"caption\":\"Nordic Evolution\"},\"image\":{\"@id\":\"https:\\\/\\\/nordic-evolution.com\\\/#\\\/schema\\\/logo\\\/image\\\/\"},\"sameAs\":[\"https:\\\/\\\/www.facebook.com\\\/NordicEvolution\",\"https:\\\/\\\/www.instagram.com\\\/nordicevolution\\\/\",\"https:\\\/\\\/www.linkedin.com\\\/company\\\/nordic-evolution\\\/\"]}]}<\/script>\n<!-- \/ Yoast SEO plugin. -->","yoast_head_json":{"title":"Fordeler med lydbasert veiledning for synshemmede mosjonister","description":"Fordeler med lydbasert digital veiledning for synshemmede som \u00f8nsker \u00e5 trene friere","robots":{"index":"index","follow":"follow","max-snippet":"max-snippet:-1","max-image-preview":"max-image-preview:large","max-video-preview":"max-video-preview:-1"},"canonical":"https:\/\/nordic-evolution.com\/no\/benefits-of-sound-based-guidance-for-visually-impaired-exercisers\/","og_locale":"nb_NO","og_type":"article","og_title":"Benefits of sound based guidance for visually impaired exercisers","og_description":"Benefits of sound based digital guidance for visually impaired people who wish to excersise more freely","og_url":"https:\/\/nordic-evolution.com\/no\/benefits-of-sound-based-guidance-for-visually-impaired-exercisers\/","og_site_name":"Nordic Evolution - Digital guide systems","article_publisher":"https:\/\/www.facebook.com\/NordicEvolution","article_modified_time":"2023-02-26T16:34:24+00:00","og_image":[{"url":"https:\/\/nordic-evolution.com\/wp-content\/uploads\/Blind-person-excersising-without-companion-through-an-audio-based-digital-guidance-system.jpg","type":"","width":"","height":""}],"twitter_card":"summary_large_image","twitter_misc":{"Ansl. lesetid":"3 minutter"},"schema":{"@context":"https:\/\/schema.org","@graph":[{"@type":"WebPage","@id":"https:\/\/nordic-evolution.com\/benefits-of-sound-based-guidance-for-visually-impaired-exercisers\/","url":"https:\/\/nordic-evolution.com\/benefits-of-sound-based-guidance-for-visually-impaired-exercisers\/","name":"Fordeler med lydbasert veiledning for synshemmede mosjonister","isPartOf":{"@id":"https:\/\/nordic-evolution.com\/#website"},"primaryImageOfPage":{"@id":"https:\/\/nordic-evolution.com\/benefits-of-sound-based-guidance-for-visually-impaired-exercisers\/#primaryimage"},"image":{"@id":"https:\/\/nordic-evolution.com\/benefits-of-sound-based-guidance-for-visually-impaired-exercisers\/#primaryimage"},"thumbnailUrl":"https:\/\/nordic-evolution.com\/wp-content\/uploads\/Blind-person-excersising-without-companion-through-an-audio-based-digital-guidance-system.jpg","datePublished":"2023-02-26T11:16:16+00:00","dateModified":"2023-02-26T16:34:24+00:00","description":"Fordeler med lydbasert digital veiledning for synshemmede som \u00f8nsker \u00e5 trene friere","breadcrumb":{"@id":"https:\/\/nordic-evolution.com\/benefits-of-sound-based-guidance-for-visually-impaired-exercisers\/#breadcrumb"},"inLanguage":"nb-NO","potentialAction":[{"@type":"ReadAction","target":["https:\/\/nordic-evolution.com\/benefits-of-sound-based-guidance-for-visually-impaired-exercisers\/"]}]},{"@type":"ImageObject","inLanguage":"nb-NO","@id":"https:\/\/nordic-evolution.com\/benefits-of-sound-based-guidance-for-visually-impaired-exercisers\/#primaryimage","url":"https:\/\/nordic-evolution.com\/wp-content\/uploads\/Blind-person-excersising-without-companion-through-an-audio-based-digital-guidance-system.jpg","contentUrl":"https:\/\/nordic-evolution.com\/wp-content\/uploads\/Blind-person-excersising-without-companion-through-an-audio-based-digital-guidance-system.jpg"},{"@type":"BreadcrumbList","@id":"https:\/\/nordic-evolution.com\/benefits-of-sound-based-guidance-for-visually-impaired-exercisers\/#breadcrumb","itemListElement":[{"@type":"ListItem","position":1,"name":"Home","item":"https:\/\/nordic-evolution.com\/"},{"@type":"ListItem","position":2,"name":"Benefits of sound based guidance for visually impaired exercisers"}]},{"@type":"WebSite","@id":"https:\/\/nordic-evolution.com\/#website","url":"https:\/\/nordic-evolution.com\/","name":"Lydveiledningssystemer for synshemmede idrettsut\u00f8vere","description":"Digitale guidesystemer for synshemmede idrettsut\u00f8vere","publisher":{"@id":"https:\/\/nordic-evolution.com\/#organization"},"alternateName":"Nordic Evolution","potentialAction":[{"@type":"SearchAction","target":{"@type":"EntryPoint","urlTemplate":"https:\/\/nordic-evolution.com\/?s={search_term_string}"},"query-input":{"@type":"PropertyValueSpecification","valueRequired":true,"valueName":"search_term_string"}}],"inLanguage":"nb-NO"},{"@type":"Organization","@id":"https:\/\/nordic-evolution.com\/#organization","name":"Nordic Evolution","url":"https:\/\/nordic-evolution.com\/","logo":{"@type":"ImageObject","inLanguage":"nb-NO","@id":"https:\/\/nordic-evolution.com\/#\/schema\/logo\/image\/","url":"https:\/\/nordic-evolution.com\/wp-content\/uploads\/2022\/03\/Nordic-Evolution-logo-2-gray-background.png","contentUrl":"https:\/\/nordic-evolution.com\/wp-content\/uploads\/2022\/03\/Nordic-Evolution-logo-2-gray-background.png","width":800,"height":800,"caption":"Nordic Evolution"},"image":{"@id":"https:\/\/nordic-evolution.com\/#\/schema\/logo\/image\/"},"sameAs":["https:\/\/www.facebook.com\/NordicEvolution","https:\/\/www.instagram.com\/nordicevolution\/","https:\/\/www.linkedin.com\/company\/nordic-evolution\/"]}]}},"_links":{"self":[{"href":"https:\/\/nordic-evolution.com\/no\/wp-json\/wp\/v2\/pages\/16732","targetHints":{"allow":["GET"]}}],"collection":[{"href":"https:\/\/nordic-evolution.com\/no\/wp-json\/wp\/v2\/pages"}],"about":[{"href":"https:\/\/nordic-evolution.com\/no\/wp-json\/wp\/v2\/types\/page"}],"author":[{"embeddable":true,"href":"https:\/\/nordic-evolution.com\/no\/wp-json\/wp\/v2\/users\/1"}],"replies":[{"embeddable":true,"href":"https:\/\/nordic-evolution.com\/no\/wp-json\/wp\/v2\/comments?post=16732"}],"version-history":[{"count":41,"href":"https:\/\/nordic-evolution.com\/no\/wp-json\/wp\/v2\/pages\/16732\/revisions"}],"predecessor-version":[{"id":16811,"href":"https:\/\/nordic-evolution.com\/no\/wp-json\/wp\/v2\/pages\/16732\/revisions\/16811"}],"wp:attachment":[{"href":"https:\/\/nordic-evolution.com\/no\/wp-json\/wp\/v2\/media?parent=16732"}],"curies":[{"name":"wp","href":"https:\/\/api.w.org\/{rel}","templated":true}]}}