{"id":17033,"date":"2023-10-21T07:59:15","date_gmt":"2023-10-21T07:59:15","guid":{"rendered":"https:\/\/nordic-evolution.com\/?page_id=17033"},"modified":"2023-10-25T18:06:22","modified_gmt":"2023-10-25T18:06:22","slug":"swimming-with-digital-guidance","status":"publish","type":"page","link":"https:\/\/nordic-evolution.com\/sv\/swimming-with-digital-guidance\/","title":{"rendered":"Simning med digital v\u00e4gledning"},"content":{"rendered":"<div data-elementor-type=\"wp-page\" data-elementor-id=\"17033\" class=\"elementor elementor-17033\" data-elementor-post-type=\"page\">\n\t\t\t\t\t\t<section class=\"elementor-section elementor-top-section elementor-element elementor-element-4ea53d8 elementor-section-boxed elementor-section-height-default elementor-section-height-default\" data-id=\"4ea53d8\" data-element_type=\"section\" data-e-type=\"section\" data-settings=\"{&quot;background_background&quot;:&quot;classic&quot;}\">\n\t\t\t\t\t\t\t<div class=\"elementor-background-overlay\"><\/div>\n\t\t\t\t\t\t\t<div class=\"elementor-container elementor-column-gap-default\">\n\t\t\t\t\t<div class=\"elementor-column elementor-col-100 elementor-top-column elementor-element elementor-element-da3c5f1\" data-id=\"da3c5f1\" data-element_type=\"column\" data-e-type=\"column\">\n\t\t\t<div class=\"elementor-widget-wrap elementor-element-populated\">\n\t\t\t\t\t\t<div class=\"elementor-element elementor-element-63ac13e elementor-widget elementor-widget-heading\" data-id=\"63ac13e\" data-element_type=\"widget\" data-e-type=\"widget\" data-widget_type=\"heading.default\">\n\t\t\t\t<div class=\"elementor-widget-container\">\n\t\t\t\t\t<h1 class=\"elementor-heading-title elementor-size-default\">Simning<\/h1>\t\t\t\t<\/div>\n\t\t\t\t<\/div>\n\t\t\t\t<div class=\"elementor-element elementor-element-8fcf726 elementor-widget elementor-widget-heading\" data-id=\"8fcf726\" data-element_type=\"widget\" data-e-type=\"widget\" data-widget_type=\"heading.default\">\n\t\t\t\t<div class=\"elementor-widget-container\">\n\t\t\t\t\t<h2 class=\"elementor-heading-title elementor-size-default\">Med v\u00e5ra digitala ledsagare<\/h2>\t\t\t\t<\/div>\n\t\t\t\t<\/div>\n\t\t\t\t\t<\/div>\n\t\t<\/div>\n\t\t\t\t\t<\/div>\n\t\t<\/section>\n\t\t\t\t<section class=\"elementor-section elementor-top-section elementor-element elementor-element-ab7d132 elementor-section-boxed elementor-section-height-default elementor-section-height-default\" data-id=\"ab7d132\" data-element_type=\"section\" data-e-type=\"section\" data-settings=\"{&quot;background_background&quot;:&quot;classic&quot;}\">\n\t\t\t\t\t\t<div class=\"elementor-container elementor-column-gap-default\">\n\t\t\t\t\t<div class=\"elementor-column elementor-col-50 elementor-top-column elementor-element elementor-element-f6dfe64\" data-id=\"f6dfe64\" data-element_type=\"column\" data-e-type=\"column\">\n\t\t\t<div class=\"elementor-widget-wrap elementor-element-populated\">\n\t\t\t\t\t\t<div class=\"elementor-element elementor-element-6421bb0 elementor-widget elementor-widget-heading\" data-id=\"6421bb0\" data-element_type=\"widget\" data-e-type=\"widget\" data-widget_type=\"heading.default\">\n\t\t\t\t<div class=\"elementor-widget-container\">\n\t\t\t\t\t<h3 class=\"elementor-heading-title elementor-size-default\">Simma p\u00e5 egen hand!<\/h3>\t\t\t\t<\/div>\n\t\t\t\t<\/div>\n\t\t\t\t<div class=\"elementor-element elementor-element-e223172 elementor-widget elementor-widget-text-editor\" data-id=\"e223172\" data-element_type=\"widget\" data-e-type=\"widget\" data-widget_type=\"text-editor.default\">\n\t\t\t\t<div class=\"elementor-widget-container\">\n\t\t\t\t\t\t\t\t\t<p>Har du dr\u00f6mt om att simma helt sj\u00e4lv i en sj\u00f6 fast att du \u00e4r blind? Med v\u00e5r digitala ledsagare kan du simma sj\u00e4lv men vi rekommenderar alltid att n\u00e5gon \u00e4r med och har uppsyn vid minsta os\u00e4kerhet.<\/p>\t\t\t\t\t\t\t\t<\/div>\n\t\t\t\t<\/div>\n\t\t\t\t<div class=\"elementor-element elementor-element-eb421f5 elementor-widget elementor-widget-text-editor\" data-id=\"eb421f5\" data-element_type=\"widget\" data-e-type=\"widget\" data-widget_type=\"text-editor.default\">\n\t\t\t\t<div class=\"elementor-widget-container\">\n\t\t\t\t\t\t\t\t\t<p>I videon ser ni triathleten Per-Einar som provar att simma en rutt i en sj\u00f6 vid Olympiatoppen i Norge. Rutten \u00e4r upplagt att b\u00f6rja vid bryggan och f\u00f6ljer sen en cirkel d\u00e4r man passerar bryggan i varje varv, s\u00e5 man enkelt kan v\u00e4lja hur l\u00e5ngt man vill simma. Per-Einar provade att simma med guide-enheten monterad i badm\u00f6ssan, samt p\u00e5 den flytboj som simmare ofta har p\u00e5 sj\u00f6ar f\u00f6r att synas f\u00f6r eventuella b\u00e5tar etc. \"Det gick enklare att simma med enheten monterad p\u00e5 badm\u00f6ssan, ber\u00e4ttar Per-Einar, f\u00f6r flytbojen r\u00f6r sig en del och det f\u00f6rsv\u00e5rar navigeringen med hj\u00e4lp av guide-systemet\".<\/p>\t\t\t\t\t\t\t\t<\/div>\n\t\t\t\t<\/div>\n\t\t\t\t<div class=\"elementor-element elementor-element-a5383b3 elementor-widget elementor-widget-text-editor\" data-id=\"a5383b3\" data-element_type=\"widget\" data-e-type=\"widget\" data-widget_type=\"text-editor.default\">\n\t\t\t\t<div class=\"elementor-widget-container\">\n\t\t\t\t\t\t\t\t\t<p>Nu hoppas vi att fler vill prova simning genom digital ledsagning! Systemet ger dig \u00e4ven m\u00f6jlighet att l\u00e4gga in t.ex. v\u00e4ndpunkter i en utomhusbass\u00e4ng, som \u00f6ppnar upp f\u00f6r att tr\u00e4na sj\u00e4lv och t\u00e4vla p\u00e5 ett kontrollerat s\u00e4tt.<\/p>\t\t\t\t\t\t\t\t<\/div>\n\t\t\t\t<\/div>\n\t\t\t\t\t<\/div>\n\t\t<\/div>\n\t\t\t\t<div class=\"elementor-column elementor-col-50 elementor-top-column elementor-element elementor-element-fb6a3bd\" data-id=\"fb6a3bd\" data-element_type=\"column\" data-e-type=\"column\">\n\t\t\t<div class=\"elementor-widget-wrap elementor-element-populated\">\n\t\t\t\t\t\t<div class=\"elementor-element elementor-element-f166f99 elementor-widget elementor-widget-video\" data-id=\"f166f99\" data-element_type=\"widget\" data-e-type=\"widget\" data-settings=\"{&quot;youtube_url&quot;:&quot;https:\\\/\\\/youtu.be\\\/d0kXtnQ4TZg&quot;,&quot;video_type&quot;:&quot;youtube&quot;,&quot;controls&quot;:&quot;yes&quot;}\" data-widget_type=\"video.default\">\n\t\t\t\t<div class=\"elementor-widget-container\">\n\t\t\t\t\t\t\t<div class=\"elementor-wrapper elementor-open-inline\">\n\t\t\t<div class=\"elementor-video\"><\/div>\t\t<\/div>\n\t\t\t\t\t\t<\/div>\n\t\t\t\t<\/div>\n\t\t\t\t<div class=\"elementor-element elementor-element-b3cfefc elementor-widget elementor-widget-heading\" data-id=\"b3cfefc\" data-element_type=\"widget\" data-e-type=\"widget\" data-widget_type=\"heading.default\">\n\t\t\t\t<div class=\"elementor-widget-container\">\n\t\t\t\t\t<h5 class=\"elementor-heading-title elementor-size-default\">Triatleten Per-Einar som har en synneds\u00e4ttning testar att simma med digital ledsagning f\u00f6r f\u00f6rsta g\u00e5ngen.<\/h5>\t\t\t\t<\/div>\n\t\t\t\t<\/div>\n\t\t\t\t\t<\/div>\n\t\t<\/div>\n\t\t\t\t\t<\/div>\n\t\t<\/section>\n\t\t\t\t<\/div>","protected":false},"excerpt":{"rendered":"<p>Swimming With our digital guides Swim on your own! Have you ever dreamed of swimming alone in a lake even though you are blind? With our digital guide, you can swim on your own, but we always recommend that someone is there to supervise any uncertainty. In the video you see triathlete Per-Einar trying out [&hellip;]<\/p>\n","protected":false},"author":1,"featured_media":0,"parent":0,"menu_order":0,"comment_status":"closed","ping_status":"closed","template":"","meta":{"footnotes":""},"class_list":["post-17033","page","type-page","status-publish","hentry"],"yoast_head":"<!-- This site is optimized with the Yoast SEO plugin v27.4 - https:\/\/yoast.com\/product\/yoast-seo-wordpress\/ -->\n<title>Swimming with digital guidance - Nordic Evolution - Digital guide systems<\/title>\n<meta name=\"robots\" content=\"index, follow, max-snippet:-1, max-image-preview:large, max-video-preview:-1\" \/>\n<link rel=\"canonical\" href=\"https:\/\/nordic-evolution.com\/sv\/swimming-with-digital-guidance\/\" \/>\n<meta property=\"og:locale\" content=\"sv_SE\" \/>\n<meta property=\"og:type\" content=\"article\" \/>\n<meta property=\"og:title\" content=\"Swimming with digital guidance - Nordic Evolution - Digital guide systems\" \/>\n<meta property=\"og:description\" content=\"Swimming With our digital guides Swim on your own! Have you ever dreamed of swimming alone in a lake even though you are blind? With our digital guide, you can swim on your own, but we always recommend that someone is there to supervise any uncertainty. In the video you see triathlete Per-Einar trying out [&hellip;]\" \/>\n<meta property=\"og:url\" content=\"https:\/\/nordic-evolution.com\/sv\/swimming-with-digital-guidance\/\" \/>\n<meta property=\"og:site_name\" content=\"Nordic Evolution - Digital guide systems\" \/>\n<meta property=\"article:publisher\" content=\"https:\/\/www.facebook.com\/NordicEvolution\" \/>\n<meta property=\"article:modified_time\" content=\"2023-10-25T18:06:22+00:00\" \/>\n<meta name=\"twitter:card\" content=\"summary_large_image\" \/>\n<meta name=\"twitter:label1\" content=\"Ber\u00e4knad l\u00e4stid\" \/>\n\t<meta name=\"twitter:data1\" content=\"1 minut\" \/>\n<script type=\"application\/ld+json\" class=\"yoast-schema-graph\">{\"@context\":\"https:\\\/\\\/schema.org\",\"@graph\":[{\"@type\":\"WebPage\",\"@id\":\"https:\\\/\\\/nordic-evolution.com\\\/swimming-with-digital-guidance\\\/\",\"url\":\"https:\\\/\\\/nordic-evolution.com\\\/swimming-with-digital-guidance\\\/\",\"name\":\"Swimming with digital guidance - Nordic Evolution - Digital guide systems\",\"isPartOf\":{\"@id\":\"https:\\\/\\\/nordic-evolution.com\\\/#website\"},\"datePublished\":\"2023-10-21T07:59:15+00:00\",\"dateModified\":\"2023-10-25T18:06:22+00:00\",\"breadcrumb\":{\"@id\":\"https:\\\/\\\/nordic-evolution.com\\\/swimming-with-digital-guidance\\\/#breadcrumb\"},\"inLanguage\":\"sv-SE\",\"potentialAction\":[{\"@type\":\"ReadAction\",\"target\":[\"https:\\\/\\\/nordic-evolution.com\\\/swimming-with-digital-guidance\\\/\"]}]},{\"@type\":\"BreadcrumbList\",\"@id\":\"https:\\\/\\\/nordic-evolution.com\\\/swimming-with-digital-guidance\\\/#breadcrumb\",\"itemListElement\":[{\"@type\":\"ListItem\",\"position\":1,\"name\":\"Home\",\"item\":\"https:\\\/\\\/nordic-evolution.com\\\/\"},{\"@type\":\"ListItem\",\"position\":2,\"name\":\"Swimming with digital guidance\"}]},{\"@type\":\"WebSite\",\"@id\":\"https:\\\/\\\/nordic-evolution.com\\\/#website\",\"url\":\"https:\\\/\\\/nordic-evolution.com\\\/\",\"name\":\"Audio guidance systems for visually impaired athletes\",\"description\":\"Digital guide systems for visually impaired athletes\",\"publisher\":{\"@id\":\"https:\\\/\\\/nordic-evolution.com\\\/#organization\"},\"alternateName\":\"Nordic Evolution\",\"potentialAction\":[{\"@type\":\"SearchAction\",\"target\":{\"@type\":\"EntryPoint\",\"urlTemplate\":\"https:\\\/\\\/nordic-evolution.com\\\/?s={search_term_string}\"},\"query-input\":{\"@type\":\"PropertyValueSpecification\",\"valueRequired\":true,\"valueName\":\"search_term_string\"}}],\"inLanguage\":\"sv-SE\"},{\"@type\":\"Organization\",\"@id\":\"https:\\\/\\\/nordic-evolution.com\\\/#organization\",\"name\":\"Nordic Evolution\",\"url\":\"https:\\\/\\\/nordic-evolution.com\\\/\",\"logo\":{\"@type\":\"ImageObject\",\"inLanguage\":\"sv-SE\",\"@id\":\"https:\\\/\\\/nordic-evolution.com\\\/#\\\/schema\\\/logo\\\/image\\\/\",\"url\":\"https:\\\/\\\/nordic-evolution.com\\\/wp-content\\\/uploads\\\/2022\\\/03\\\/Nordic-Evolution-logo-2-gray-background.png\",\"contentUrl\":\"https:\\\/\\\/nordic-evolution.com\\\/wp-content\\\/uploads\\\/2022\\\/03\\\/Nordic-Evolution-logo-2-gray-background.png\",\"width\":800,\"height\":800,\"caption\":\"Nordic Evolution\"},\"image\":{\"@id\":\"https:\\\/\\\/nordic-evolution.com\\\/#\\\/schema\\\/logo\\\/image\\\/\"},\"sameAs\":[\"https:\\\/\\\/www.facebook.com\\\/NordicEvolution\",\"https:\\\/\\\/www.instagram.com\\\/nordicevolution\\\/\",\"https:\\\/\\\/www.linkedin.com\\\/company\\\/nordic-evolution\\\/\"]}]}<\/script>\n<!-- \/ Yoast SEO plugin. -->","yoast_head_json":{"title":"Simning med digital v\u00e4gledning - Nordic Evolution - Digitala v\u00e4gledningssystem","robots":{"index":"index","follow":"follow","max-snippet":"max-snippet:-1","max-image-preview":"max-image-preview:large","max-video-preview":"max-video-preview:-1"},"canonical":"https:\/\/nordic-evolution.com\/sv\/swimming-with-digital-guidance\/","og_locale":"sv_SE","og_type":"article","og_title":"Swimming with digital guidance - Nordic Evolution - Digital guide systems","og_description":"Swimming With our digital guides Swim on your own! Have you ever dreamed of swimming alone in a lake even though you are blind? With our digital guide, you can swim on your own, but we always recommend that someone is there to supervise any uncertainty. In the video you see triathlete Per-Einar trying out [&hellip;]","og_url":"https:\/\/nordic-evolution.com\/sv\/swimming-with-digital-guidance\/","og_site_name":"Nordic Evolution - Digital guide systems","article_publisher":"https:\/\/www.facebook.com\/NordicEvolution","article_modified_time":"2023-10-25T18:06:22+00:00","twitter_card":"summary_large_image","twitter_misc":{"Ber\u00e4knad l\u00e4stid":"1 minut"},"schema":{"@context":"https:\/\/schema.org","@graph":[{"@type":"WebPage","@id":"https:\/\/nordic-evolution.com\/swimming-with-digital-guidance\/","url":"https:\/\/nordic-evolution.com\/swimming-with-digital-guidance\/","name":"Simning med digital v\u00e4gledning - Nordic Evolution - Digitala v\u00e4gledningssystem","isPartOf":{"@id":"https:\/\/nordic-evolution.com\/#website"},"datePublished":"2023-10-21T07:59:15+00:00","dateModified":"2023-10-25T18:06:22+00:00","breadcrumb":{"@id":"https:\/\/nordic-evolution.com\/swimming-with-digital-guidance\/#breadcrumb"},"inLanguage":"sv-SE","potentialAction":[{"@type":"ReadAction","target":["https:\/\/nordic-evolution.com\/swimming-with-digital-guidance\/"]}]},{"@type":"BreadcrumbList","@id":"https:\/\/nordic-evolution.com\/swimming-with-digital-guidance\/#breadcrumb","itemListElement":[{"@type":"ListItem","position":1,"name":"Home","item":"https:\/\/nordic-evolution.com\/"},{"@type":"ListItem","position":2,"name":"Swimming with digital guidance"}]},{"@type":"WebSite","@id":"https:\/\/nordic-evolution.com\/#website","url":"https:\/\/nordic-evolution.com\/","name":"Ljudstyrningssystem f\u00f6r synskadade idrottare","description":"Digitala guidesystem f\u00f6r synskadade idrottare","publisher":{"@id":"https:\/\/nordic-evolution.com\/#organization"},"alternateName":"Nordic Evolution","potentialAction":[{"@type":"SearchAction","target":{"@type":"EntryPoint","urlTemplate":"https:\/\/nordic-evolution.com\/?s={search_term_string}"},"query-input":{"@type":"PropertyValueSpecification","valueRequired":true,"valueName":"search_term_string"}}],"inLanguage":"sv-SE"},{"@type":"Organization","@id":"https:\/\/nordic-evolution.com\/#organization","name":"Nordic Evolution","url":"https:\/\/nordic-evolution.com\/","logo":{"@type":"ImageObject","inLanguage":"sv-SE","@id":"https:\/\/nordic-evolution.com\/#\/schema\/logo\/image\/","url":"https:\/\/nordic-evolution.com\/wp-content\/uploads\/2022\/03\/Nordic-Evolution-logo-2-gray-background.png","contentUrl":"https:\/\/nordic-evolution.com\/wp-content\/uploads\/2022\/03\/Nordic-Evolution-logo-2-gray-background.png","width":800,"height":800,"caption":"Nordic Evolution"},"image":{"@id":"https:\/\/nordic-evolution.com\/#\/schema\/logo\/image\/"},"sameAs":["https:\/\/www.facebook.com\/NordicEvolution","https:\/\/www.instagram.com\/nordicevolution\/","https:\/\/www.linkedin.com\/company\/nordic-evolution\/"]}]}},"_links":{"self":[{"href":"https:\/\/nordic-evolution.com\/sv\/wp-json\/wp\/v2\/pages\/17033","targetHints":{"allow":["GET"]}}],"collection":[{"href":"https:\/\/nordic-evolution.com\/sv\/wp-json\/wp\/v2\/pages"}],"about":[{"href":"https:\/\/nordic-evolution.com\/sv\/wp-json\/wp\/v2\/types\/page"}],"author":[{"embeddable":true,"href":"https:\/\/nordic-evolution.com\/sv\/wp-json\/wp\/v2\/users\/1"}],"replies":[{"embeddable":true,"href":"https:\/\/nordic-evolution.com\/sv\/wp-json\/wp\/v2\/comments?post=17033"}],"version-history":[{"count":28,"href":"https:\/\/nordic-evolution.com\/sv\/wp-json\/wp\/v2\/pages\/17033\/revisions"}],"predecessor-version":[{"id":17138,"href":"https:\/\/nordic-evolution.com\/sv\/wp-json\/wp\/v2\/pages\/17033\/revisions\/17138"}],"wp:attachment":[{"href":"https:\/\/nordic-evolution.com\/sv\/wp-json\/wp\/v2\/media?parent=17033"}],"curies":[{"name":"wp","href":"https:\/\/api.w.org\/{rel}","templated":true}]}}